{"id":4303,"date":"2023-02-19T16:04:39","date_gmt":"2023-02-19T15:04:39","guid":{"rendered":"https:\/\/gabipavanello.ch\/wordpress\/?page_id=4303"},"modified":"2025-12-03T19:34:02","modified_gmt":"2025-12-03T18:34:02","slug":"erfolge","status":"publish","type":"page","link":"https:\/\/gabipavanello.ch\/wordpress\/erfolge\/","title":{"rendered":"Erfolge"},"content":{"rendered":"\t\t<div data-elementor-type=\"wp-page\" data-elementor-id=\"4303\" class=\"elementor elementor-4303\" data-elementor-post-type=\"page\">\n\t\t\t\t<div class=\"elementor-element elementor-element-8b64856 e-flex e-con-boxed e-con e-parent\" data-id=\"8b64856\" data-element_type=\"container\" data-e-type=\"container\">\n\t\t\t\t\t<div class=\"e-con-inner\">\n\t\t\t\t<div class=\"elementor-element elementor-element-4c5ebd0 elementor-widget elementor-widget-heading\" data-id=\"4c5ebd0\" data-element_type=\"widget\" data-e-type=\"widget\" data-widget_type=\"heading.default\">\n\t\t\t\t\t<h1 class=\"elementor-heading-title elementor-size-default\">Erfolge<\/h1>\t\t\t\t<\/div>\n\t\t\t\t\t<\/div>\n\t\t\t\t<\/div>\n\t\t\t\t<section class=\"elementor-section elementor-top-section elementor-element elementor-element-cb8e0d3 elementor-section-full_width elementor-section-height-default elementor-section-height-default\" data-id=\"cb8e0d3\" data-element_type=\"section\" data-e-type=\"section\">\n\t\t\t\t\t\t<div class=\"elementor-container elementor-column-gap-default\">\n\t\t\t\t\t<div class=\"elementor-column elementor-col-100 elementor-top-column elementor-element elementor-element-bbb38de\" data-id=\"bbb38de\" data-element_type=\"column\" data-e-type=\"column\">\n\t\t\t<div class=\"elementor-widget-wrap elementor-element-populated\">\n\t\t\t\t\t\t<div class=\"elementor-element elementor-element-6f641b6 elementor-widget-divider--view-line elementor-widget elementor-widget-divider\" data-id=\"6f641b6\" data-element_type=\"widget\" data-e-type=\"widget\" data-widget_type=\"divider.default\">\n\t\t\t\t\t\t\t<div class=\"elementor-divider\">\n\t\t\t<span class=\"elementor-divider-separator\">\n\t\t\t\t\t\t<\/span>\n\t\t<\/div>\n\t\t\t\t\t\t<\/div>\n\t\t\t\t\t<\/div>\n\t\t<\/div>\n\t\t\t\t\t<\/div>\n\t\t<\/section>\n\t\t\t\t<section class=\"elementor-section elementor-top-section elementor-element elementor-element-55aedd9 elementor-section-boxed elementor-section-height-default elementor-section-height-default\" data-id=\"55aedd9\" data-element_type=\"section\" data-e-type=\"section\">\n\t\t\t\t\t\t<div class=\"elementor-container elementor-column-gap-default\">\n\t\t\t\t\t<div class=\"elementor-column elementor-col-50 elementor-top-column elementor-element elementor-element-07fafc2\" data-id=\"07fafc2\" data-element_type=\"column\" data-e-type=\"column\">\n\t\t\t<div class=\"elementor-widget-wrap elementor-element-populated\">\n\t\t\t\t\t\t<div class=\"elementor-element elementor-element-91d7178 elementor-widget elementor-widget-heading\" data-id=\"91d7178\" data-element_type=\"widget\" data-e-type=\"widget\" data-widget_type=\"heading.default\">\n\t\t\t\t\t<h2 class=\"elementor-heading-title elementor-size-default\">\u00d6VF FOTOobjektiv FOTOSALON<\/h2>\t\t\t\t<\/div>\n\t\t\t\t<div class=\"elementor-element elementor-element-83d0c82 elementor-widget elementor-widget-text-editor\" data-id=\"83d0c82\" data-element_type=\"widget\" data-e-type=\"widget\" data-widget_type=\"text-editor.default\">\n\t\t\t\t\t\t\t\t\t<h5>Beim Wettbewerb\u00a0<span style=\"background-color: var(--base-3); color: var(--contrast);\">\u00ab<\/span><span style=\"background-color: var(--base-3); color: var(--contrast);\">FOTOobjektiv FOTOSALON<\/span><span style=\"background-color: var(--base-3); color: var(--contrast);\">\u00bb<\/span><span style=\"background-color: var(--base-3); color: var(--contrast);\">\u00a0des \u00d6sterreichischen Verbands der Fotografie (\u00d6VF) habe ich im Mai 2023 mit 28 von 30 Punkten den 4. Platz erreicht. \u00dcber die sch\u00f6ne Urkunde daf\u00fcr habe ich mich sehr gefreut.\u00a0<\/span><\/h5>\t\t\t\t\t\t\t\t<\/div>\n\t\t\t\t\t<\/div>\n\t\t<\/div>\n\t\t\t\t<div class=\"elementor-column elementor-col-50 elementor-top-column elementor-element elementor-element-fc5d1bd\" data-id=\"fc5d1bd\" data-element_type=\"column\" data-e-type=\"column\">\n\t\t\t<div class=\"elementor-widget-wrap elementor-element-populated\">\n\t\t\t\t\t\t<div class=\"elementor-element elementor-element-e29d693 elementor-widget elementor-widget-image\" data-id=\"e29d693\" data-element_type=\"widget\" data-e-type=\"widget\" data-widget_type=\"image.default\">\n\t\t\t\t\t\t\t\t\t\t\t\t\t\t\t<img decoding=\"async\" src=\"https:\/\/gabipavanello.ch\/wordpress\/wp-content\/uploads\/elementor\/thumbs\/OePV-Diplom-2-scaled-qb57d4vkx30ts71ye8ts703407cjsgrktlzszk8n2u.jpg\" title=\"\" alt=\"\" loading=\"lazy\" \/>\t\t\t\t\t\t\t\t\t\t\t\t\t\t\t<\/div>\n\t\t\t\t\t<\/div>\n\t\t<\/div>\n\t\t\t\t\t<\/div>\n\t\t<\/section>\n\t\t\t\t<section class=\"elementor-section elementor-top-section elementor-element elementor-element-f0de677 elementor-section-full_width elementor-section-height-default elementor-section-height-default\" data-id=\"f0de677\" data-element_type=\"section\" data-e-type=\"section\">\n\t\t\t\t\t\t<div class=\"elementor-container elementor-column-gap-default\">\n\t\t\t\t\t<div class=\"elementor-column elementor-col-100 elementor-top-column elementor-element elementor-element-69767e5\" data-id=\"69767e5\" data-element_type=\"column\" data-e-type=\"column\">\n\t\t\t<div class=\"elementor-widget-wrap elementor-element-populated\">\n\t\t\t\t\t\t<div class=\"elementor-element elementor-element-305d624 elementor-widget-divider--view-line elementor-widget elementor-widget-divider\" data-id=\"305d624\" data-element_type=\"widget\" data-e-type=\"widget\" data-widget_type=\"divider.default\">\n\t\t\t\t\t\t\t<div class=\"elementor-divider\">\n\t\t\t<span class=\"elementor-divider-separator\">\n\t\t\t\t\t\t<\/span>\n\t\t<\/div>\n\t\t\t\t\t\t<\/div>\n\t\t\t\t\t<\/div>\n\t\t<\/div>\n\t\t\t\t\t<\/div>\n\t\t<\/section>\n\t\t<div class=\"elementor-element elementor-element-280dc29 e-flex e-con-boxed e-con e-parent\" data-id=\"280dc29\" data-element_type=\"container\" data-e-type=\"container\">\n\t\t\t\t\t<div class=\"e-con-inner\">\n\t\t<div class=\"elementor-element elementor-element-a85598f e-con-full e-flex e-con e-child\" data-id=\"a85598f\" data-element_type=\"container\" data-e-type=\"container\">\n\t\t\t\t<div class=\"elementor-element elementor-element-f67052e elementor-widget elementor-widget-heading\" data-id=\"f67052e\" data-element_type=\"widget\" data-e-type=\"widget\" data-widget_type=\"heading.default\">\n\t\t\t\t\t<h2 class=\"elementor-heading-title elementor-size-default\">CAS Fotografie<\/h2>\t\t\t\t<\/div>\n\t\t\t\t<div class=\"elementor-element elementor-element-d555871 elementor-widget elementor-widget-text-editor\" data-id=\"d555871\" data-element_type=\"widget\" data-e-type=\"widget\" data-widget_type=\"text-editor.default\">\n\t\t\t\t\t\t\t\t\t<h5>Am 17. Dezember 2022 habe ich meine Ausbildung zur Fotografin in Basel mit einem Certificate of Advances Studies in Kooperation mit der Z\u00fcrcher Hochschule der K\u00fcnste (ZHdK)\u00a0 erfolgreich abgeschlossen und mit dem Pr\u00e4dikat &#8220;ausgezeichnet&#8221; bestanden.\u00a0<\/h5>\t\t\t\t\t\t\t\t<\/div>\n\t\t\t\t<\/div>\n\t\t<div class=\"elementor-element elementor-element-8abf095 e-con-full e-flex e-con e-child\" data-id=\"8abf095\" data-element_type=\"container\" data-e-type=\"container\">\n\t\t\t\t<div class=\"elementor-element elementor-element-d7c40b1 elementor-widget elementor-widget-image\" data-id=\"d7c40b1\" data-element_type=\"widget\" data-e-type=\"widget\" data-widget_type=\"image.default\">\n\t\t\t\t\t\t\t\t\t\t\t\t\t\t\t<img fetchpriority=\"high\" decoding=\"async\" width=\"2048\" height=\"1366\" src=\"https:\/\/gabipavanello.ch\/wordpress\/wp-content\/uploads\/2023\/02\/C2A2601-Bearbeitet-2.jpg\" class=\"attachment-full size-full wp-image-4306\" alt=\"\" srcset=\"https:\/\/gabipavanello.ch\/wordpress\/wp-content\/uploads\/2023\/02\/C2A2601-Bearbeitet-2.jpg 2048w, https:\/\/gabipavanello.ch\/wordpress\/wp-content\/uploads\/2023\/02\/C2A2601-Bearbeitet-2-300x200.jpg 300w, https:\/\/gabipavanello.ch\/wordpress\/wp-content\/uploads\/2023\/02\/C2A2601-Bearbeitet-2-1024x683.jpg 1024w, https:\/\/gabipavanello.ch\/wordpress\/wp-content\/uploads\/2023\/02\/C2A2601-Bearbeitet-2-768x512.jpg 768w, https:\/\/gabipavanello.ch\/wordpress\/wp-content\/uploads\/2023\/02\/C2A2601-Bearbeitet-2-1536x1025.jpg 1536w\" sizes=\"(max-width: 2048px) 100vw, 2048px\" \/>\t\t\t\t\t\t\t\t\t\t\t\t\t\t\t<\/div>\n\t\t\t\t<\/div>\n\t\t\t\t\t<\/div>\n\t\t\t\t<\/div>\n\t\t\t\t<section class=\"elementor-section elementor-top-section elementor-element elementor-element-6635a6d elementor-section-full_width elementor-section-height-default elementor-section-height-default\" data-id=\"6635a6d\" data-element_type=\"section\" data-e-type=\"section\">\n\t\t\t\t\t\t<div class=\"elementor-container elementor-column-gap-default\">\n\t\t\t\t\t<div class=\"elementor-column elementor-col-100 elementor-top-column elementor-element elementor-element-42c8b43\" data-id=\"42c8b43\" data-element_type=\"column\" data-e-type=\"column\">\n\t\t\t<div class=\"elementor-widget-wrap elementor-element-populated\">\n\t\t\t\t\t\t<div class=\"elementor-element elementor-element-925044d elementor-widget-divider--view-line elementor-widget elementor-widget-divider\" data-id=\"925044d\" data-element_type=\"widget\" data-e-type=\"widget\" data-widget_type=\"divider.default\">\n\t\t\t\t\t\t\t<div class=\"elementor-divider\">\n\t\t\t<span class=\"elementor-divider-separator\">\n\t\t\t\t\t\t<\/span>\n\t\t<\/div>\n\t\t\t\t\t\t<\/div>\n\t\t\t\t\t<\/div>\n\t\t<\/div>\n\t\t\t\t\t<\/div>\n\t\t<\/section>\n\t\t<div class=\"elementor-element elementor-element-5d78dbd e-flex e-con-boxed e-con e-parent\" data-id=\"5d78dbd\" data-element_type=\"container\" data-e-type=\"container\">\n\t\t\t\t\t<div class=\"e-con-inner\">\n\t\t<div class=\"elementor-element elementor-element-8f0defc e-con-full e-flex e-con e-child\" data-id=\"8f0defc\" data-element_type=\"container\" data-e-type=\"container\">\n\t\t\t\t<div class=\"elementor-element elementor-element-fed7425 elementor-widget elementor-widget-heading\" data-id=\"fed7425\" data-element_type=\"widget\" data-e-type=\"widget\" data-widget_type=\"heading.default\">\n\t\t\t\t\t<h2 class=\"elementor-heading-title elementor-size-default\">PHOTO SUISSE 2022 <\/h2>\t\t\t\t<\/div>\n\t\t\t\t<div class=\"elementor-element elementor-element-976a45c elementor-widget elementor-widget-text-editor\" data-id=\"976a45c\" data-element_type=\"widget\" data-e-type=\"widget\" data-widget_type=\"text-editor.default\">\n\t\t\t\t\t\t\t\t\t<h5 style=\"text-align: left;\">Gewinn des Titels \u00abFarbfotografin des Jahres\u00bb beim j\u00e4hrlichen Wettbewerb von PHOTO SUISSE! Zusammen mit der Wertung f\u00fcr meine Schwarz-Weiss-Fotografien habe ich in der Einzelmeisterschaft \u00abBeste Allround-Fotografin\u00bb von \u00abPHOTO SUISSE 2022\u00bb zudem den 4. Platz erreicht.<\/h5>\t\t\t\t\t\t\t\t<\/div>\n\t\t\t\t<\/div>\n\t\t<div class=\"elementor-element elementor-element-85acefd e-con-full e-flex e-con e-child\" data-id=\"85acefd\" data-element_type=\"container\" data-e-type=\"container\">\n\t\t\t\t<div class=\"elementor-element elementor-element-b40b274 elementor-widget elementor-widget-image\" data-id=\"b40b274\" data-element_type=\"widget\" data-e-type=\"widget\" data-widget_type=\"image.default\">\n\t\t\t\t\t\t\t\t\t\t\t\t\t\t\t<img decoding=\"async\" width=\"1860\" height=\"2560\" src=\"https:\/\/gabipavanello.ch\/wordpress\/wp-content\/uploads\/2023\/08\/PhotoSuisse_Beste-Farbfotografin-scaled.jpg\" class=\"attachment-full size-full wp-image-4674\" alt=\"\" srcset=\"https:\/\/gabipavanello.ch\/wordpress\/wp-content\/uploads\/2023\/08\/PhotoSuisse_Beste-Farbfotografin-scaled.jpg 1860w, https:\/\/gabipavanello.ch\/wordpress\/wp-content\/uploads\/2023\/08\/PhotoSuisse_Beste-Farbfotografin-218x300.jpg 218w, https:\/\/gabipavanello.ch\/wordpress\/wp-content\/uploads\/2023\/08\/PhotoSuisse_Beste-Farbfotografin-744x1024.jpg 744w, https:\/\/gabipavanello.ch\/wordpress\/wp-content\/uploads\/2023\/08\/PhotoSuisse_Beste-Farbfotografin-768x1057.jpg 768w, https:\/\/gabipavanello.ch\/wordpress\/wp-content\/uploads\/2023\/08\/PhotoSuisse_Beste-Farbfotografin-1116x1536.jpg 1116w, https:\/\/gabipavanello.ch\/wordpress\/wp-content\/uploads\/2023\/08\/PhotoSuisse_Beste-Farbfotografin-1488x2048.jpg 1488w\" sizes=\"(max-width: 1860px) 100vw, 1860px\" \/>\t\t\t\t\t\t\t\t\t\t\t\t\t\t\t<\/div>\n\t\t\t\t<\/div>\n\t\t\t\t\t<\/div>\n\t\t\t\t<\/div>\n\t\t\t\t<section class=\"elementor-section elementor-top-section elementor-element elementor-element-ecdba88 elementor-section-full_width elementor-section-height-default elementor-section-height-default\" data-id=\"ecdba88\" data-element_type=\"section\" data-e-type=\"section\">\n\t\t\t\t\t\t<div class=\"elementor-container elementor-column-gap-default\">\n\t\t\t\t\t<div class=\"elementor-column elementor-col-100 elementor-top-column elementor-element elementor-element-dd65e1c\" data-id=\"dd65e1c\" data-element_type=\"column\" data-e-type=\"column\">\n\t\t\t<div class=\"elementor-widget-wrap elementor-element-populated\">\n\t\t\t\t\t\t<div class=\"elementor-element elementor-element-ac913c6 elementor-widget-divider--view-line elementor-widget elementor-widget-divider\" data-id=\"ac913c6\" data-element_type=\"widget\" data-e-type=\"widget\" data-widget_type=\"divider.default\">\n\t\t\t\t\t\t\t<div class=\"elementor-divider\">\n\t\t\t<span class=\"elementor-divider-separator\">\n\t\t\t\t\t\t<\/span>\n\t\t<\/div>\n\t\t\t\t\t\t<\/div>\n\t\t\t\t\t<\/div>\n\t\t<\/div>\n\t\t\t\t\t<\/div>\n\t\t<\/section>\n\t\t<div class=\"elementor-element elementor-element-4c4db6f e-flex e-con-boxed e-con e-parent\" data-id=\"4c4db6f\" data-element_type=\"container\" data-e-type=\"container\">\n\t\t\t\t\t<div class=\"e-con-inner\">\n\t\t<div class=\"elementor-element elementor-element-d491585 e-con-full e-flex e-con e-child\" data-id=\"d491585\" data-element_type=\"container\" data-e-type=\"container\">\n\t\t\t\t<div class=\"elementor-element elementor-element-4a6dabd elementor-widget elementor-widget-heading\" data-id=\"4a6dabd\" data-element_type=\"widget\" data-e-type=\"widget\" data-widget_type=\"heading.default\">\n\t\t\t\t\t<h2 class=\"elementor-heading-title elementor-size-default\"><a href=\"https:\/\/www.supercircuit.at\/Home\" target=\"_blank\" rel=\"noopener\">TRIERENBERG SUPER CIRCUIT 2022\n<\/a><\/h2>\t\t\t\t<\/div>\n\t\t\t\t<div class=\"elementor-element elementor-element-edeff87 elementor-widget elementor-widget-text-editor\" data-id=\"edeff87\" data-element_type=\"widget\" data-e-type=\"widget\" data-widget_type=\"text-editor.default\">\n\t\t\t\t\t\t\t\t\t<h5 data-start=\"234\" data-end=\"395\">F\u00fcr die letzte Ausgabe dieses renommierten internationalen Fotowettbewerbs habe ich acht meiner Bilder eingereicht.<br data-start=\"349\" data-end=\"352\" \/>Sechs davon wurden von der Jury angenommen.<\/h5><h5 data-start=\"397\" data-end=\"605\">Besonders freue ich mich dar\u00fcber, dass vier meiner Fotos sogar in den offiziellen B\u00fcchern ver\u00f6ffentlicht wurden \u2013 drei in der Luxury Edition XII und eines in der regul\u00e4ren Ausgabe des Wettbewerbskatalogs.<\/h5>\t\t\t\t\t\t\t\t<\/div>\n\t\t\t\t<\/div>\n\t\t<div class=\"elementor-element elementor-element-cd3b797 e-con-full e-flex e-con e-child\" data-id=\"cd3b797\" data-element_type=\"container\" data-e-type=\"container\">\n\t\t\t\t<div class=\"elementor-element elementor-element-99e6328 elementor-widget elementor-widget-text-editor\" data-id=\"99e6328\" data-element_type=\"widget\" data-e-type=\"widget\" data-widget_type=\"text-editor.default\">\n\t\t\t\t\t\t\t\t\t<p style=\"text-align: center;\"><em>THE WORLD&#8217;S LARGEST PHOTO ART CONTEST<\/em><\/p>\t\t\t\t\t\t\t\t<\/div>\n\t\t<div class=\"elementor-element elementor-element-53826ae e-con-full e-flex e-con e-child\" data-id=\"53826ae\" data-element_type=\"container\" data-e-type=\"container\">\n\t\t\t\t<div class=\"elementor-element elementor-element-b5eca25 elementor-widget elementor-widget-image\" data-id=\"b5eca25\" data-element_type=\"widget\" data-e-type=\"widget\" data-widget_type=\"image.default\">\n\t\t\t\t\t\t\t\t\t\t\t\t\t\t\t\t<a href=\"https:\/\/www.supercircuit.at\/Book-Shop\" target=\"_blank\" rel=\"noopener\">\n\t\t\t\t\t\t\t<img decoding=\"async\" width=\"724\" height=\"1024\" src=\"https:\/\/gabipavanello.ch\/wordpress\/wp-content\/uploads\/2023\/02\/Dokument_2023-02-26_102703-724x1024.jpg\" class=\"attachment-large size-large wp-image-4471\" alt=\"\" srcset=\"https:\/\/gabipavanello.ch\/wordpress\/wp-content\/uploads\/2023\/02\/Dokument_2023-02-26_102703-724x1024.jpg 724w, https:\/\/gabipavanello.ch\/wordpress\/wp-content\/uploads\/2023\/02\/Dokument_2023-02-26_102703-212x300.jpg 212w, https:\/\/gabipavanello.ch\/wordpress\/wp-content\/uploads\/2023\/02\/Dokument_2023-02-26_102703-768x1086.jpg 768w, https:\/\/gabipavanello.ch\/wordpress\/wp-content\/uploads\/2023\/02\/Dokument_2023-02-26_102703-1086x1536.jpg 1086w, https:\/\/gabipavanello.ch\/wordpress\/wp-content\/uploads\/2023\/02\/Dokument_2023-02-26_102703-1448x2048.jpg 1448w, https:\/\/gabipavanello.ch\/wordpress\/wp-content\/uploads\/2023\/02\/Dokument_2023-02-26_102703-scaled.jpg 1810w\" sizes=\"(max-width: 724px) 100vw, 724px\" \/>\t\t\t\t\t\t\t\t<\/a>\n\t\t\t\t\t\t\t\t\t\t\t\t\t\t\t<\/div>\n\t\t\t\t<div class=\"elementor-element elementor-element-e6ee4ff elementor-widget elementor-widget-image\" data-id=\"e6ee4ff\" data-element_type=\"widget\" data-e-type=\"widget\" data-widget_type=\"image.default\">\n\t\t\t\t\t\t\t\t\t\t\t\t\t\t\t\t<a href=\"https:\/\/www.supercircuit.at\/Home\" target=\"_blank\" rel=\"noopener\">\n\t\t\t\t\t\t\t<img loading=\"lazy\" decoding=\"async\" width=\"724\" height=\"1024\" src=\"https:\/\/gabipavanello.ch\/wordpress\/wp-content\/uploads\/2023\/02\/2023-02-26_102528-724x1024.jpg\" class=\"attachment-large size-large wp-image-4470\" alt=\"\" srcset=\"https:\/\/gabipavanello.ch\/wordpress\/wp-content\/uploads\/2023\/02\/2023-02-26_102528-724x1024.jpg 724w, https:\/\/gabipavanello.ch\/wordpress\/wp-content\/uploads\/2023\/02\/2023-02-26_102528-212x300.jpg 212w, https:\/\/gabipavanello.ch\/wordpress\/wp-content\/uploads\/2023\/02\/2023-02-26_102528-768x1086.jpg 768w, https:\/\/gabipavanello.ch\/wordpress\/wp-content\/uploads\/2023\/02\/2023-02-26_102528-1086x1536.jpg 1086w, https:\/\/gabipavanello.ch\/wordpress\/wp-content\/uploads\/2023\/02\/2023-02-26_102528-1448x2048.jpg 1448w, https:\/\/gabipavanello.ch\/wordpress\/wp-content\/uploads\/2023\/02\/2023-02-26_102528-scaled.jpg 1810w\" sizes=\"(max-width: 724px) 100vw, 724px\" \/>\t\t\t\t\t\t\t\t<\/a>\n\t\t\t\t\t\t\t\t\t\t\t\t\t\t\t<\/div>\n\t\t\t\t<\/div>\n\t\t\t\t<\/div>\n\t\t\t\t\t<\/div>\n\t\t\t\t<\/div>\n\t\t\t\t<section class=\"elementor-section elementor-top-section elementor-element elementor-element-4ec77b5 elementor-section-full_width elementor-section-height-default elementor-section-height-default\" data-id=\"4ec77b5\" data-element_type=\"section\" data-e-type=\"section\">\n\t\t\t\t\t\t<div class=\"elementor-container elementor-column-gap-default\">\n\t\t\t\t\t<div class=\"elementor-column elementor-col-100 elementor-top-column elementor-element elementor-element-20545a6\" data-id=\"20545a6\" data-element_type=\"column\" data-e-type=\"column\">\n\t\t\t<div class=\"elementor-widget-wrap elementor-element-populated\">\n\t\t\t\t\t\t<div class=\"elementor-element elementor-element-1ece365 elementor-widget elementor-widget-spacer\" data-id=\"1ece365\" data-element_type=\"widget\" data-e-type=\"widget\" data-widget_type=\"spacer.default\">\n\t\t\t\t\t\t\t<div class=\"elementor-spacer\">\n\t\t\t<div class=\"elementor-spacer-inner\"><\/div>\n\t\t<\/div>\n\t\t\t\t\t\t<\/div>\n\t\t\t\t\t<\/div>\n\t\t<\/div>\n\t\t\t\t\t<\/div>\n\t\t<\/section>\n\t\t\t\t<\/div>\n\t\t","protected":false},"excerpt":{"rendered":"<p>Erfolge \u00d6VF FOTOobjektiv FOTOSALON Beim Wettbewerb\u00a0\u00abFOTOobjektiv FOTOSALON\u00bb\u00a0des \u00d6sterreichischen Verbands der Fotografie (\u00d6VF) habe ich im Mai 2023 mit 28 von 30 Punkten den 4. Platz erreicht. \u00dcber die sch\u00f6ne Urkunde daf\u00fcr habe ich mich sehr gefreut.\u00a0 CAS Fotografie Am 17. Dezember 2022 habe ich meine Ausbildung zur Fotografin in Basel mit einem Certificate of Advances &#8230; <a title=\"Erfolge\" class=\"read-more\" href=\"https:\/\/gabipavanello.ch\/wordpress\/erfolge\/\" aria-label=\"Mehr Informationen \u00fcber Erfolge\">Weiterlesen<\/a><\/p>\n","protected":false},"author":1,"featured_media":0,"parent":0,"menu_order":0,"comment_status":"closed","ping_status":"closed","template":"","meta":{"footnotes":""},"class_list":["post-4303","page","type-page","status-publish"],"_links":{"self":[{"href":"https:\/\/gabipavanello.ch\/wordpress\/wp-json\/wp\/v2\/pages\/4303","targetHints":{"allow":["GET"]}}],"collection":[{"href":"https:\/\/gabipavanello.ch\/wordpress\/wp-json\/wp\/v2\/pages"}],"about":[{"href":"https:\/\/gabipavanello.ch\/wordpress\/wp-json\/wp\/v2\/types\/page"}],"author":[{"embeddable":true,"href":"https:\/\/gabipavanello.ch\/wordpress\/wp-json\/wp\/v2\/users\/1"}],"replies":[{"embeddable":true,"href":"https:\/\/gabipavanello.ch\/wordpress\/wp-json\/wp\/v2\/comments?post=4303"}],"version-history":[{"count":73,"href":"https:\/\/gabipavanello.ch\/wordpress\/wp-json\/wp\/v2\/pages\/4303\/revisions"}],"predecessor-version":[{"id":7336,"href":"https:\/\/gabipavanello.ch\/wordpress\/wp-json\/wp\/v2\/pages\/4303\/revisions\/7336"}],"wp:attachment":[{"href":"https:\/\/gabipavanello.ch\/wordpress\/wp-json\/wp\/v2\/media?parent=4303"}],"curies":[{"name":"wp","href":"https:\/\/api.w.org\/{rel}","templated":true}]}}