{"id":5553,"date":"2024-12-29T11:06:11","date_gmt":"2024-12-29T10:06:11","guid":{"rendered":"https:\/\/gabipavanello.ch\/wordpress\/?page_id=5553"},"modified":"2025-12-03T14:17:32","modified_gmt":"2025-12-03T13:17:32","slug":"deutscher-soldatenfriedhof-hohrod","status":"publish","type":"page","link":"https:\/\/gabipavanello.ch\/wordpress\/deutscher-soldatenfriedhof-hohrod\/","title":{"rendered":"Der deutsche Soldatenfriedhof Hohrod"},"content":{"rendered":"\t\t<div data-elementor-type=\"wp-page\" data-elementor-id=\"5553\" class=\"elementor elementor-5553\" data-elementor-post-type=\"page\">\n\t\t\t\t<div class=\"elementor-element elementor-element-0674ca6 e-con-full e-flex e-con e-parent\" data-id=\"0674ca6\" data-element_type=\"container\" data-e-type=\"container\">\n\t\t\t\t<div class=\"elementor-element elementor-element-db3eb7b elementor-widget elementor-widget-heading\" data-id=\"db3eb7b\" data-element_type=\"widget\" data-e-type=\"widget\" data-widget_type=\"heading.default\">\n\t\t\t\t\t<h2 class=\"elementor-heading-title elementor-size-default\">Deutscher Soldatenfriedhof Hohrod-B\u00e4renstall<\/h2>\t\t\t\t<\/div>\n\t\t\t\t<\/div>\n\t\t<div class=\"elementor-element elementor-element-9647513 e-con-full e-flex e-con e-parent\" data-id=\"9647513\" data-element_type=\"container\" data-e-type=\"container\">\n\t\t\t\t<div class=\"elementor-element elementor-element-e6c5569 elementor-widget-divider--view-line elementor-widget elementor-widget-divider\" data-id=\"e6c5569\" data-element_type=\"widget\" data-e-type=\"widget\" data-widget_type=\"divider.default\">\n\t\t\t\t\t\t\t<div class=\"elementor-divider\">\n\t\t\t<span class=\"elementor-divider-separator\">\n\t\t\t\t\t\t<\/span>\n\t\t<\/div>\n\t\t\t\t\t\t<\/div>\n\t\t\t\t<\/div>\n\t\t<div class=\"elementor-element elementor-element-6c00eaa e-flex e-con-boxed e-con e-parent\" data-id=\"6c00eaa\" data-element_type=\"container\" data-e-type=\"container\">\n\t\t\t\t\t<div class=\"e-con-inner\">\n\t\t\t\t<div class=\"elementor-element elementor-element-0a8d489 elementor-widget elementor-widget-text-editor\" data-id=\"0a8d489\" data-element_type=\"widget\" data-e-type=\"widget\" data-widget_type=\"text-editor.default\">\n\t\t\t\t\t\t\t\t\t<h5>Der <strong>Deutsche Soldatenfriedhof Hohrod<\/strong>, auch bekannt als <strong>Hohrod-B\u00e4renstall<\/strong>, liegt nahe dem Col du Linge im Elsass. Diese Gedenkst\u00e4tte ist die letzte Ruhest\u00e4tte f\u00fcr 2.460 deutsche Soldaten, die im Ersten Weltkrieg ihr Leben verloren. Der Friedhof wurde eingerichtet, um die Opfer der blutigen K\u00e4mpfe am T\u00eate des Faux und am Lingekopf zu ehren, die zu den intensivsten Auseinandersetzungen in den Vogesen z\u00e4hlten.<\/h5><hr \/><h5>\u00a0<\/h5><h5 style=\"text-align: center;\">Wichtige Merkmale<\/h5><ul><li><h5><strong>Anzahl der Gr\u00e4ber<\/strong>:<\/h5><ul><li><h5>Der Friedhof umfasst 1.518 Einzelgr\u00e4ber, von denen 40 Soldaten unbekannt sind.<\/h5><\/li><li><h5>Ein gemeinschaftliches Beinhaus beherbergt die \u00dcberreste von 942 Soldaten, darunter 519 unbekannte.<\/h5><\/li><li><h5>Die Gr\u00e4ber sind in vier geometrische Abschnitte unterteilt, die eine klare und w\u00fcrdige Struktur schaffen.<\/h5><\/li><\/ul><\/li><li><h5><strong>Besondere Gr\u00e4ber<\/strong>:<\/h5><ul><li><h5>Die Gr\u00e4ber von sechs gefallenen j\u00fcdischen Soldaten sind mit Naturstein-Stelen anstelle von Kreuzen gekennzeichnet, um den religi\u00f6sen Gepflogenheiten Rechnung zu tragen.<\/h5><\/li><\/ul><\/li><\/ul><hr \/><h5>\u00a0<\/h5><h5 style=\"text-align: center;\">Bedeutung und Symbolik<\/h5><h5>Der Deutsche Soldatenfriedhof Hohrod symbolisiert die Schrecken des Ersten Weltkriegs und die Opfer, die die K\u00e4mpfe in den Vogesen forderten. Er ist ein Mahnmal f\u00fcr die Verluste der deutschen Truppen und erinnert an die Sinnlosigkeit und das Leid des Krieges. Durch die Einbindung religi\u00f6ser Symbole, wie der Grabstelen f\u00fcr j\u00fcdische Soldaten, zeigt der Friedhof Respekt vor der kulturellen und religi\u00f6sen Vielfalt der Gefallenen. Der zentrale Standort in der N\u00e4he der historischen Kampfgebiete unterstreicht die historische und symbolische Bedeutung dieser St\u00e4tte.<\/h5><hr \/><h5>\u00a0<\/h5><h5 style=\"text-align: center;\">Landschaft und Architektur<\/h5><ul><li><h5><strong>Nat\u00fcrliche Lage<\/strong>:<\/h5><ul><li><h5>Der Friedhof liegt in der N\u00e4he des Col du Linge, einer Region, die im Ersten Weltkrieg f\u00fcr ihre strategische Bedeutung bekannt war. Die friedvolle Umgebung der Vogesen bietet einen starken Kontrast zu den damaligen grausamen K\u00e4mpfen.<\/h5><\/li><\/ul><\/li><li><h5><strong>Geometrische Gestaltung<\/strong>:<\/h5><ul><li><h5>Die Gr\u00e4ber sind in vier symmetrischen Abschnitten angeordnet, was die Struktur der Gedenkst\u00e4tte betont und eine w\u00fcrdevolle Atmosph\u00e4re schafft.<\/h5><\/li><\/ul><\/li><li><h5><strong>Zentrales Beinhaus<\/strong>:<\/h5><ul><li><h5>Das monumentale Beinhaus mit den sterblichen \u00dcberresten von 942 Soldaten steht im Mittelpunkt der Anlage und ist ein kraftvolles Symbol der Erinnerung an die unbekannten Opfer.<\/h5><\/li><\/ul><\/li><li><h5><strong>Harmonische Einbettung<\/strong>:<\/h5><ul><li><h5>Die Anlage f\u00fcgt sich durch ihre schlichte Gestaltung und die nat\u00fcrliche Umgebung harmonisch in die Landschaft ein und l\u00e4dt zur Besinnung und zum Gedenken ein.<\/h5><\/li><\/ul><\/li><\/ul>\t\t\t\t\t\t\t\t<\/div>\n\t\t\t\t\t<\/div>\n\t\t\t\t<\/div>\n\t\t<div class=\"elementor-element elementor-element-270fef4 e-con-full e-flex e-con e-parent\" data-id=\"270fef4\" data-element_type=\"container\" data-e-type=\"container\">\n\t\t\t\t<div class=\"elementor-element elementor-element-9054a45 elementor-widget elementor-widget-gallery\" data-id=\"9054a45\" data-element_type=\"widget\" data-e-type=\"widget\" data-settings=\"{&quot;gallery_layout&quot;:&quot;masonry&quot;,&quot;columns&quot;:3,&quot;gap&quot;:{&quot;unit&quot;:&quot;px&quot;,&quot;size&quot;:20,&quot;sizes&quot;:[]},&quot;lazyload&quot;:&quot;yes&quot;,&quot;columns_tablet&quot;:2,&quot;columns_mobile&quot;:1,&quot;gap_tablet&quot;:{&quot;unit&quot;:&quot;px&quot;,&quot;size&quot;:10,&quot;sizes&quot;:[]},&quot;gap_mobile&quot;:{&quot;unit&quot;:&quot;px&quot;,&quot;size&quot;:10,&quot;sizes&quot;:[]},&quot;link_to&quot;:&quot;file&quot;,&quot;overlay_background&quot;:&quot;yes&quot;,&quot;content_hover_animation&quot;:&quot;fade-in&quot;}\" data-widget_type=\"gallery.default\">\n\t\t\t\t\t\t\t<div class=\"elementor-gallery__container\">\n\t\t\t\t\t\t\t<a class=\"e-gallery-item elementor-gallery-item elementor-animated-content\" href=\"https:\/\/gabipavanello.ch\/wordpress\/wp-content\/uploads\/2024\/12\/c2a6278.jpg\" data-elementor-open-lightbox=\"yes\" data-elementor-lightbox-slideshow=\"9054a45\" data-e-action-hash=\"#elementor-action%3Aaction%3Dlightbox%26settings%3DeyJpZCI6NTcwMywidXJsIjoiaHR0cHM6XC9cL2dhYmlwYXZhbmVsbG8uY2hcL3dvcmRwcmVzc1wvd3AtY29udGVudFwvdXBsb2Fkc1wvMjAyNFwvMTJcL2MyYTYyNzguanBnIiwic2xpZGVzaG93IjoiOTA1NGE0NSJ9\">\n\t\t\t\t\t<div class=\"e-gallery-image elementor-gallery-item__image\" data-thumbnail=\"https:\/\/gabipavanello.ch\/wordpress\/wp-content\/uploads\/2024\/12\/c2a6278-1024x683.jpg\" data-width=\"1024\" data-height=\"683\" aria-label=\"\" role=\"img\" ><\/div>\n\t\t\t\t\t\t\t\t\t\t\t<div class=\"elementor-gallery-item__overlay\"><\/div>\n\t\t\t\t\t\t\t\t\t\t\t\t\t\t<\/a>\n\t\t\t\t\t\t\t<a class=\"e-gallery-item elementor-gallery-item elementor-animated-content\" href=\"https:\/\/gabipavanello.ch\/wordpress\/wp-content\/uploads\/2024\/12\/c2a6270.jpg\" data-elementor-open-lightbox=\"yes\" data-elementor-lightbox-slideshow=\"9054a45\" data-e-action-hash=\"#elementor-action%3Aaction%3Dlightbox%26settings%3DeyJpZCI6NTY5NSwidXJsIjoiaHR0cHM6XC9cL2dhYmlwYXZhbmVsbG8uY2hcL3dvcmRwcmVzc1wvd3AtY29udGVudFwvdXBsb2Fkc1wvMjAyNFwvMTJcL2MyYTYyNzAuanBnIiwic2xpZGVzaG93IjoiOTA1NGE0NSJ9\">\n\t\t\t\t\t<div class=\"e-gallery-image elementor-gallery-item__image\" data-thumbnail=\"https:\/\/gabipavanello.ch\/wordpress\/wp-content\/uploads\/2024\/12\/c2a6270-1024x683.jpg\" data-width=\"1024\" data-height=\"683\" aria-label=\"\" role=\"img\" ><\/div>\n\t\t\t\t\t\t\t\t\t\t\t<div class=\"elementor-gallery-item__overlay\"><\/div>\n\t\t\t\t\t\t\t\t\t\t\t\t\t\t<\/a>\n\t\t\t\t\t\t\t<a class=\"e-gallery-item elementor-gallery-item elementor-animated-content\" href=\"https:\/\/gabipavanello.ch\/wordpress\/wp-content\/uploads\/2024\/12\/c2a6283-1.jpg\" data-elementor-open-lightbox=\"yes\" data-elementor-lightbox-slideshow=\"9054a45\" data-e-action-hash=\"#elementor-action%3Aaction%3Dlightbox%26settings%3DeyJpZCI6NTcwNCwidXJsIjoiaHR0cHM6XC9cL2dhYmlwYXZhbmVsbG8uY2hcL3dvcmRwcmVzc1wvd3AtY29udGVudFwvdXBsb2Fkc1wvMjAyNFwvMTJcL2MyYTYyODMtMS5qcGciLCJzbGlkZXNob3ciOiI5MDU0YTQ1In0%3D\">\n\t\t\t\t\t<div class=\"e-gallery-image elementor-gallery-item__image\" data-thumbnail=\"https:\/\/gabipavanello.ch\/wordpress\/wp-content\/uploads\/2024\/12\/c2a6283-1-1024x683.jpg\" data-width=\"1024\" data-height=\"683\" aria-label=\"\" role=\"img\" ><\/div>\n\t\t\t\t\t\t\t\t\t\t\t<div class=\"elementor-gallery-item__overlay\"><\/div>\n\t\t\t\t\t\t\t\t\t\t\t\t\t\t<\/a>\n\t\t\t\t\t\t\t<a class=\"e-gallery-item elementor-gallery-item elementor-animated-content\" href=\"https:\/\/gabipavanello.ch\/wordpress\/wp-content\/uploads\/2024\/12\/c2a6272.jpg\" data-elementor-open-lightbox=\"yes\" data-elementor-lightbox-slideshow=\"9054a45\" data-e-action-hash=\"#elementor-action%3Aaction%3Dlightbox%26settings%3DeyJpZCI6NTY5NywidXJsIjoiaHR0cHM6XC9cL2dhYmlwYXZhbmVsbG8uY2hcL3dvcmRwcmVzc1wvd3AtY29udGVudFwvdXBsb2Fkc1wvMjAyNFwvMTJcL2MyYTYyNzIuanBnIiwic2xpZGVzaG93IjoiOTA1NGE0NSJ9\">\n\t\t\t\t\t<div class=\"e-gallery-image elementor-gallery-item__image\" data-thumbnail=\"https:\/\/gabipavanello.ch\/wordpress\/wp-content\/uploads\/2024\/12\/c2a6272-1024x683.jpg\" data-width=\"1024\" data-height=\"683\" aria-label=\"\" role=\"img\" ><\/div>\n\t\t\t\t\t\t\t\t\t\t\t<div class=\"elementor-gallery-item__overlay\"><\/div>\n\t\t\t\t\t\t\t\t\t\t\t\t\t\t<\/a>\n\t\t\t\t\t\t\t<a class=\"e-gallery-item elementor-gallery-item elementor-animated-content\" href=\"https:\/\/gabipavanello.ch\/wordpress\/wp-content\/uploads\/2024\/12\/c2a6267-bearbeitet.jpg\" data-elementor-open-lightbox=\"yes\" data-elementor-lightbox-slideshow=\"9054a45\" data-e-action-hash=\"#elementor-action%3Aaction%3Dlightbox%26settings%3DeyJpZCI6NTcxNSwidXJsIjoiaHR0cHM6XC9cL2dhYmlwYXZhbmVsbG8uY2hcL3dvcmRwcmVzc1wvd3AtY29udGVudFwvdXBsb2Fkc1wvMjAyNFwvMTJcL2MyYTYyNjctYmVhcmJlaXRldC5qcGciLCJzbGlkZXNob3ciOiI5MDU0YTQ1In0%3D\">\n\t\t\t\t\t<div class=\"e-gallery-image elementor-gallery-item__image\" data-thumbnail=\"https:\/\/gabipavanello.ch\/wordpress\/wp-content\/uploads\/2024\/12\/c2a6267-bearbeitet-1024x683.jpg\" data-width=\"1024\" data-height=\"683\" aria-label=\"\" role=\"img\" ><\/div>\n\t\t\t\t\t\t\t\t\t\t\t<div class=\"elementor-gallery-item__overlay\"><\/div>\n\t\t\t\t\t\t\t\t\t\t\t\t\t\t<\/a>\n\t\t\t\t\t\t\t<a class=\"e-gallery-item elementor-gallery-item elementor-animated-content\" href=\"https:\/\/gabipavanello.ch\/wordpress\/wp-content\/uploads\/2024\/12\/c2a6275.jpg\" data-elementor-open-lightbox=\"yes\" data-elementor-lightbox-slideshow=\"9054a45\" data-e-action-hash=\"#elementor-action%3Aaction%3Dlightbox%26settings%3DeyJpZCI6NTcwMCwidXJsIjoiaHR0cHM6XC9cL2dhYmlwYXZhbmVsbG8uY2hcL3dvcmRwcmVzc1wvd3AtY29udGVudFwvdXBsb2Fkc1wvMjAyNFwvMTJcL2MyYTYyNzUuanBnIiwic2xpZGVzaG93IjoiOTA1NGE0NSJ9\">\n\t\t\t\t\t<div class=\"e-gallery-image elementor-gallery-item__image\" data-thumbnail=\"https:\/\/gabipavanello.ch\/wordpress\/wp-content\/uploads\/2024\/12\/c2a6275-1024x683.jpg\" data-width=\"1024\" data-height=\"683\" aria-label=\"\" role=\"img\" ><\/div>\n\t\t\t\t\t\t\t\t\t\t\t<div class=\"elementor-gallery-item__overlay\"><\/div>\n\t\t\t\t\t\t\t\t\t\t\t\t\t\t<\/a>\n\t\t\t\t\t\t\t<a class=\"e-gallery-item elementor-gallery-item elementor-animated-content\" href=\"https:\/\/gabipavanello.ch\/wordpress\/wp-content\/uploads\/2024\/12\/c2a6271-1.jpg\" data-elementor-open-lightbox=\"yes\" data-elementor-lightbox-slideshow=\"9054a45\" data-e-action-hash=\"#elementor-action%3Aaction%3Dlightbox%26settings%3DeyJpZCI6NTY5NiwidXJsIjoiaHR0cHM6XC9cL2dhYmlwYXZhbmVsbG8uY2hcL3dvcmRwcmVzc1wvd3AtY29udGVudFwvdXBsb2Fkc1wvMjAyNFwvMTJcL2MyYTYyNzEtMS5qcGciLCJzbGlkZXNob3ciOiI5MDU0YTQ1In0%3D\">\n\t\t\t\t\t<div class=\"e-gallery-image elementor-gallery-item__image\" data-thumbnail=\"https:\/\/gabipavanello.ch\/wordpress\/wp-content\/uploads\/2024\/12\/c2a6271-1-1024x683.jpg\" data-width=\"1024\" data-height=\"683\" aria-label=\"\" role=\"img\" ><\/div>\n\t\t\t\t\t\t\t\t\t\t\t<div class=\"elementor-gallery-item__overlay\"><\/div>\n\t\t\t\t\t\t\t\t\t\t\t\t\t\t<\/a>\n\t\t\t\t\t\t\t<a class=\"e-gallery-item elementor-gallery-item elementor-animated-content\" href=\"https:\/\/gabipavanello.ch\/wordpress\/wp-content\/uploads\/2024\/12\/c2a6273.jpg\" data-elementor-open-lightbox=\"yes\" data-elementor-lightbox-slideshow=\"9054a45\" data-e-action-hash=\"#elementor-action%3Aaction%3Dlightbox%26settings%3DeyJpZCI6NTY5OCwidXJsIjoiaHR0cHM6XC9cL2dhYmlwYXZhbmVsbG8uY2hcL3dvcmRwcmVzc1wvd3AtY29udGVudFwvdXBsb2Fkc1wvMjAyNFwvMTJcL2MyYTYyNzMuanBnIiwic2xpZGVzaG93IjoiOTA1NGE0NSJ9\">\n\t\t\t\t\t<div class=\"e-gallery-image elementor-gallery-item__image\" data-thumbnail=\"https:\/\/gabipavanello.ch\/wordpress\/wp-content\/uploads\/2024\/12\/c2a6273-1024x683.jpg\" data-width=\"1024\" data-height=\"683\" aria-label=\"\" role=\"img\" ><\/div>\n\t\t\t\t\t\t\t\t\t\t\t<div class=\"elementor-gallery-item__overlay\"><\/div>\n\t\t\t\t\t\t\t\t\t\t\t\t\t\t<\/a>\n\t\t\t\t\t\t\t<a class=\"e-gallery-item elementor-gallery-item elementor-animated-content\" href=\"https:\/\/gabipavanello.ch\/wordpress\/wp-content\/uploads\/2024\/12\/c2a6277.jpg\" data-elementor-open-lightbox=\"yes\" data-elementor-lightbox-slideshow=\"9054a45\" data-e-action-hash=\"#elementor-action%3Aaction%3Dlightbox%26settings%3DeyJpZCI6NTcwMiwidXJsIjoiaHR0cHM6XC9cL2dhYmlwYXZhbmVsbG8uY2hcL3dvcmRwcmVzc1wvd3AtY29udGVudFwvdXBsb2Fkc1wvMjAyNFwvMTJcL2MyYTYyNzcuanBnIiwic2xpZGVzaG93IjoiOTA1NGE0NSJ9\">\n\t\t\t\t\t<div class=\"e-gallery-image elementor-gallery-item__image\" data-thumbnail=\"https:\/\/gabipavanello.ch\/wordpress\/wp-content\/uploads\/2024\/12\/c2a6277-1024x683.jpg\" data-width=\"1024\" data-height=\"683\" aria-label=\"\" role=\"img\" ><\/div>\n\t\t\t\t\t\t\t\t\t\t\t<div class=\"elementor-gallery-item__overlay\"><\/div>\n\t\t\t\t\t\t\t\t\t\t\t\t\t\t<\/a>\n\t\t\t\t\t<\/div>\n\t\t\t\t\t<\/div>\n\t\t\t\t<\/div>\n\t\t<div class=\"elementor-element elementor-element-8698899 e-grid e-con-full e-con e-parent\" data-id=\"8698899\" data-element_type=\"container\" data-e-type=\"container\">\n\t\t\t\t<div class=\"elementor-element elementor-element-1f3c0e0 elementor-align-center elementor-widget elementor-widget-button\" data-id=\"1f3c0e0\" data-element_type=\"widget\" data-e-type=\"widget\" data-widget_type=\"button.default\">\n\t\t\t\t\t\t\t\t\t\t<a class=\"elementor-button elementor-button-link elementor-size-sm\" href=\"https:\/\/gabipavanello.ch\/wordpress\/die-nationale-nekropole-von-sigolsheim\/\">\n\t\t\t\t\t\t<span class=\"elementor-button-content-wrapper\">\n\t\t\t\t\t\t\t\t\t<span class=\"elementor-button-text\">zur\u00fcck<\/span>\n\t\t\t\t\t<\/span>\n\t\t\t\t\t<\/a>\n\t\t\t\t\t\t\t\t<\/div>\n\t\t\t\t<div class=\"elementor-element elementor-element-9187816 elementor-align-center elementor-widget elementor-widget-button\" data-id=\"9187816\" data-element_type=\"widget\" data-e-type=\"widget\" data-widget_type=\"button.default\">\n\t\t\t\t\t\t\t\t\t\t<a class=\"elementor-button elementor-button-link elementor-size-sm\" href=\"https:\/\/gabipavanello.ch\/wordpress\/necropoles-nationales\/\">\n\t\t\t\t\t\t<span class=\"elementor-button-content-wrapper\">\n\t\t\t\t\t\t\t\t\t<span class=\"elementor-button-text\">\u00dcbersicht<\/span>\n\t\t\t\t\t<\/span>\n\t\t\t\t\t<\/a>\n\t\t\t\t\t\t\t\t<\/div>\n\t\t\t\t<div class=\"elementor-element elementor-element-918727c elementor-align-center elementor-widget elementor-widget-button\" data-id=\"918727c\" data-element_type=\"widget\" data-e-type=\"widget\" data-widget_type=\"button.default\">\n\t\t\t\t\t\t\t\t\t\t<a class=\"elementor-button elementor-button-link elementor-size-sm\" href=\"https:\/\/gabipavanello.ch\/wordpress\/die-nationale-nekropole-von-le-wettstein\/\">\n\t\t\t\t\t\t<span class=\"elementor-button-content-wrapper\">\n\t\t\t\t\t\t\t\t\t<span class=\"elementor-button-text\">weiter<\/span>\n\t\t\t\t\t<\/span>\n\t\t\t\t\t<\/a>\n\t\t\t\t\t\t\t\t<\/div>\n\t\t\t\t<\/div>\n\t\t\t\t<\/div>\n\t\t","protected":false},"excerpt":{"rendered":"<p>Deutscher Soldatenfriedhof Hohrod-B\u00e4renstall Der Deutsche Soldatenfriedhof Hohrod, auch bekannt als Hohrod-B\u00e4renstall, liegt nahe dem Col du Linge im Elsass. Diese Gedenkst\u00e4tte ist die letzte Ruhest\u00e4tte f\u00fcr 2.460 deutsche Soldaten, die im Ersten Weltkrieg ihr Leben verloren. Der Friedhof wurde eingerichtet, um die Opfer der blutigen K\u00e4mpfe am T\u00eate des Faux und am Lingekopf zu ehren, &#8230; <a title=\"Der deutsche Soldatenfriedhof Hohrod\" class=\"read-more\" href=\"https:\/\/gabipavanello.ch\/wordpress\/deutscher-soldatenfriedhof-hohrod\/\" aria-label=\"Mehr Informationen \u00fcber Der deutsche Soldatenfriedhof Hohrod\">Weiterlesen<\/a><\/p>\n","protected":false},"author":1,"featured_media":0,"parent":0,"menu_order":0,"comment_status":"closed","ping_status":"closed","template":"","meta":{"footnotes":""},"class_list":["post-5553","page","type-page","status-publish"],"_links":{"self":[{"href":"https:\/\/gabipavanello.ch\/wordpress\/wp-json\/wp\/v2\/pages\/5553","targetHints":{"allow":["GET"]}}],"collection":[{"href":"https:\/\/gabipavanello.ch\/wordpress\/wp-json\/wp\/v2\/pages"}],"about":[{"href":"https:\/\/gabipavanello.ch\/wordpress\/wp-json\/wp\/v2\/types\/page"}],"author":[{"embeddable":true,"href":"https:\/\/gabipavanello.ch\/wordpress\/wp-json\/wp\/v2\/users\/1"}],"replies":[{"embeddable":true,"href":"https:\/\/gabipavanello.ch\/wordpress\/wp-json\/wp\/v2\/comments?post=5553"}],"version-history":[{"count":63,"href":"https:\/\/gabipavanello.ch\/wordpress\/wp-json\/wp\/v2\/pages\/5553\/revisions"}],"predecessor-version":[{"id":7229,"href":"https:\/\/gabipavanello.ch\/wordpress\/wp-json\/wp\/v2\/pages\/5553\/revisions\/7229"}],"wp:attachment":[{"href":"https:\/\/gabipavanello.ch\/wordpress\/wp-json\/wp\/v2\/media?parent=5553"}],"curies":[{"name":"wp","href":"https:\/\/api.w.org\/{rel}","templated":true}]}}