{"id":5587,"date":"2024-12-29T12:24:04","date_gmt":"2024-12-29T11:24:04","guid":{"rendered":"https:\/\/gabipavanello.ch\/wordpress\/?page_id=5587"},"modified":"2025-12-03T14:18:17","modified_gmt":"2025-12-03T13:18:17","slug":"die-nationale-nekropole-von-le-wettstein","status":"publish","type":"page","link":"https:\/\/gabipavanello.ch\/wordpress\/die-nationale-nekropole-von-le-wettstein\/","title":{"rendered":"Die nationale Nekropole Le Wettstein"},"content":{"rendered":"\t\t<div data-elementor-type=\"wp-page\" data-elementor-id=\"5587\" class=\"elementor elementor-5587\" data-elementor-post-type=\"page\">\n\t\t\t\t<div class=\"elementor-element elementor-element-f7f1205 e-con-full e-flex e-con e-parent\" data-id=\"f7f1205\" data-element_type=\"container\" data-e-type=\"container\">\n\t\t\t\t<div class=\"elementor-element elementor-element-e4f56f1 elementor-widget elementor-widget-heading\" data-id=\"e4f56f1\" data-element_type=\"widget\" data-e-type=\"widget\" data-widget_type=\"heading.default\">\n\t\t\t\t\t<h2 class=\"elementor-heading-title elementor-size-default\">Die nationale Nekropole Le Wettstein<\/h2>\t\t\t\t<\/div>\n\t\t\t\t<\/div>\n\t\t<div class=\"elementor-element elementor-element-0f1a792 e-con-full e-flex e-con e-parent\" data-id=\"0f1a792\" data-element_type=\"container\" data-e-type=\"container\">\n\t\t\t\t<div class=\"elementor-element elementor-element-16c17cc elementor-widget-divider--view-line elementor-widget elementor-widget-divider\" data-id=\"16c17cc\" data-element_type=\"widget\" data-e-type=\"widget\" data-widget_type=\"divider.default\">\n\t\t\t\t\t\t\t<div class=\"elementor-divider\">\n\t\t\t<span class=\"elementor-divider-separator\">\n\t\t\t\t\t\t<\/span>\n\t\t<\/div>\n\t\t\t\t\t\t<\/div>\n\t\t\t\t<\/div>\n\t\t<div class=\"elementor-element elementor-element-09ace32 e-flex e-con-boxed e-con e-parent\" data-id=\"09ace32\" data-element_type=\"container\" data-e-type=\"container\">\n\t\t\t\t\t<div class=\"e-con-inner\">\n\t\t\t\t<div class=\"elementor-element elementor-element-756ad63 elementor-widget elementor-widget-text-editor\" data-id=\"756ad63\" data-element_type=\"widget\" data-e-type=\"widget\" data-widget_type=\"text-editor.default\">\n\t\t\t\t\t\t\t\t\t<h5>Die <strong>N\u00e9cropole nationale Le Wettstein<\/strong> wurde 1915 w\u00e4hrend der K\u00e4mpfe bei \u201eLe Linge\u201c als provisorischer Friedhof angelegt und dient heute als Gedenkst\u00e4tte f\u00fcr die Opfer des Ersten Weltkriegs. Der Friedhof wurde in mehreren Phasen zwischen 1919 und 1935 erweitert, um die \u00dcberreste von Soldaten zu sammeln, die auf provisorischen Friedh\u00f6fen in der Umgebung bestattet worden waren. Insgesamt ruhen hier 3.538 franz\u00f6sische Soldaten, darunter 1.337, die in zwei Beinh\u00e4usern beigesetzt wurden. Die Anlage ist ein Ort der Erinnerung an die grausamen K\u00e4mpfe im Elsass und symbolisiert das Streben nach Frieden.<\/h5><h5>\u00a0<\/h5><h5 style=\"text-align: center;\">Wichtige Merkmale<\/h5><ul><li><h5><strong>Anzahl der Gefallenen<\/strong>: Der Friedhof beherbergt die \u00dcberreste von 3.538 franz\u00f6sischen Soldaten, darunter 1.337, die in zwei Beinh\u00e4usern ruhen.<\/h5><\/li><li><h5><strong>Gedenkkreuz<\/strong>: 1939 wurde ein monumentales Gedenkkreuz mit der Aufschrift \u201ePAX\u201c (Frieden) eingeweiht. Es ersetzt das urspr\u00fcngliche Holzkreuz, das 1915 von Leutnant Boisson des 11. Bataillons der Alpinj\u00e4ger errichtet wurde.<\/h5><\/li><li><h5><strong>Bronzeskulptur<\/strong>: Am Sockel des Kreuzes befindet sich eine eindrucksvolle Bronzeskulptur, die einen sterbenden J\u00e4ger zeigt, der sein Gewehr fallen l\u00e4sst \u2013 ein ergreifendes Symbol f\u00fcr die Tragik des Krieges.<\/h5><\/li><\/ul><hr \/><h5>\u00a0<\/h5><h5 style=\"text-align: center;\">Bedeutung und Symbolik<\/h5><h5>Die <strong>N\u00e9cropole nationale Le Wettstein<\/strong> steht als eindringliches Mahnmal f\u00fcr die Schrecken und Verluste des Ersten Weltkriegs. Das Gedenkkreuz mit der Inschrift \u201ePAX\u201c verk\u00f6rpert den Wunsch nach Frieden, w\u00e4hrend die Bronzeskulptur am Sockel die menschliche Seite des Krieges betont \u2013 den Schmerz und das Opfer der Soldaten. Die Aufnahme der Gebeine in Beinh\u00e4user symbolisiert die Achtung vor den Gefallenen, auch wenn sie nicht mehr individuell bestattet werden konnten. Die Gedenkst\u00e4tte erinnert an die Schlachten im Elsass und die schwierige Nachkriegszeit, als provisorische Gr\u00e4ber zusammengef\u00fchrt wurden.<\/h5><hr \/><h5>\u00a0<\/h5><h5 style=\"text-align: center;\">Landschaft und Architektur<\/h5><ul><li><h5><strong>Lage<\/strong>: Der Friedhof liegt in der N\u00e4he der historischen Kampfzone \u201eLe Linge\u201c, einer Region, die w\u00e4hrend des Ersten Weltkriegs stark umk\u00e4mpft war.<\/h5><\/li><li><h5><strong>Gestaltung<\/strong>: Die Anlage ist strukturiert und w\u00fcrdevoll gestaltet. Die Einzelgr\u00e4ber und Beinh\u00e4user sind klar angeordnet und von einer friedvollen Atmosph\u00e4re umgeben.<\/h5><\/li><li><h5><strong>Gedenkkreuz und Skulptur<\/strong>: Das Kreuz und die Skulptur sind zentrale Elemente der Architektur und schaffen einen emotionalen Schwerpunkt der Gedenkst\u00e4tte.<\/h5><\/li><li><h5><strong>Nat\u00fcrliche Umgebung<\/strong>: Die Integration in die h\u00fcgelige Landschaft des Elsass betont die Harmonie zwischen Gedenken und Natur.<\/h5><\/li><\/ul><hr \/><h5>Die <strong>N\u00e9cropole nationale Le Wettstein<\/strong> ist ein bedeutender Ort des Erinnerns, der durch seine Geschichte, Symbolik und Gestaltung die Opfer des Ersten Weltkriegs w\u00fcrdigt. Sie mahnt an die Notwendigkeit von Frieden und dient als Ort der Besinnung f\u00fcr Besucher aus aller Welt.<\/h5>\t\t\t\t\t\t\t\t<\/div>\n\t\t\t\t\t<\/div>\n\t\t\t\t<\/div>\n\t\t<div class=\"elementor-element elementor-element-e671338 e-con-full e-flex e-con e-parent\" data-id=\"e671338\" data-element_type=\"container\" data-e-type=\"container\">\n\t\t\t\t<div class=\"elementor-element elementor-element-77c6239 elementor-widget elementor-widget-gallery\" data-id=\"77c6239\" data-element_type=\"widget\" data-e-type=\"widget\" data-settings=\"{&quot;gallery_layout&quot;:&quot;masonry&quot;,&quot;columns&quot;:3,&quot;gap&quot;:{&quot;unit&quot;:&quot;px&quot;,&quot;size&quot;:20,&quot;sizes&quot;:[]},&quot;lazyload&quot;:&quot;yes&quot;,&quot;columns_tablet&quot;:2,&quot;columns_mobile&quot;:1,&quot;gap_tablet&quot;:{&quot;unit&quot;:&quot;px&quot;,&quot;size&quot;:10,&quot;sizes&quot;:[]},&quot;gap_mobile&quot;:{&quot;unit&quot;:&quot;px&quot;,&quot;size&quot;:10,&quot;sizes&quot;:[]},&quot;link_to&quot;:&quot;file&quot;,&quot;overlay_background&quot;:&quot;yes&quot;,&quot;content_hover_animation&quot;:&quot;fade-in&quot;}\" data-widget_type=\"gallery.default\">\n\t\t\t\t\t\t\t<div class=\"elementor-gallery__container\">\n\t\t\t\t\t\t\t<a class=\"e-gallery-item elementor-gallery-item elementor-animated-content\" href=\"https:\/\/gabipavanello.ch\/wordpress\/wp-content\/uploads\/2024\/12\/c2a6286-1.jpg\" data-elementor-open-lightbox=\"yes\" data-elementor-lightbox-slideshow=\"77c6239\" data-e-action-hash=\"#elementor-action%3Aaction%3Dlightbox%26settings%3DeyJpZCI6NTcyMSwidXJsIjoiaHR0cHM6XC9cL2dhYmlwYXZhbmVsbG8uY2hcL3dvcmRwcmVzc1wvd3AtY29udGVudFwvdXBsb2Fkc1wvMjAyNFwvMTJcL2MyYTYyODYtMS5qcGciLCJzbGlkZXNob3ciOiI3N2M2MjM5In0%3D\">\n\t\t\t\t\t<div class=\"e-gallery-image elementor-gallery-item__image\" data-thumbnail=\"https:\/\/gabipavanello.ch\/wordpress\/wp-content\/uploads\/2024\/12\/c2a6286-1-1024x683.jpg\" data-width=\"1024\" data-height=\"683\" aria-label=\"\" role=\"img\" ><\/div>\n\t\t\t\t\t\t\t\t\t\t\t<div class=\"elementor-gallery-item__overlay\"><\/div>\n\t\t\t\t\t\t\t\t\t\t\t\t\t\t<\/a>\n\t\t\t\t\t\t\t<a class=\"e-gallery-item elementor-gallery-item elementor-animated-content\" href=\"https:\/\/gabipavanello.ch\/wordpress\/wp-content\/uploads\/2024\/12\/c2a6288.jpg\" data-elementor-open-lightbox=\"yes\" data-elementor-lightbox-slideshow=\"77c6239\" data-e-action-hash=\"#elementor-action%3Aaction%3Dlightbox%26settings%3DeyJpZCI6NTcyMywidXJsIjoiaHR0cHM6XC9cL2dhYmlwYXZhbmVsbG8uY2hcL3dvcmRwcmVzc1wvd3AtY29udGVudFwvdXBsb2Fkc1wvMjAyNFwvMTJcL2MyYTYyODguanBnIiwic2xpZGVzaG93IjoiNzdjNjIzOSJ9\">\n\t\t\t\t\t<div class=\"e-gallery-image elementor-gallery-item__image\" data-thumbnail=\"https:\/\/gabipavanello.ch\/wordpress\/wp-content\/uploads\/2024\/12\/c2a6288-683x1024.jpg\" data-width=\"683\" data-height=\"1024\" aria-label=\"\" role=\"img\" ><\/div>\n\t\t\t\t\t\t\t\t\t\t\t<div class=\"elementor-gallery-item__overlay\"><\/div>\n\t\t\t\t\t\t\t\t\t\t\t\t\t\t<\/a>\n\t\t\t\t\t\t\t<a class=\"e-gallery-item elementor-gallery-item elementor-animated-content\" href=\"https:\/\/gabipavanello.ch\/wordpress\/wp-content\/uploads\/2024\/12\/c2a6291.jpg\" data-elementor-open-lightbox=\"yes\" data-elementor-lightbox-slideshow=\"77c6239\" data-e-action-hash=\"#elementor-action%3Aaction%3Dlightbox%26settings%3DeyJpZCI6NTcyNiwidXJsIjoiaHR0cHM6XC9cL2dhYmlwYXZhbmVsbG8uY2hcL3dvcmRwcmVzc1wvd3AtY29udGVudFwvdXBsb2Fkc1wvMjAyNFwvMTJcL2MyYTYyOTEuanBnIiwic2xpZGVzaG93IjoiNzdjNjIzOSJ9\">\n\t\t\t\t\t<div class=\"e-gallery-image elementor-gallery-item__image\" data-thumbnail=\"https:\/\/gabipavanello.ch\/wordpress\/wp-content\/uploads\/2024\/12\/c2a6291-1024x683.jpg\" data-width=\"1024\" data-height=\"683\" aria-label=\"\" role=\"img\" ><\/div>\n\t\t\t\t\t\t\t\t\t\t\t<div class=\"elementor-gallery-item__overlay\"><\/div>\n\t\t\t\t\t\t\t\t\t\t\t\t\t\t<\/a>\n\t\t\t\t\t\t\t<a class=\"e-gallery-item elementor-gallery-item elementor-animated-content\" href=\"https:\/\/gabipavanello.ch\/wordpress\/wp-content\/uploads\/2024\/12\/c2a6290.jpg\" data-elementor-open-lightbox=\"yes\" data-elementor-lightbox-slideshow=\"77c6239\" data-e-action-hash=\"#elementor-action%3Aaction%3Dlightbox%26settings%3DeyJpZCI6NTcyNSwidXJsIjoiaHR0cHM6XC9cL2dhYmlwYXZhbmVsbG8uY2hcL3dvcmRwcmVzc1wvd3AtY29udGVudFwvdXBsb2Fkc1wvMjAyNFwvMTJcL2MyYTYyOTAuanBnIiwic2xpZGVzaG93IjoiNzdjNjIzOSJ9\">\n\t\t\t\t\t<div class=\"e-gallery-image elementor-gallery-item__image\" data-thumbnail=\"https:\/\/gabipavanello.ch\/wordpress\/wp-content\/uploads\/2024\/12\/c2a6290-1024x683.jpg\" data-width=\"1024\" data-height=\"683\" aria-label=\"\" role=\"img\" ><\/div>\n\t\t\t\t\t\t\t\t\t\t\t<div class=\"elementor-gallery-item__overlay\"><\/div>\n\t\t\t\t\t\t\t\t\t\t\t\t\t\t<\/a>\n\t\t\t\t\t\t\t<a class=\"e-gallery-item elementor-gallery-item elementor-animated-content\" href=\"https:\/\/gabipavanello.ch\/wordpress\/wp-content\/uploads\/2024\/12\/c2a6289.jpg\" data-elementor-open-lightbox=\"yes\" data-elementor-lightbox-slideshow=\"77c6239\" data-e-action-hash=\"#elementor-action%3Aaction%3Dlightbox%26settings%3DeyJpZCI6NTcyNCwidXJsIjoiaHR0cHM6XC9cL2dhYmlwYXZhbmVsbG8uY2hcL3dvcmRwcmVzc1wvd3AtY29udGVudFwvdXBsb2Fkc1wvMjAyNFwvMTJcL2MyYTYyODkuanBnIiwic2xpZGVzaG93IjoiNzdjNjIzOSJ9\">\n\t\t\t\t\t<div class=\"e-gallery-image elementor-gallery-item__image\" data-thumbnail=\"https:\/\/gabipavanello.ch\/wordpress\/wp-content\/uploads\/2024\/12\/c2a6289-1024x683.jpg\" data-width=\"1024\" data-height=\"683\" aria-label=\"\" role=\"img\" ><\/div>\n\t\t\t\t\t\t\t\t\t\t\t<div class=\"elementor-gallery-item__overlay\"><\/div>\n\t\t\t\t\t\t\t\t\t\t\t\t\t\t<\/a>\n\t\t\t\t\t\t\t<a class=\"e-gallery-item elementor-gallery-item elementor-animated-content\" href=\"https:\/\/gabipavanello.ch\/wordpress\/wp-content\/uploads\/2024\/12\/c2a6293.jpg\" data-elementor-open-lightbox=\"yes\" data-elementor-lightbox-slideshow=\"77c6239\" data-e-action-hash=\"#elementor-action%3Aaction%3Dlightbox%26settings%3DeyJpZCI6NTcyOCwidXJsIjoiaHR0cHM6XC9cL2dhYmlwYXZhbmVsbG8uY2hcL3dvcmRwcmVzc1wvd3AtY29udGVudFwvdXBsb2Fkc1wvMjAyNFwvMTJcL2MyYTYyOTMuanBnIiwic2xpZGVzaG93IjoiNzdjNjIzOSJ9\">\n\t\t\t\t\t<div class=\"e-gallery-image elementor-gallery-item__image\" data-thumbnail=\"https:\/\/gabipavanello.ch\/wordpress\/wp-content\/uploads\/2024\/12\/c2a6293-1024x683.jpg\" data-width=\"1024\" data-height=\"683\" aria-label=\"\" role=\"img\" ><\/div>\n\t\t\t\t\t\t\t\t\t\t\t<div class=\"elementor-gallery-item__overlay\"><\/div>\n\t\t\t\t\t\t\t\t\t\t\t\t\t\t<\/a>\n\t\t\t\t\t\t\t<a class=\"e-gallery-item elementor-gallery-item elementor-animated-content\" href=\"https:\/\/gabipavanello.ch\/wordpress\/wp-content\/uploads\/2024\/12\/c2a6294.jpg\" data-elementor-open-lightbox=\"yes\" data-elementor-lightbox-slideshow=\"77c6239\" data-e-action-hash=\"#elementor-action%3Aaction%3Dlightbox%26settings%3DeyJpZCI6NTcyOSwidXJsIjoiaHR0cHM6XC9cL2dhYmlwYXZhbmVsbG8uY2hcL3dvcmRwcmVzc1wvd3AtY29udGVudFwvdXBsb2Fkc1wvMjAyNFwvMTJcL2MyYTYyOTQuanBnIiwic2xpZGVzaG93IjoiNzdjNjIzOSJ9\">\n\t\t\t\t\t<div class=\"e-gallery-image elementor-gallery-item__image\" data-thumbnail=\"https:\/\/gabipavanello.ch\/wordpress\/wp-content\/uploads\/2024\/12\/c2a6294-1024x683.jpg\" data-width=\"1024\" data-height=\"683\" aria-label=\"\" role=\"img\" ><\/div>\n\t\t\t\t\t\t\t\t\t\t\t<div class=\"elementor-gallery-item__overlay\"><\/div>\n\t\t\t\t\t\t\t\t\t\t\t\t\t\t<\/a>\n\t\t\t\t\t\t\t<a class=\"e-gallery-item elementor-gallery-item elementor-animated-content\" href=\"https:\/\/gabipavanello.ch\/wordpress\/wp-content\/uploads\/2024\/12\/c2a6301.jpg\" data-elementor-open-lightbox=\"yes\" data-elementor-lightbox-slideshow=\"77c6239\" data-e-action-hash=\"#elementor-action%3Aaction%3Dlightbox%26settings%3DeyJpZCI6NTczNiwidXJsIjoiaHR0cHM6XC9cL2dhYmlwYXZhbmVsbG8uY2hcL3dvcmRwcmVzc1wvd3AtY29udGVudFwvdXBsb2Fkc1wvMjAyNFwvMTJcL2MyYTYzMDEuanBnIiwic2xpZGVzaG93IjoiNzdjNjIzOSJ9\">\n\t\t\t\t\t<div class=\"e-gallery-image elementor-gallery-item__image\" data-thumbnail=\"https:\/\/gabipavanello.ch\/wordpress\/wp-content\/uploads\/2024\/12\/c2a6301-683x1024.jpg\" data-width=\"683\" data-height=\"1024\" aria-label=\"\" role=\"img\" ><\/div>\n\t\t\t\t\t\t\t\t\t\t\t<div class=\"elementor-gallery-item__overlay\"><\/div>\n\t\t\t\t\t\t\t\t\t\t\t\t\t\t<\/a>\n\t\t\t\t\t\t\t<a class=\"e-gallery-item elementor-gallery-item elementor-animated-content\" href=\"https:\/\/gabipavanello.ch\/wordpress\/wp-content\/uploads\/2024\/12\/c2a6295.jpg\" data-elementor-open-lightbox=\"yes\" data-elementor-lightbox-slideshow=\"77c6239\" data-e-action-hash=\"#elementor-action%3Aaction%3Dlightbox%26settings%3DeyJpZCI6NTczMCwidXJsIjoiaHR0cHM6XC9cL2dhYmlwYXZhbmVsbG8uY2hcL3dvcmRwcmVzc1wvd3AtY29udGVudFwvdXBsb2Fkc1wvMjAyNFwvMTJcL2MyYTYyOTUuanBnIiwic2xpZGVzaG93IjoiNzdjNjIzOSJ9\">\n\t\t\t\t\t<div class=\"e-gallery-image elementor-gallery-item__image\" data-thumbnail=\"https:\/\/gabipavanello.ch\/wordpress\/wp-content\/uploads\/2024\/12\/c2a6295-1024x683.jpg\" data-width=\"1024\" data-height=\"683\" aria-label=\"\" role=\"img\" ><\/div>\n\t\t\t\t\t\t\t\t\t\t\t<div class=\"elementor-gallery-item__overlay\"><\/div>\n\t\t\t\t\t\t\t\t\t\t\t\t\t\t<\/a>\n\t\t\t\t\t\t\t<a class=\"e-gallery-item elementor-gallery-item elementor-animated-content\" href=\"https:\/\/gabipavanello.ch\/wordpress\/wp-content\/uploads\/2024\/12\/c2a6296.jpg\" data-elementor-open-lightbox=\"yes\" data-elementor-lightbox-slideshow=\"77c6239\" data-e-action-hash=\"#elementor-action%3Aaction%3Dlightbox%26settings%3DeyJpZCI6NTczMSwidXJsIjoiaHR0cHM6XC9cL2dhYmlwYXZhbmVsbG8uY2hcL3dvcmRwcmVzc1wvd3AtY29udGVudFwvdXBsb2Fkc1wvMjAyNFwvMTJcL2MyYTYyOTYuanBnIiwic2xpZGVzaG93IjoiNzdjNjIzOSJ9\">\n\t\t\t\t\t<div class=\"e-gallery-image elementor-gallery-item__image\" data-thumbnail=\"https:\/\/gabipavanello.ch\/wordpress\/wp-content\/uploads\/2024\/12\/c2a6296-1024x683.jpg\" data-width=\"1024\" data-height=\"683\" aria-label=\"\" role=\"img\" ><\/div>\n\t\t\t\t\t\t\t\t\t\t\t<div class=\"elementor-gallery-item__overlay\"><\/div>\n\t\t\t\t\t\t\t\t\t\t\t\t\t\t<\/a>\n\t\t\t\t\t\t\t<a class=\"e-gallery-item elementor-gallery-item elementor-animated-content\" href=\"https:\/\/gabipavanello.ch\/wordpress\/wp-content\/uploads\/2024\/12\/c2a6298.jpg\" data-elementor-open-lightbox=\"yes\" data-elementor-lightbox-slideshow=\"77c6239\" data-e-action-hash=\"#elementor-action%3Aaction%3Dlightbox%26settings%3DeyJpZCI6NTczMywidXJsIjoiaHR0cHM6XC9cL2dhYmlwYXZhbmVsbG8uY2hcL3dvcmRwcmVzc1wvd3AtY29udGVudFwvdXBsb2Fkc1wvMjAyNFwvMTJcL2MyYTYyOTguanBnIiwic2xpZGVzaG93IjoiNzdjNjIzOSJ9\">\n\t\t\t\t\t<div class=\"e-gallery-image elementor-gallery-item__image\" data-thumbnail=\"https:\/\/gabipavanello.ch\/wordpress\/wp-content\/uploads\/2024\/12\/c2a6298-1024x683.jpg\" data-width=\"1024\" data-height=\"683\" aria-label=\"\" role=\"img\" ><\/div>\n\t\t\t\t\t\t\t\t\t\t\t<div class=\"elementor-gallery-item__overlay\"><\/div>\n\t\t\t\t\t\t\t\t\t\t\t\t\t\t<\/a>\n\t\t\t\t\t\t\t<a class=\"e-gallery-item elementor-gallery-item elementor-animated-content\" href=\"https:\/\/gabipavanello.ch\/wordpress\/wp-content\/uploads\/2024\/12\/c2a6299.jpg\" data-elementor-open-lightbox=\"yes\" data-elementor-lightbox-slideshow=\"77c6239\" data-e-action-hash=\"#elementor-action%3Aaction%3Dlightbox%26settings%3DeyJpZCI6NTczNCwidXJsIjoiaHR0cHM6XC9cL2dhYmlwYXZhbmVsbG8uY2hcL3dvcmRwcmVzc1wvd3AtY29udGVudFwvdXBsb2Fkc1wvMjAyNFwvMTJcL2MyYTYyOTkuanBnIiwic2xpZGVzaG93IjoiNzdjNjIzOSJ9\">\n\t\t\t\t\t<div class=\"e-gallery-image elementor-gallery-item__image\" data-thumbnail=\"https:\/\/gabipavanello.ch\/wordpress\/wp-content\/uploads\/2024\/12\/c2a6299-1024x683.jpg\" data-width=\"1024\" data-height=\"683\" aria-label=\"\" role=\"img\" ><\/div>\n\t\t\t\t\t\t\t\t\t\t\t<div class=\"elementor-gallery-item__overlay\"><\/div>\n\t\t\t\t\t\t\t\t\t\t\t\t\t\t<\/a>\n\t\t\t\t\t\t\t<a class=\"e-gallery-item elementor-gallery-item elementor-animated-content\" href=\"https:\/\/gabipavanello.ch\/wordpress\/wp-content\/uploads\/2024\/12\/c2a6300.jpg\" data-elementor-open-lightbox=\"yes\" data-elementor-lightbox-slideshow=\"77c6239\" data-e-action-hash=\"#elementor-action%3Aaction%3Dlightbox%26settings%3DeyJpZCI6NTczNSwidXJsIjoiaHR0cHM6XC9cL2dhYmlwYXZhbmVsbG8uY2hcL3dvcmRwcmVzc1wvd3AtY29udGVudFwvdXBsb2Fkc1wvMjAyNFwvMTJcL2MyYTYzMDAuanBnIiwic2xpZGVzaG93IjoiNzdjNjIzOSJ9\">\n\t\t\t\t\t<div class=\"e-gallery-image elementor-gallery-item__image\" data-thumbnail=\"https:\/\/gabipavanello.ch\/wordpress\/wp-content\/uploads\/2024\/12\/c2a6300-1024x683.jpg\" data-width=\"1024\" data-height=\"683\" aria-label=\"\" role=\"img\" ><\/div>\n\t\t\t\t\t\t\t\t\t\t\t<div class=\"elementor-gallery-item__overlay\"><\/div>\n\t\t\t\t\t\t\t\t\t\t\t\t\t\t<\/a>\n\t\t\t\t\t\t\t<a class=\"e-gallery-item elementor-gallery-item elementor-animated-content\" href=\"https:\/\/gabipavanello.ch\/wordpress\/wp-content\/uploads\/2024\/12\/c2a6302.jpg\" data-elementor-open-lightbox=\"yes\" data-elementor-lightbox-slideshow=\"77c6239\" data-e-action-hash=\"#elementor-action%3Aaction%3Dlightbox%26settings%3DeyJpZCI6NTczNywidXJsIjoiaHR0cHM6XC9cL2dhYmlwYXZhbmVsbG8uY2hcL3dvcmRwcmVzc1wvd3AtY29udGVudFwvdXBsb2Fkc1wvMjAyNFwvMTJcL2MyYTYzMDIuanBnIiwic2xpZGVzaG93IjoiNzdjNjIzOSJ9\">\n\t\t\t\t\t<div class=\"e-gallery-image elementor-gallery-item__image\" data-thumbnail=\"https:\/\/gabipavanello.ch\/wordpress\/wp-content\/uploads\/2024\/12\/c2a6302-1024x683.jpg\" data-width=\"1024\" data-height=\"683\" aria-label=\"\" role=\"img\" ><\/div>\n\t\t\t\t\t\t\t\t\t\t\t<div class=\"elementor-gallery-item__overlay\"><\/div>\n\t\t\t\t\t\t\t\t\t\t\t\t\t\t<\/a>\n\t\t\t\t\t\t\t<a class=\"e-gallery-item elementor-gallery-item elementor-animated-content\" href=\"https:\/\/gabipavanello.ch\/wordpress\/wp-content\/uploads\/2024\/12\/c2a6303.jpg\" data-elementor-open-lightbox=\"yes\" data-elementor-lightbox-slideshow=\"77c6239\" data-e-action-hash=\"#elementor-action%3Aaction%3Dlightbox%26settings%3DeyJpZCI6NTczOCwidXJsIjoiaHR0cHM6XC9cL2dhYmlwYXZhbmVsbG8uY2hcL3dvcmRwcmVzc1wvd3AtY29udGVudFwvdXBsb2Fkc1wvMjAyNFwvMTJcL2MyYTYzMDMuanBnIiwic2xpZGVzaG93IjoiNzdjNjIzOSJ9\">\n\t\t\t\t\t<div class=\"e-gallery-image elementor-gallery-item__image\" data-thumbnail=\"https:\/\/gabipavanello.ch\/wordpress\/wp-content\/uploads\/2024\/12\/c2a6303-1024x683.jpg\" data-width=\"1024\" data-height=\"683\" aria-label=\"\" role=\"img\" ><\/div>\n\t\t\t\t\t\t\t\t\t\t\t<div class=\"elementor-gallery-item__overlay\"><\/div>\n\t\t\t\t\t\t\t\t\t\t\t\t\t\t<\/a>\n\t\t\t\t\t\t\t<a class=\"e-gallery-item elementor-gallery-item elementor-animated-content\" href=\"https:\/\/gabipavanello.ch\/wordpress\/wp-content\/uploads\/2024\/12\/c2a6304.jpg\" data-elementor-open-lightbox=\"yes\" data-elementor-lightbox-slideshow=\"77c6239\" data-e-action-hash=\"#elementor-action%3Aaction%3Dlightbox%26settings%3DeyJpZCI6NTczOSwidXJsIjoiaHR0cHM6XC9cL2dhYmlwYXZhbmVsbG8uY2hcL3dvcmRwcmVzc1wvd3AtY29udGVudFwvdXBsb2Fkc1wvMjAyNFwvMTJcL2MyYTYzMDQuanBnIiwic2xpZGVzaG93IjoiNzdjNjIzOSJ9\">\n\t\t\t\t\t<div class=\"e-gallery-image elementor-gallery-item__image\" data-thumbnail=\"https:\/\/gabipavanello.ch\/wordpress\/wp-content\/uploads\/2024\/12\/c2a6304-1024x683.jpg\" data-width=\"1024\" data-height=\"683\" aria-label=\"\" role=\"img\" ><\/div>\n\t\t\t\t\t\t\t\t\t\t\t<div class=\"elementor-gallery-item__overlay\"><\/div>\n\t\t\t\t\t\t\t\t\t\t\t\t\t\t<\/a>\n\t\t\t\t\t<\/div>\n\t\t\t\t\t<\/div>\n\t\t\t\t<\/div>\n\t\t<div class=\"elementor-element elementor-element-b04fcc5 e-grid e-con-full e-con e-parent\" data-id=\"b04fcc5\" data-element_type=\"container\" data-e-type=\"container\">\n\t\t\t\t<div class=\"elementor-element elementor-element-1c1011e elementor-align-center elementor-widget elementor-widget-button\" data-id=\"1c1011e\" data-element_type=\"widget\" data-e-type=\"widget\" data-widget_type=\"button.default\">\n\t\t\t\t\t\t\t\t\t\t<a class=\"elementor-button elementor-button-link elementor-size-sm\" href=\"https:\/\/gabipavanello.ch\/wordpress\/deutscher-soldatenfriedhof-hohrod\/\">\n\t\t\t\t\t\t<span class=\"elementor-button-content-wrapper\">\n\t\t\t\t\t\t\t\t\t<span class=\"elementor-button-text\">zur\u00fcck<\/span>\n\t\t\t\t\t<\/span>\n\t\t\t\t\t<\/a>\n\t\t\t\t\t\t\t\t<\/div>\n\t\t\t\t<div class=\"elementor-element elementor-element-fba76b3 elementor-align-center elementor-widget elementor-widget-button\" data-id=\"fba76b3\" data-element_type=\"widget\" data-e-type=\"widget\" data-widget_type=\"button.default\">\n\t\t\t\t\t\t\t\t\t\t<a class=\"elementor-button elementor-button-link elementor-size-sm\" href=\"https:\/\/gabipavanello.ch\/wordpress\/necropoles-nationales\/\">\n\t\t\t\t\t\t<span class=\"elementor-button-content-wrapper\">\n\t\t\t\t\t\t\t\t\t<span class=\"elementor-button-text\">\u00dcbersicht<\/span>\n\t\t\t\t\t<\/span>\n\t\t\t\t\t<\/a>\n\t\t\t\t\t\t\t\t<\/div>\n\t\t\t\t<div class=\"elementor-element elementor-element-9a304f5 elementor-align-center elementor-widget elementor-widget-button\" data-id=\"9a304f5\" data-element_type=\"widget\" data-e-type=\"widget\" data-widget_type=\"button.default\">\n\t\t\t\t\t\t\t\t\t\t<a class=\"elementor-button elementor-button-link elementor-size-sm\" href=\"https:\/\/gabipavanello.ch\/wordpress\/rumaenischer-militaerfriedhof\/\">\n\t\t\t\t\t\t<span class=\"elementor-button-content-wrapper\">\n\t\t\t\t\t\t\t\t\t<span class=\"elementor-button-text\">weiter<\/span>\n\t\t\t\t\t<\/span>\n\t\t\t\t\t<\/a>\n\t\t\t\t\t\t\t\t<\/div>\n\t\t\t\t<\/div>\n\t\t\t\t<\/div>\n\t\t","protected":false},"excerpt":{"rendered":"<p>Die nationale Nekropole Le Wettstein Die N\u00e9cropole nationale Le Wettstein wurde 1915 w\u00e4hrend der K\u00e4mpfe bei \u201eLe Linge\u201c als provisorischer Friedhof angelegt und dient heute als Gedenkst\u00e4tte f\u00fcr die Opfer des Ersten Weltkriegs. Der Friedhof wurde in mehreren Phasen zwischen 1919 und 1935 erweitert, um die \u00dcberreste von Soldaten zu sammeln, die auf provisorischen Friedh\u00f6fen &#8230; <a title=\"Die nationale Nekropole Le Wettstein\" class=\"read-more\" href=\"https:\/\/gabipavanello.ch\/wordpress\/die-nationale-nekropole-von-le-wettstein\/\" aria-label=\"Mehr Informationen \u00fcber Die nationale Nekropole Le Wettstein\">Weiterlesen<\/a><\/p>\n","protected":false},"author":1,"featured_media":0,"parent":0,"menu_order":0,"comment_status":"closed","ping_status":"closed","template":"","meta":{"footnotes":""},"class_list":["post-5587","page","type-page","status-publish"],"_links":{"self":[{"href":"https:\/\/gabipavanello.ch\/wordpress\/wp-json\/wp\/v2\/pages\/5587","targetHints":{"allow":["GET"]}}],"collection":[{"href":"https:\/\/gabipavanello.ch\/wordpress\/wp-json\/wp\/v2\/pages"}],"about":[{"href":"https:\/\/gabipavanello.ch\/wordpress\/wp-json\/wp\/v2\/types\/page"}],"author":[{"embeddable":true,"href":"https:\/\/gabipavanello.ch\/wordpress\/wp-json\/wp\/v2\/users\/1"}],"replies":[{"embeddable":true,"href":"https:\/\/gabipavanello.ch\/wordpress\/wp-json\/wp\/v2\/comments?post=5587"}],"version-history":[{"count":53,"href":"https:\/\/gabipavanello.ch\/wordpress\/wp-json\/wp\/v2\/pages\/5587\/revisions"}],"predecessor-version":[{"id":7232,"href":"https:\/\/gabipavanello.ch\/wordpress\/wp-json\/wp\/v2\/pages\/5587\/revisions\/7232"}],"wp:attachment":[{"href":"https:\/\/gabipavanello.ch\/wordpress\/wp-json\/wp\/v2\/media?parent=5587"}],"curies":[{"name":"wp","href":"https:\/\/api.w.org\/{rel}","templated":true}]}}