{"id":5589,"date":"2024-12-29T12:25:55","date_gmt":"2024-12-29T11:25:55","guid":{"rendered":"https:\/\/gabipavanello.ch\/wordpress\/?page_id=5589"},"modified":"2025-12-03T14:19:48","modified_gmt":"2025-12-03T13:19:48","slug":"rumaenischer-militaerfriedhof","status":"publish","type":"page","link":"https:\/\/gabipavanello.ch\/wordpress\/rumaenischer-militaerfriedhof\/","title":{"rendered":"Der rum\u00e4nische Milit\u00e4rfriedhof"},"content":{"rendered":"\t\t<div data-elementor-type=\"wp-page\" data-elementor-id=\"5589\" class=\"elementor elementor-5589\" data-elementor-post-type=\"page\">\n\t\t\t\t<div class=\"elementor-element elementor-element-075c5aa e-con-full e-flex e-con e-parent\" data-id=\"075c5aa\" data-element_type=\"container\" data-e-type=\"container\">\n\t\t\t\t<div class=\"elementor-element elementor-element-456ce2a elementor-widget elementor-widget-heading\" data-id=\"456ce2a\" data-element_type=\"widget\" data-e-type=\"widget\" data-widget_type=\"heading.default\">\n\t\t\t\t\t<h2 class=\"elementor-heading-title elementor-size-default\">Der rum\u00e4nische Milit\u00e4rfriedhof<\/h2>\t\t\t\t<\/div>\n\t\t\t\t<\/div>\n\t\t<div class=\"elementor-element elementor-element-def8444 e-con-full e-flex e-con e-parent\" data-id=\"def8444\" data-element_type=\"container\" data-e-type=\"container\">\n\t\t\t\t<div class=\"elementor-element elementor-element-3e2d244 elementor-widget-divider--view-line elementor-widget elementor-widget-divider\" data-id=\"3e2d244\" data-element_type=\"widget\" data-e-type=\"widget\" data-widget_type=\"divider.default\">\n\t\t\t\t\t\t\t<div class=\"elementor-divider\">\n\t\t\t<span class=\"elementor-divider-separator\">\n\t\t\t\t\t\t<\/span>\n\t\t<\/div>\n\t\t\t\t\t\t<\/div>\n\t\t\t\t<\/div>\n\t\t<div class=\"elementor-element elementor-element-a0d67e7 e-flex e-con-boxed e-con e-parent\" data-id=\"a0d67e7\" data-element_type=\"container\" data-e-type=\"container\">\n\t\t\t\t\t<div class=\"e-con-inner\">\n\t\t\t\t<div class=\"elementor-element elementor-element-5ebb7d5 elementor-widget elementor-widget-text-editor\" data-id=\"5ebb7d5\" data-element_type=\"widget\" data-e-type=\"widget\" data-widget_type=\"text-editor.default\">\n\t\t\t\t\t\t\t\t\t<h5>Der <strong>Rum\u00e4nische Milit\u00e4rfriedhof in Soultzmatt<\/strong> ist der gr\u00f6\u00dfte seiner Art in Frankreich und ein bedeutendes Mahnmal f\u00fcr die rum\u00e4nischen Soldaten, die w\u00e4hrend des Ersten Weltkriegs in Gefangenschaft starben. Der Friedhof beherbergt 553 Einzelgr\u00e4ber sowie zwei Sammelgr\u00e4ber mit insgesamt 125 Toten, die in der Nacht vom 27. auf den 28. Januar 1917 an extremer K\u00e4lte starben. Gelegen am Ort Gauchmatt, wurde das Grundst\u00fcck 1919 von der Gemeinde Soultzmatt den Rum\u00e4nen gestiftet. Die feierliche Einweihung fand 1924 durch K\u00f6nig Ferdinand von Rum\u00e4nien und K\u00f6nigin Marie statt.<\/h5><h5>\u00a0<\/h5><h5 style=\"text-align: center;\">Wichtige Merkmale<\/h5><ul><li><h5><strong>Anzahl der Gr\u00e4ber<\/strong>: Der Friedhof umfasst 553 Gr\u00e4ber, in denen insgesamt 678 rum\u00e4nische Gefangene bestattet sind.<\/h5><\/li><li><h5><strong>Sammelgr\u00e4ber<\/strong>: Zwei Sammelgr\u00e4ber enthalten die \u00dcberreste von 125 Gefangenen, die in der Nacht vom 27. auf den 28. Januar 1917 an den Folgen der extremen K\u00e4lte starben.<\/h5><\/li><li><h5><strong>Historische Stiftung<\/strong>: Das Grundst\u00fcck wurde 1919 von der Gemeinde Soultzmatt f\u00fcr die Errichtung des Friedhofs gespendet.<\/h5><\/li><li><h5><strong>Feierliche Einweihung<\/strong>: Der Friedhof wurde 1924 von K\u00f6nig Ferdinand von Rum\u00e4nien und K\u00f6nigin Marie eingeweiht, was seine Bedeutung als nationaler und internationaler Gedenkort unterstreicht.<\/h5><\/li><\/ul><hr \/><h5 style=\"text-align: center;\">Bedeutung und Symbolik<\/h5><h5>Der <strong>Rum\u00e4nische Milit\u00e4rfriedhof<\/strong> ist ein eindrucksvolles Symbol f\u00fcr die Opfer und das Leid rum\u00e4nischer Soldaten im Ersten Weltkrieg. Er erinnert an die Trag\u00f6die der Kriegsgefangenschaft und die unmenschlichen Bedingungen, unter denen viele ihr Leben verloren. Die Anwesenheit der rum\u00e4nischen K\u00f6nigsfamilie bei der Einweihung verdeutlicht die nationale Bedeutung des Friedhofs f\u00fcr Rum\u00e4nien. Gleichzeitig steht der Friedhof als Ausdruck von Dankbarkeit und Vers\u00f6hnung, da die franz\u00f6sische Gemeinde Soultzmatt das Land f\u00fcr diese Gedenkst\u00e4tte zur Verf\u00fcgung stellte.<\/h5><hr \/><h5 style=\"text-align: center;\">Landschaft und Architektur<\/h5><ul><li><h5><strong>Lage<\/strong>: Der Friedhof liegt in der idyllischen Umgebung von Gauchmatt, eingebettet in die sanften H\u00fcgel des Elsass, was eine friedvolle und stille Atmosph\u00e4re schafft.<\/h5><\/li><li><h5><strong>Gestaltung<\/strong>: Die Gr\u00e4ber sind geordnet angelegt, was die W\u00fcrde und den Respekt gegen\u00fcber den Verstorbenen betont. Die Sammelgr\u00e4ber sind klar gekennzeichnet und tragen zur geschichtlichen Authentizit\u00e4t der St\u00e4tte bei.<\/h5><\/li><li><h5><strong>Historische Elemente<\/strong>: Die Einweihung durch die rum\u00e4nische K\u00f6nigsfamilie und die Erinnerungstafeln verleihen dem Friedhof eine besondere historische und symbolische Tiefe.<\/h5><\/li><\/ul><hr \/><h5>Der <strong>Rum\u00e4nische Milit\u00e4rfriedhof<\/strong> in Soultzmatt ist nicht nur ein Ort des Gedenkens an die Opfer des Ersten Weltkriegs, sondern auch ein Zeichen internationaler Solidarit\u00e4t und Vers\u00f6hnung. Seine landschaftliche Lage und die geschichtliche Bedeutung machen ihn zu einem eindrucksvollen Mahnmal gegen Krieg und Gewalt.<\/h5>\t\t\t\t\t\t\t\t<\/div>\n\t\t\t\t\t<\/div>\n\t\t\t\t<\/div>\n\t\t<div class=\"elementor-element elementor-element-0b89632 e-con-full e-flex e-con e-parent\" data-id=\"0b89632\" data-element_type=\"container\" data-e-type=\"container\">\n\t\t\t\t<div class=\"elementor-element elementor-element-c55bf67 elementor-widget elementor-widget-gallery\" data-id=\"c55bf67\" data-element_type=\"widget\" data-e-type=\"widget\" data-settings=\"{&quot;gallery_layout&quot;:&quot;masonry&quot;,&quot;columns&quot;:2,&quot;gap&quot;:{&quot;unit&quot;:&quot;px&quot;,&quot;size&quot;:20,&quot;sizes&quot;:[]},&quot;lazyload&quot;:&quot;yes&quot;,&quot;columns_tablet&quot;:2,&quot;columns_mobile&quot;:1,&quot;gap_tablet&quot;:{&quot;unit&quot;:&quot;px&quot;,&quot;size&quot;:10,&quot;sizes&quot;:[]},&quot;gap_mobile&quot;:{&quot;unit&quot;:&quot;px&quot;,&quot;size&quot;:10,&quot;sizes&quot;:[]},&quot;link_to&quot;:&quot;file&quot;,&quot;overlay_background&quot;:&quot;yes&quot;,&quot;content_hover_animation&quot;:&quot;fade-in&quot;}\" data-widget_type=\"gallery.default\">\n\t\t\t\t\t\t\t<div class=\"elementor-gallery__container\">\n\t\t\t\t\t\t\t<a class=\"e-gallery-item elementor-gallery-item elementor-animated-content\" href=\"https:\/\/gabipavanello.ch\/wordpress\/wp-content\/uploads\/2024\/12\/c2a6305.jpg\" data-elementor-open-lightbox=\"yes\" data-elementor-lightbox-slideshow=\"c55bf67\" data-e-action-hash=\"#elementor-action%3Aaction%3Dlightbox%26settings%3DeyJpZCI6NTc0OSwidXJsIjoiaHR0cHM6XC9cL2dhYmlwYXZhbmVsbG8uY2hcL3dvcmRwcmVzc1wvd3AtY29udGVudFwvdXBsb2Fkc1wvMjAyNFwvMTJcL2MyYTYzMDUuanBnIiwic2xpZGVzaG93IjoiYzU1YmY2NyJ9\">\n\t\t\t\t\t<div class=\"e-gallery-image elementor-gallery-item__image\" data-thumbnail=\"https:\/\/gabipavanello.ch\/wordpress\/wp-content\/uploads\/2024\/12\/c2a6305-1024x683.jpg\" data-width=\"1024\" data-height=\"683\" aria-label=\"\" role=\"img\" ><\/div>\n\t\t\t\t\t\t\t\t\t\t\t<div class=\"elementor-gallery-item__overlay\"><\/div>\n\t\t\t\t\t\t\t\t\t\t\t\t\t\t<\/a>\n\t\t\t\t\t\t\t<a class=\"e-gallery-item elementor-gallery-item elementor-animated-content\" href=\"https:\/\/gabipavanello.ch\/wordpress\/wp-content\/uploads\/2024\/12\/c2a6313.jpg\" data-elementor-open-lightbox=\"yes\" data-elementor-lightbox-slideshow=\"c55bf67\" data-e-action-hash=\"#elementor-action%3Aaction%3Dlightbox%26settings%3DeyJpZCI6NTc1NCwidXJsIjoiaHR0cHM6XC9cL2dhYmlwYXZhbmVsbG8uY2hcL3dvcmRwcmVzc1wvd3AtY29udGVudFwvdXBsb2Fkc1wvMjAyNFwvMTJcL2MyYTYzMTMuanBnIiwic2xpZGVzaG93IjoiYzU1YmY2NyJ9\">\n\t\t\t\t\t<div class=\"e-gallery-image elementor-gallery-item__image\" data-thumbnail=\"https:\/\/gabipavanello.ch\/wordpress\/wp-content\/uploads\/2024\/12\/c2a6313-683x1024.jpg\" data-width=\"683\" data-height=\"1024\" aria-label=\"\" role=\"img\" ><\/div>\n\t\t\t\t\t\t\t\t\t\t\t<div class=\"elementor-gallery-item__overlay\"><\/div>\n\t\t\t\t\t\t\t\t\t\t\t\t\t\t<\/a>\n\t\t\t\t\t\t\t<a class=\"e-gallery-item elementor-gallery-item elementor-animated-content\" href=\"https:\/\/gabipavanello.ch\/wordpress\/wp-content\/uploads\/2024\/12\/c2a6308.jpg\" data-elementor-open-lightbox=\"yes\" data-elementor-lightbox-slideshow=\"c55bf67\" data-e-action-hash=\"#elementor-action%3Aaction%3Dlightbox%26settings%3DeyJpZCI6NTc1MCwidXJsIjoiaHR0cHM6XC9cL2dhYmlwYXZhbmVsbG8uY2hcL3dvcmRwcmVzc1wvd3AtY29udGVudFwvdXBsb2Fkc1wvMjAyNFwvMTJcL2MyYTYzMDguanBnIiwic2xpZGVzaG93IjoiYzU1YmY2NyJ9\">\n\t\t\t\t\t<div class=\"e-gallery-image elementor-gallery-item__image\" data-thumbnail=\"https:\/\/gabipavanello.ch\/wordpress\/wp-content\/uploads\/2024\/12\/c2a6308-1024x683.jpg\" data-width=\"1024\" data-height=\"683\" aria-label=\"\" role=\"img\" ><\/div>\n\t\t\t\t\t\t\t\t\t\t\t<div class=\"elementor-gallery-item__overlay\"><\/div>\n\t\t\t\t\t\t\t\t\t\t\t\t\t\t<\/a>\n\t\t\t\t\t\t\t<a class=\"e-gallery-item elementor-gallery-item elementor-animated-content\" href=\"https:\/\/gabipavanello.ch\/wordpress\/wp-content\/uploads\/2024\/12\/c2a6310.jpg\" data-elementor-open-lightbox=\"yes\" data-elementor-lightbox-slideshow=\"c55bf67\" data-e-action-hash=\"#elementor-action%3Aaction%3Dlightbox%26settings%3DeyJpZCI6NTc1MSwidXJsIjoiaHR0cHM6XC9cL2dhYmlwYXZhbmVsbG8uY2hcL3dvcmRwcmVzc1wvd3AtY29udGVudFwvdXBsb2Fkc1wvMjAyNFwvMTJcL2MyYTYzMTAuanBnIiwic2xpZGVzaG93IjoiYzU1YmY2NyJ9\">\n\t\t\t\t\t<div class=\"e-gallery-image elementor-gallery-item__image\" data-thumbnail=\"https:\/\/gabipavanello.ch\/wordpress\/wp-content\/uploads\/2024\/12\/c2a6310-1024x683.jpg\" data-width=\"1024\" data-height=\"683\" aria-label=\"\" role=\"img\" ><\/div>\n\t\t\t\t\t\t\t\t\t\t\t<div class=\"elementor-gallery-item__overlay\"><\/div>\n\t\t\t\t\t\t\t\t\t\t\t\t\t\t<\/a>\n\t\t\t\t\t\t\t<a class=\"e-gallery-item elementor-gallery-item elementor-animated-content\" href=\"https:\/\/gabipavanello.ch\/wordpress\/wp-content\/uploads\/2024\/12\/c2a6311.jpg\" data-elementor-open-lightbox=\"yes\" data-elementor-lightbox-slideshow=\"c55bf67\" data-e-action-hash=\"#elementor-action%3Aaction%3Dlightbox%26settings%3DeyJpZCI6NTc1MiwidXJsIjoiaHR0cHM6XC9cL2dhYmlwYXZhbmVsbG8uY2hcL3dvcmRwcmVzc1wvd3AtY29udGVudFwvdXBsb2Fkc1wvMjAyNFwvMTJcL2MyYTYzMTEuanBnIiwic2xpZGVzaG93IjoiYzU1YmY2NyJ9\">\n\t\t\t\t\t<div class=\"e-gallery-image elementor-gallery-item__image\" data-thumbnail=\"https:\/\/gabipavanello.ch\/wordpress\/wp-content\/uploads\/2024\/12\/c2a6311-1024x683.jpg\" data-width=\"1024\" data-height=\"683\" aria-label=\"\" role=\"img\" ><\/div>\n\t\t\t\t\t\t\t\t\t\t\t<div class=\"elementor-gallery-item__overlay\"><\/div>\n\t\t\t\t\t\t\t\t\t\t\t\t\t\t<\/a>\n\t\t\t\t\t\t\t<a class=\"e-gallery-item elementor-gallery-item elementor-animated-content\" href=\"https:\/\/gabipavanello.ch\/wordpress\/wp-content\/uploads\/2024\/12\/c2a6312.jpg\" data-elementor-open-lightbox=\"yes\" data-elementor-lightbox-slideshow=\"c55bf67\" data-e-action-hash=\"#elementor-action%3Aaction%3Dlightbox%26settings%3DeyJpZCI6NTc1MywidXJsIjoiaHR0cHM6XC9cL2dhYmlwYXZhbmVsbG8uY2hcL3dvcmRwcmVzc1wvd3AtY29udGVudFwvdXBsb2Fkc1wvMjAyNFwvMTJcL2MyYTYzMTIuanBnIiwic2xpZGVzaG93IjoiYzU1YmY2NyJ9\">\n\t\t\t\t\t<div class=\"e-gallery-image elementor-gallery-item__image\" data-thumbnail=\"https:\/\/gabipavanello.ch\/wordpress\/wp-content\/uploads\/2024\/12\/c2a6312-1024x683.jpg\" data-width=\"1024\" data-height=\"683\" aria-label=\"\" role=\"img\" ><\/div>\n\t\t\t\t\t\t\t\t\t\t\t<div class=\"elementor-gallery-item__overlay\"><\/div>\n\t\t\t\t\t\t\t\t\t\t\t\t\t\t<\/a>\n\t\t\t\t\t\t\t<a class=\"e-gallery-item elementor-gallery-item elementor-animated-content\" href=\"https:\/\/gabipavanello.ch\/wordpress\/wp-content\/uploads\/2024\/12\/c2a6314-1.jpg\" data-elementor-open-lightbox=\"yes\" data-elementor-lightbox-slideshow=\"c55bf67\" data-e-action-hash=\"#elementor-action%3Aaction%3Dlightbox%26settings%3DeyJpZCI6NTc1NSwidXJsIjoiaHR0cHM6XC9cL2dhYmlwYXZhbmVsbG8uY2hcL3dvcmRwcmVzc1wvd3AtY29udGVudFwvdXBsb2Fkc1wvMjAyNFwvMTJcL2MyYTYzMTQtMS5qcGciLCJzbGlkZXNob3ciOiJjNTViZjY3In0%3D\">\n\t\t\t\t\t<div class=\"e-gallery-image elementor-gallery-item__image\" data-thumbnail=\"https:\/\/gabipavanello.ch\/wordpress\/wp-content\/uploads\/2024\/12\/c2a6314-1-1024x683.jpg\" data-width=\"1024\" data-height=\"683\" aria-label=\"\" role=\"img\" ><\/div>\n\t\t\t\t\t\t\t\t\t\t\t<div class=\"elementor-gallery-item__overlay\"><\/div>\n\t\t\t\t\t\t\t\t\t\t\t\t\t\t<\/a>\n\t\t\t\t\t<\/div>\n\t\t\t\t\t<\/div>\n\t\t\t\t<\/div>\n\t\t<div class=\"elementor-element elementor-element-50a9476 e-flex e-con-boxed e-con e-parent\" data-id=\"50a9476\" data-element_type=\"container\" data-e-type=\"container\">\n\t\t\t\t\t<div class=\"e-con-inner\">\n\t\t\t\t\t<\/div>\n\t\t\t\t<\/div>\n\t\t<div class=\"elementor-element elementor-element-41ec6ae e-grid e-con-full e-con e-parent\" data-id=\"41ec6ae\" data-element_type=\"container\" data-e-type=\"container\">\n\t\t\t\t<div class=\"elementor-element elementor-element-616feba elementor-align-center elementor-widget elementor-widget-button\" data-id=\"616feba\" data-element_type=\"widget\" data-e-type=\"widget\" data-widget_type=\"button.default\">\n\t\t\t\t\t\t\t\t\t\t<a class=\"elementor-button elementor-button-link elementor-size-sm\" href=\"https:\/\/gabipavanello.ch\/wordpress\/die-nationale-nekropole-von-le-wettstein\/\">\n\t\t\t\t\t\t<span class=\"elementor-button-content-wrapper\">\n\t\t\t\t\t\t\t\t\t<span class=\"elementor-button-text\">zur\u00fcck<\/span>\n\t\t\t\t\t<\/span>\n\t\t\t\t\t<\/a>\n\t\t\t\t\t\t\t\t<\/div>\n\t\t\t\t<div class=\"elementor-element elementor-element-cb2fa62 elementor-align-center elementor-widget elementor-widget-button\" data-id=\"cb2fa62\" data-element_type=\"widget\" data-e-type=\"widget\" data-widget_type=\"button.default\">\n\t\t\t\t\t\t\t\t\t\t<a class=\"elementor-button elementor-button-link elementor-size-sm\" href=\"https:\/\/gabipavanello.ch\/wordpress\/necropoles-nationales\/\">\n\t\t\t\t\t\t<span class=\"elementor-button-content-wrapper\">\n\t\t\t\t\t\t\t\t\t<span class=\"elementor-button-text\">\u00dcbersicht<\/span>\n\t\t\t\t\t<\/span>\n\t\t\t\t\t<\/a>\n\t\t\t\t\t\t\t\t<\/div>\n\t\t\t\t<div class=\"elementor-element elementor-element-00034d0 elementor-align-center elementor-widget elementor-widget-button\" data-id=\"00034d0\" data-element_type=\"widget\" data-e-type=\"widget\" data-widget_type=\"button.default\">\n\t\t\t\t\t\t\t\t\t\t<a class=\"elementor-button elementor-button-link elementor-size-sm\" href=\"https:\/\/gabipavanello.ch\/wordpress\/die-nationale-nepkropole-waldmatt-de-guebwiller\/\">\n\t\t\t\t\t\t<span class=\"elementor-button-content-wrapper\">\n\t\t\t\t\t\t\t\t\t<span class=\"elementor-button-text\">weiter<\/span>\n\t\t\t\t\t<\/span>\n\t\t\t\t\t<\/a>\n\t\t\t\t\t\t\t\t<\/div>\n\t\t\t\t<\/div>\n\t\t\t\t<\/div>\n\t\t","protected":false},"excerpt":{"rendered":"<p>Der rum\u00e4nische Milit\u00e4rfriedhof Der Rum\u00e4nische Milit\u00e4rfriedhof in Soultzmatt ist der gr\u00f6\u00dfte seiner Art in Frankreich und ein bedeutendes Mahnmal f\u00fcr die rum\u00e4nischen Soldaten, die w\u00e4hrend des Ersten Weltkriegs in Gefangenschaft starben. Der Friedhof beherbergt 553 Einzelgr\u00e4ber sowie zwei Sammelgr\u00e4ber mit insgesamt 125 Toten, die in der Nacht vom 27. auf den 28. Januar 1917 an &#8230; <a title=\"Der rum\u00e4nische Milit\u00e4rfriedhof\" class=\"read-more\" href=\"https:\/\/gabipavanello.ch\/wordpress\/rumaenischer-militaerfriedhof\/\" aria-label=\"Mehr Informationen \u00fcber Der rum\u00e4nische Milit\u00e4rfriedhof\">Weiterlesen<\/a><\/p>\n","protected":false},"author":1,"featured_media":0,"parent":0,"menu_order":0,"comment_status":"closed","ping_status":"closed","template":"","meta":{"footnotes":""},"class_list":["post-5589","page","type-page","status-publish"],"_links":{"self":[{"href":"https:\/\/gabipavanello.ch\/wordpress\/wp-json\/wp\/v2\/pages\/5589","targetHints":{"allow":["GET"]}}],"collection":[{"href":"https:\/\/gabipavanello.ch\/wordpress\/wp-json\/wp\/v2\/pages"}],"about":[{"href":"https:\/\/gabipavanello.ch\/wordpress\/wp-json\/wp\/v2\/types\/page"}],"author":[{"embeddable":true,"href":"https:\/\/gabipavanello.ch\/wordpress\/wp-json\/wp\/v2\/users\/1"}],"replies":[{"embeddable":true,"href":"https:\/\/gabipavanello.ch\/wordpress\/wp-json\/wp\/v2\/comments?post=5589"}],"version-history":[{"count":50,"href":"https:\/\/gabipavanello.ch\/wordpress\/wp-json\/wp\/v2\/pages\/5589\/revisions"}],"predecessor-version":[{"id":7235,"href":"https:\/\/gabipavanello.ch\/wordpress\/wp-json\/wp\/v2\/pages\/5589\/revisions\/7235"}],"wp:attachment":[{"href":"https:\/\/gabipavanello.ch\/wordpress\/wp-json\/wp\/v2\/media?parent=5589"}],"curies":[{"name":"wp","href":"https:\/\/api.w.org\/{rel}","templated":true}]}}