{"id":5598,"date":"2024-12-29T12:29:55","date_gmt":"2024-12-29T11:29:55","guid":{"rendered":"https:\/\/gabipavanello.ch\/wordpress\/?page_id=5598"},"modified":"2025-12-03T14:27:42","modified_gmt":"2025-12-03T13:27:42","slug":"die-nationale-nekropole-von-cernay","status":"publish","type":"page","link":"https:\/\/gabipavanello.ch\/wordpress\/die-nationale-nekropole-von-cernay\/","title":{"rendered":"N\u00e9cropole Nationale de Cernay"},"content":{"rendered":"\t\t<div data-elementor-type=\"wp-page\" data-elementor-id=\"5598\" class=\"elementor elementor-5598\" data-elementor-post-type=\"page\">\n\t\t\t\t<div class=\"elementor-element elementor-element-9e1a3b5 e-con-full e-flex e-con e-parent\" data-id=\"9e1a3b5\" data-element_type=\"container\" data-e-type=\"container\">\n\t\t\t\t<div class=\"elementor-element elementor-element-6d7bf83 elementor-widget elementor-widget-heading\" data-id=\"6d7bf83\" data-element_type=\"widget\" data-e-type=\"widget\" data-widget_type=\"heading.default\">\n\t\t\t\t\t<h2 class=\"elementor-heading-title elementor-size-default\">N\u00e9cropole Nationale de Cernay<\/h2>\t\t\t\t<\/div>\n\t\t\t\t<\/div>\n\t\t<div class=\"elementor-element elementor-element-7fbc619 e-con-full e-flex e-con e-parent\" data-id=\"7fbc619\" data-element_type=\"container\" data-e-type=\"container\">\n\t\t\t\t<div class=\"elementor-element elementor-element-02e4923 elementor-widget-divider--view-line elementor-widget elementor-widget-divider\" data-id=\"02e4923\" data-element_type=\"widget\" data-e-type=\"widget\" data-widget_type=\"divider.default\">\n\t\t\t\t\t\t\t<div class=\"elementor-divider\">\n\t\t\t<span class=\"elementor-divider-separator\">\n\t\t\t\t\t\t<\/span>\n\t\t<\/div>\n\t\t\t\t\t\t<\/div>\n\t\t\t\t<\/div>\n\t\t<div class=\"elementor-element elementor-element-3958669 e-flex e-con-boxed e-con e-parent\" data-id=\"3958669\" data-element_type=\"container\" data-e-type=\"container\">\n\t\t\t\t\t<div class=\"e-con-inner\">\n\t\t\t\t<div class=\"elementor-element elementor-element-8d207e0 elementor-widget elementor-widget-text-editor\" data-id=\"8d207e0\" data-element_type=\"widget\" data-e-type=\"widget\" data-widget_type=\"text-editor.default\">\n\t\t\t\t\t\t\t\t\t<h5>Die <strong>Nationale Nekropole von Cernay<\/strong> wurde 1920 gegr\u00fcndet und ist eine bedeutende Gedenkst\u00e4tte f\u00fcr die Opfer der beiden Weltkriege. Sie beherbergt die sterblichen \u00dcberreste von 3.643 Soldaten in Einzelgr\u00e4bern und 933 in Beinh\u00e4usern. Die Nekropole wurde errichtet, um die Leichen von Soldaten zu vereinen, die in den K\u00e4mpfen von Vieil-Armand (Hartmannswillerkopf) und Steinbach im Ersten Weltkrieg gefallen sind, sowie von franz\u00f6sischen Kriegsgefangenen und Soldaten, die im Zweiten Weltkrieg starben. Erg\u00e4nzt wird die Gedenkst\u00e4tte durch ein Denkmal f\u00fcr die tschechoslowakischen Freiwilligen, die w\u00e4hrend des Krieges k\u00e4mpften.<\/h5><hr \/><h5>\u00a0<\/h5><h5 style=\"text-align: center;\">Wichtige Merkmale<\/h5><ul><li><h5><strong>Umfang der Nekropole<\/strong>:<\/h5><ul><li><h5>Die Anlage umfasst 3.643 Gr\u00e4ber sowie zwei Beinh\u00e4user mit den sterblichen \u00dcberresten von 933 Soldaten.<\/h5><\/li><li><h5>Neben 2.238 Franzosen sind hier auch 45 Tschechen, 19 Russen, ein Brite und ein Serbe begraben.<\/h5><\/li><\/ul><\/li><li><h5><strong>Zweck der Anlage<\/strong>:<\/h5><ul><li><h5>Urspr\u00fcnglich wurden hier die Leichen von Soldaten zusammengef\u00fchrt, die bei den K\u00e4mpfen am Hartmannswillerkopf und in Steinbach gefallen waren.<\/h5><\/li><li><h5>Nach dem Zweiten Weltkrieg wurde die Nekropole umgestaltet, um die sterblichen \u00dcberreste von Kriegsgefangenen und Soldaten aus Deutschland und \u00d6sterreich zu beherbergen.<\/h5><\/li><\/ul><\/li><li><h5><strong>Denkmal f\u00fcr tschechoslowakische Freiwillige<\/strong>:<\/h5><ul><li><h5>Ein besonderes Denkmal ehrt die tschechischen Freiwilligen, die im Krieg an der Seite Frankreichs k\u00e4mpften.<\/h5><\/li><\/ul><\/li><\/ul><hr \/><h5>\u00a0<\/h5><h5 style=\"text-align: center;\">Bedeutung und Symbolik<\/h5><h5>Die Nekropole von Cernay ist ein Mahnmal f\u00fcr die Schrecken und Verluste der beiden Weltkriege. Sie erinnert an die intensiven K\u00e4mpfe um strategisch bedeutende Stellungen wie den Hartmannswillerkopf, der als \u201eBerg des Todes\u201c bekannt wurde, und Steinbach. Das Denkmal f\u00fcr die tschechischen Freiwilligen unterstreicht die internationale Dimension des Konflikts und ehrt die Solidarit\u00e4t zwischen den Nationen. Die Nekropole symbolisiert die Vereinigung der Toten an einem zentralen Ort und die W\u00fcrde, die ihnen durch diese Ruhest\u00e4tte zuteil wird.<\/h5><hr \/><h5>\u00a0<\/h5><h5 style=\"text-align: center;\">Landschaft und Architektur<\/h5><ul><li><h5><strong>Lage und Gestaltung<\/strong>:<\/h5><ul><li><h5>Die Nekropole liegt in der N\u00e4he der historischen Schlachtfelder und ist harmonisch in die els\u00e4ssische Landschaft eingebettet.<\/h5><\/li><li><h5>Die klar strukturierten Gr\u00e4berreihen und die Beinh\u00e4user schaffen eine w\u00fcrdevolle Atmosph\u00e4re.<\/h5><\/li><\/ul><\/li><li><h5><strong>Denkmal und internationale Gedenkkultur<\/strong>:<\/h5><ul><li><h5>Das Denkmal f\u00fcr die tschechischen Freiwilligen sowie die multinationale Zusammensetzung der hier Begrabenen heben die internationale Bedeutung der St\u00e4tte hervor.<\/h5><\/li><li><h5>Die schlichte Architektur betont die Erinnerung an die Opfer und die Bedeutung von Frieden.<\/h5><\/li><\/ul><\/li><\/ul><hr \/><h5>Die Nationale Nekropole von Cernay ist ein Ort des Gedenkens, der die Verluste des Krieges w\u00fcrdigt und die Erinnerung an die Opfer bewahrt. Ihre Verbindung zu den blutigen Schlachten im Elsass und die internationale Ausrichtung machen sie zu einer bedeutenden Gedenkst\u00e4tte f\u00fcr die Geschichte und den Frieden.<\/h5>\t\t\t\t\t\t\t\t<\/div>\n\t\t\t\t\t<\/div>\n\t\t\t\t<\/div>\n\t\t<div class=\"elementor-element elementor-element-cf7ce52 e-con-full e-flex e-con e-parent\" data-id=\"cf7ce52\" data-element_type=\"container\" data-e-type=\"container\">\n\t\t\t\t<div class=\"elementor-element elementor-element-357238d elementor-widget elementor-widget-gallery\" data-id=\"357238d\" data-element_type=\"widget\" data-e-type=\"widget\" data-settings=\"{&quot;gallery_layout&quot;:&quot;masonry&quot;,&quot;columns&quot;:2,&quot;gap&quot;:{&quot;unit&quot;:&quot;px&quot;,&quot;size&quot;:20,&quot;sizes&quot;:[]},&quot;lazyload&quot;:&quot;yes&quot;,&quot;columns_tablet&quot;:2,&quot;columns_mobile&quot;:1,&quot;gap_tablet&quot;:{&quot;unit&quot;:&quot;px&quot;,&quot;size&quot;:10,&quot;sizes&quot;:[]},&quot;gap_mobile&quot;:{&quot;unit&quot;:&quot;px&quot;,&quot;size&quot;:10,&quot;sizes&quot;:[]},&quot;link_to&quot;:&quot;file&quot;,&quot;overlay_background&quot;:&quot;yes&quot;,&quot;content_hover_animation&quot;:&quot;fade-in&quot;}\" data-widget_type=\"gallery.default\">\n\t\t\t\t\t\t\t<div class=\"elementor-gallery__container\">\n\t\t\t\t\t\t\t<a class=\"e-gallery-item elementor-gallery-item elementor-animated-content\" href=\"https:\/\/gabipavanello.ch\/wordpress\/wp-content\/uploads\/2025\/01\/c2a6406.jpg\" data-elementor-open-lightbox=\"yes\" data-elementor-lightbox-slideshow=\"357238d\" data-e-action-hash=\"#elementor-action%3Aaction%3Dlightbox%26settings%3DeyJpZCI6NjAxMSwidXJsIjoiaHR0cHM6XC9cL2dhYmlwYXZhbmVsbG8uY2hcL3dvcmRwcmVzc1wvd3AtY29udGVudFwvdXBsb2Fkc1wvMjAyNVwvMDFcL2MyYTY0MDYuanBnIiwic2xpZGVzaG93IjoiMzU3MjM4ZCJ9\">\n\t\t\t\t\t<div class=\"e-gallery-image elementor-gallery-item__image\" data-thumbnail=\"https:\/\/gabipavanello.ch\/wordpress\/wp-content\/uploads\/2025\/01\/c2a6406-683x1024.jpg\" data-width=\"683\" data-height=\"1024\" aria-label=\"\" role=\"img\" ><\/div>\n\t\t\t\t\t\t\t\t\t\t\t<div class=\"elementor-gallery-item__overlay\"><\/div>\n\t\t\t\t\t\t\t\t\t\t\t\t\t\t<\/a>\n\t\t\t\t\t\t\t<a class=\"e-gallery-item elementor-gallery-item elementor-animated-content\" href=\"https:\/\/gabipavanello.ch\/wordpress\/wp-content\/uploads\/2025\/01\/c2a6392.jpg\" data-elementor-open-lightbox=\"yes\" data-elementor-lightbox-slideshow=\"357238d\" data-e-action-hash=\"#elementor-action%3Aaction%3Dlightbox%26settings%3DeyJpZCI6NjAwOCwidXJsIjoiaHR0cHM6XC9cL2dhYmlwYXZhbmVsbG8uY2hcL3dvcmRwcmVzc1wvd3AtY29udGVudFwvdXBsb2Fkc1wvMjAyNVwvMDFcL2MyYTYzOTIuanBnIiwic2xpZGVzaG93IjoiMzU3MjM4ZCJ9\">\n\t\t\t\t\t<div class=\"e-gallery-image elementor-gallery-item__image\" data-thumbnail=\"https:\/\/gabipavanello.ch\/wordpress\/wp-content\/uploads\/2025\/01\/c2a6392-1024x683.jpg\" data-width=\"1024\" data-height=\"683\" aria-label=\"\" role=\"img\" ><\/div>\n\t\t\t\t\t\t\t\t\t\t\t<div class=\"elementor-gallery-item__overlay\"><\/div>\n\t\t\t\t\t\t\t\t\t\t\t\t\t\t<\/a>\n\t\t\t\t\t\t\t<a class=\"e-gallery-item elementor-gallery-item elementor-animated-content\" href=\"https:\/\/gabipavanello.ch\/wordpress\/wp-content\/uploads\/2025\/01\/c2a6400.jpg\" data-elementor-open-lightbox=\"yes\" data-elementor-lightbox-slideshow=\"357238d\" data-e-action-hash=\"#elementor-action%3Aaction%3Dlightbox%26settings%3DeyJpZCI6NjAxMCwidXJsIjoiaHR0cHM6XC9cL2dhYmlwYXZhbmVsbG8uY2hcL3dvcmRwcmVzc1wvd3AtY29udGVudFwvdXBsb2Fkc1wvMjAyNVwvMDFcL2MyYTY0MDAuanBnIiwic2xpZGVzaG93IjoiMzU3MjM4ZCJ9\">\n\t\t\t\t\t<div class=\"e-gallery-image elementor-gallery-item__image\" data-thumbnail=\"https:\/\/gabipavanello.ch\/wordpress\/wp-content\/uploads\/2025\/01\/c2a6400-1024x683.jpg\" data-width=\"1024\" data-height=\"683\" aria-label=\"\" role=\"img\" ><\/div>\n\t\t\t\t\t\t\t\t\t\t\t<div class=\"elementor-gallery-item__overlay\"><\/div>\n\t\t\t\t\t\t\t\t\t\t\t\t\t\t<\/a>\n\t\t\t\t\t\t\t<a class=\"e-gallery-item elementor-gallery-item elementor-animated-content\" href=\"https:\/\/gabipavanello.ch\/wordpress\/wp-content\/uploads\/2025\/01\/c2a6410-bearbeitet.jpg\" data-elementor-open-lightbox=\"yes\" data-elementor-lightbox-slideshow=\"357238d\" data-e-action-hash=\"#elementor-action%3Aaction%3Dlightbox%26settings%3DeyJpZCI6NjAxMiwidXJsIjoiaHR0cHM6XC9cL2dhYmlwYXZhbmVsbG8uY2hcL3dvcmRwcmVzc1wvd3AtY29udGVudFwvdXBsb2Fkc1wvMjAyNVwvMDFcL2MyYTY0MTAtYmVhcmJlaXRldC5qcGciLCJzbGlkZXNob3ciOiIzNTcyMzhkIn0%3D\">\n\t\t\t\t\t<div class=\"e-gallery-image elementor-gallery-item__image\" data-thumbnail=\"https:\/\/gabipavanello.ch\/wordpress\/wp-content\/uploads\/2025\/01\/c2a6410-bearbeitet-1024x683.jpg\" data-width=\"1024\" data-height=\"683\" aria-label=\"\" role=\"img\" ><\/div>\n\t\t\t\t\t\t\t\t\t\t\t<div class=\"elementor-gallery-item__overlay\"><\/div>\n\t\t\t\t\t\t\t\t\t\t\t\t\t\t<\/a>\n\t\t\t\t\t\t\t<a class=\"e-gallery-item elementor-gallery-item elementor-animated-content\" href=\"https:\/\/gabipavanello.ch\/wordpress\/wp-content\/uploads\/2025\/01\/c2a6399.jpg\" data-elementor-open-lightbox=\"yes\" data-elementor-lightbox-slideshow=\"357238d\" data-e-action-hash=\"#elementor-action%3Aaction%3Dlightbox%26settings%3DeyJpZCI6NjAwOSwidXJsIjoiaHR0cHM6XC9cL2dhYmlwYXZhbmVsbG8uY2hcL3dvcmRwcmVzc1wvd3AtY29udGVudFwvdXBsb2Fkc1wvMjAyNVwvMDFcL2MyYTYzOTkuanBnIiwic2xpZGVzaG93IjoiMzU3MjM4ZCJ9\">\n\t\t\t\t\t<div class=\"e-gallery-image elementor-gallery-item__image\" data-thumbnail=\"https:\/\/gabipavanello.ch\/wordpress\/wp-content\/uploads\/2025\/01\/c2a6399-1024x683.jpg\" data-width=\"1024\" data-height=\"683\" aria-label=\"\" role=\"img\" ><\/div>\n\t\t\t\t\t\t\t\t\t\t\t<div class=\"elementor-gallery-item__overlay\"><\/div>\n\t\t\t\t\t\t\t\t\t\t\t\t\t\t<\/a>\n\t\t\t\t\t<\/div>\n\t\t\t\t\t<\/div>\n\t\t\t\t<\/div>\n\t\t<div class=\"elementor-element elementor-element-7467c58 e-grid e-con-full e-con e-parent\" data-id=\"7467c58\" data-element_type=\"container\" data-e-type=\"container\">\n\t\t\t\t<div class=\"elementor-element elementor-element-17734bd elementor-align-center elementor-widget elementor-widget-button\" data-id=\"17734bd\" data-element_type=\"widget\" data-e-type=\"widget\" data-widget_type=\"button.default\">\n\t\t\t\t\t\t\t\t\t\t<a class=\"elementor-button elementor-button-link elementor-size-sm\" href=\"https:\/\/gabipavanello.ch\/wordpress\/die-nationale-nekropole-silberloch-hartmannswillerkopf\/\">\n\t\t\t\t\t\t<span class=\"elementor-button-content-wrapper\">\n\t\t\t\t\t\t\t\t\t<span class=\"elementor-button-text\">zur\u00fcck<\/span>\n\t\t\t\t\t<\/span>\n\t\t\t\t\t<\/a>\n\t\t\t\t\t\t\t\t<\/div>\n\t\t\t\t<div class=\"elementor-element elementor-element-87caf8b elementor-align-center elementor-widget elementor-widget-button\" data-id=\"87caf8b\" data-element_type=\"widget\" data-e-type=\"widget\" data-widget_type=\"button.default\">\n\t\t\t\t\t\t\t\t\t\t<a class=\"elementor-button elementor-button-link elementor-size-sm\" href=\"\">\n\t\t\t\t\t\t<span class=\"elementor-button-content-wrapper\">\n\t\t\t\t\t\t\t\t\t<span class=\"elementor-button-text\">\u00dcbersicht<\/span>\n\t\t\t\t\t<\/span>\n\t\t\t\t\t<\/a>\n\t\t\t\t\t\t\t\t<\/div>\n\t\t\t\t<div class=\"elementor-element elementor-element-f33b173 elementor-align-center elementor-widget elementor-widget-button\" data-id=\"f33b173\" data-element_type=\"widget\" data-e-type=\"widget\" data-widget_type=\"button.default\">\n\t\t\t\t\t\t\t\t\t\t<a class=\"elementor-button elementor-button-link elementor-size-sm\" href=\"https:\/\/gabipavanello.ch\/wordpress\/die-deutsche-kriegsgraeberstaedte-von-cernay\/\">\n\t\t\t\t\t\t<span class=\"elementor-button-content-wrapper\">\n\t\t\t\t\t\t\t\t\t<span class=\"elementor-button-text\">weiter<\/span>\n\t\t\t\t\t<\/span>\n\t\t\t\t\t<\/a>\n\t\t\t\t\t\t\t\t<\/div>\n\t\t\t\t<\/div>\n\t\t\t\t<\/div>\n\t\t","protected":false},"excerpt":{"rendered":"<p>N\u00e9cropole Nationale de Cernay Die Nationale Nekropole von Cernay wurde 1920 gegr\u00fcndet und ist eine bedeutende Gedenkst\u00e4tte f\u00fcr die Opfer der beiden Weltkriege. Sie beherbergt die sterblichen \u00dcberreste von 3.643 Soldaten in Einzelgr\u00e4bern und 933 in Beinh\u00e4usern. Die Nekropole wurde errichtet, um die Leichen von Soldaten zu vereinen, die in den K\u00e4mpfen von Vieil-Armand (Hartmannswillerkopf) &#8230; <a title=\"N\u00e9cropole Nationale de Cernay\" class=\"read-more\" href=\"https:\/\/gabipavanello.ch\/wordpress\/die-nationale-nekropole-von-cernay\/\" aria-label=\"Mehr Informationen \u00fcber N\u00e9cropole Nationale de Cernay\">Weiterlesen<\/a><\/p>\n","protected":false},"author":1,"featured_media":0,"parent":0,"menu_order":0,"comment_status":"closed","ping_status":"closed","template":"","meta":{"footnotes":""},"class_list":["post-5598","page","type-page","status-publish"],"_links":{"self":[{"href":"https:\/\/gabipavanello.ch\/wordpress\/wp-json\/wp\/v2\/pages\/5598","targetHints":{"allow":["GET"]}}],"collection":[{"href":"https:\/\/gabipavanello.ch\/wordpress\/wp-json\/wp\/v2\/pages"}],"about":[{"href":"https:\/\/gabipavanello.ch\/wordpress\/wp-json\/wp\/v2\/types\/page"}],"author":[{"embeddable":true,"href":"https:\/\/gabipavanello.ch\/wordpress\/wp-json\/wp\/v2\/users\/1"}],"replies":[{"embeddable":true,"href":"https:\/\/gabipavanello.ch\/wordpress\/wp-json\/wp\/v2\/comments?post=5598"}],"version-history":[{"count":31,"href":"https:\/\/gabipavanello.ch\/wordpress\/wp-json\/wp\/v2\/pages\/5598\/revisions"}],"predecessor-version":[{"id":7245,"href":"https:\/\/gabipavanello.ch\/wordpress\/wp-json\/wp\/v2\/pages\/5598\/revisions\/7245"}],"wp:attachment":[{"href":"https:\/\/gabipavanello.ch\/wordpress\/wp-json\/wp\/v2\/media?parent=5598"}],"curies":[{"name":"wp","href":"https:\/\/api.w.org\/{rel}","templated":true}]}}