{"id":5602,"date":"2024-12-29T12:32:11","date_gmt":"2024-12-29T11:32:11","guid":{"rendered":"https:\/\/gabipavanello.ch\/wordpress\/?page_id=5602"},"modified":"2025-12-03T14:28:44","modified_gmt":"2025-12-03T13:28:44","slug":"der-deutsche-soldatenfriedhof-le-grasberg","status":"publish","type":"page","link":"https:\/\/gabipavanello.ch\/wordpress\/der-deutsche-soldatenfriedhof-le-grasberg\/","title":{"rendered":"Der deutsche Soldatenfriedhof Le Grasberg"},"content":{"rendered":"\t\t<div data-elementor-type=\"wp-page\" data-elementor-id=\"5602\" class=\"elementor elementor-5602\" data-elementor-post-type=\"page\">\n\t\t\t\t<div class=\"elementor-element elementor-element-8f97efb e-con-full e-flex e-con e-parent\" data-id=\"8f97efb\" data-element_type=\"container\" data-e-type=\"container\">\n\t\t\t\t<div class=\"elementor-element elementor-element-848d1ab elementor-widget elementor-widget-heading\" data-id=\"848d1ab\" data-element_type=\"widget\" data-e-type=\"widget\" data-widget_type=\"heading.default\">\n\t\t\t\t\t<h2 class=\"elementor-heading-title elementor-size-default\">Der deutsche Soldatenfriedhof Le Grasberg<\/h2>\t\t\t\t<\/div>\n\t\t\t\t<\/div>\n\t\t<div class=\"elementor-element elementor-element-94163b2 e-con-full e-flex e-con e-parent\" data-id=\"94163b2\" data-element_type=\"container\" data-e-type=\"container\">\n\t\t\t\t<div class=\"elementor-element elementor-element-457e6ff elementor-widget-divider--view-line elementor-widget elementor-widget-divider\" data-id=\"457e6ff\" data-element_type=\"widget\" data-e-type=\"widget\" data-widget_type=\"divider.default\">\n\t\t\t\t\t\t\t<div class=\"elementor-divider\">\n\t\t\t<span class=\"elementor-divider-separator\">\n\t\t\t\t\t\t<\/span>\n\t\t<\/div>\n\t\t\t\t\t\t<\/div>\n\t\t\t\t<\/div>\n\t\t<div class=\"elementor-element elementor-element-939ea57 e-flex e-con-boxed e-con e-parent\" data-id=\"939ea57\" data-element_type=\"container\" data-e-type=\"container\">\n\t\t\t\t\t<div class=\"e-con-inner\">\n\t\t\t\t<div class=\"elementor-element elementor-element-ac1bb2d elementor-widget elementor-widget-text-editor\" data-id=\"ac1bb2d\" data-element_type=\"widget\" data-e-type=\"widget\" data-widget_type=\"text-editor.default\">\n\t\t\t\t\t\t\t\t\t<h5>Der <strong>Deutsche Soldatenfriedhof Le Grasberg in Bergheim<\/strong> liegt \u00fcber den D\u00e4chern der malerischen els\u00e4ssischen Stadt auf einem H\u00fcgel mit Blick auf die umliegende Landschaft. Hier ruhen 5.308 deutsche Soldaten, die im Zweiten Weltkrieg gefallen sind. Die Gefallenen stammten aus mehr als 225 Gemeinden des D\u00e9partements Haut-Rhin, in denen ihre Gr\u00e4ber urspr\u00fcnglich verstreut waren. Der Friedhof wurde geschaffen, um den Toten einen zentralen Ort der Erinnerung und des Friedens zu geben. Die Anlage entstand zwischen 1970 und 1975 und symbolisiert das Bed\u00fcrfnis nach einem w\u00fcrdigen Gedenken und einer gemeinsamen Ruhest\u00e4tte.<\/h5><hr \/><h5>\u00a0<\/h5><h5 style=\"text-align: center;\">Wichtige Merkmale<\/h5><ul><li><h5><strong>Zentrale Sammelst\u00e4tte<\/strong>: Auf dem Grasberg wurden die Gr\u00e4ber von 5.308 Soldaten zusammengef\u00fchrt, deren \u00dcberreste zuvor in \u00fcber 225 Gemeinden verstreut waren.<\/h5><\/li><li><h5><strong>Kl\u00e4rung von Schicksalen<\/strong>: Im Vorfeld der Anlage wurden intensive Recherchen durchgef\u00fchrt, um Schicksale zu kl\u00e4ren und Vermisste zu identifizieren. Dadurch konnten lange Namenslisten erstellt werden, die bisher unbekannte Opfer sichtbar machten.<\/h5><\/li><li><h5><strong>Errichtung des Friedhofs<\/strong>: Die Rodung des H\u00fcgels begann im Mai 1970, und die Fertigstellung der Friedhofsanlage erforderte f\u00fcnf Jahre Arbeit.<\/h5><\/li><\/ul><hr \/><h5>\u00a0<\/h5><h5 style=\"text-align: center;\">Bedeutung und Symbolik<\/h5><h5>Der Friedhof Le Grasberg ist mehr als ein Ort der Bestattung \u2013 er ist ein Denkmal f\u00fcr die Schrecken und Verluste des Zweiten Weltkriegs. Die Zusammenf\u00fchrung der Toten an einem Ort unterstreicht das Bestreben, einen w\u00fcrdigen Ort des Gedenkens zu schaffen. Der Grasberg bietet Hinterbliebenen und Besuchern die M\u00f6glichkeit, in der Stille Trost und Verbindung zu den Gefallenen zu finden. Gleichzeitig erinnert die Anlage an die Notwendigkeit von Frieden und Vers\u00f6hnung, insbesondere im Kontext der deutsch-franz\u00f6sischen Beziehungen.<\/h5><hr \/><h5>\u00a0<\/h5><h5 style=\"text-align: center;\">Landschaft und Architektur<\/h5><ul><li><h5><strong>Erhabene Lage<\/strong>: Der Grasberg liegt auf einem H\u00fcgel oberhalb von Bergheim, wodurch der Friedhof eine symbolische Erhabenheit ausstrahlt und den Blick auf die umliegende Region freigibt.<\/h5><\/li><li><h5><strong>Schlichte und w\u00fcrdevolle Gestaltung<\/strong>: Die Anlage ist durch eine klare und zur\u00fcckhaltende Architektur gepr\u00e4gt, die die Aufmerksamkeit auf die Gr\u00e4ber lenkt und eine Atmosph\u00e4re der Besinnung schafft.<\/h5><\/li><li><h5><strong>Nat\u00fcrliche Umgebung<\/strong>: Der Friedhof ist harmonisch in die Landschaft eingebettet und nutzt die nat\u00fcrliche Topografie des H\u00fcgels, um Ruhe und Abgeschiedenheit zu gew\u00e4hrleisten.<\/h5><\/li><\/ul><hr \/><h5>Der Deutsche Soldatenfriedhof Le Grasberg ist ein Ort der Erinnerung, der durch seine Geschichte, Gestaltung und Lage eine starke Symbolik f\u00fcr den Umgang mit den Opfern von Krieg und Gewalt vermittelt. Die f\u00fcnf Jahre dauernde Errichtung spiegelt die Sorgfalt und das Engagement wider, die n\u00f6tig waren, um den Verstorbenen einen Ort der ewigen Ruhe zu geben.<\/h5>\t\t\t\t\t\t\t\t<\/div>\n\t\t\t\t\t<\/div>\n\t\t\t\t<\/div>\n\t\t<div class=\"elementor-element elementor-element-48d42a9 e-flex e-con-boxed e-con e-parent\" data-id=\"48d42a9\" data-element_type=\"container\" data-e-type=\"container\">\n\t\t\t\t\t<div class=\"e-con-inner\">\n\t\t\t\t<div class=\"elementor-element elementor-element-4d613c9 elementor-widget elementor-widget-gallery\" data-id=\"4d613c9\" data-element_type=\"widget\" data-e-type=\"widget\" data-settings=\"{&quot;gallery_layout&quot;:&quot;masonry&quot;,&quot;columns&quot;:2,&quot;gap&quot;:{&quot;unit&quot;:&quot;px&quot;,&quot;size&quot;:20,&quot;sizes&quot;:[]},&quot;lazyload&quot;:&quot;yes&quot;,&quot;columns_tablet&quot;:2,&quot;columns_mobile&quot;:1,&quot;gap_tablet&quot;:{&quot;unit&quot;:&quot;px&quot;,&quot;size&quot;:10,&quot;sizes&quot;:[]},&quot;gap_mobile&quot;:{&quot;unit&quot;:&quot;px&quot;,&quot;size&quot;:10,&quot;sizes&quot;:[]},&quot;link_to&quot;:&quot;file&quot;,&quot;overlay_background&quot;:&quot;yes&quot;,&quot;content_hover_animation&quot;:&quot;fade-in&quot;}\" data-widget_type=\"gallery.default\">\n\t\t\t\t\t\t\t<div class=\"elementor-gallery__container\">\n\t\t\t\t\t\t\t<a class=\"e-gallery-item elementor-gallery-item elementor-animated-content\" href=\"https:\/\/gabipavanello.ch\/wordpress\/wp-content\/uploads\/2025\/01\/c2a8282-bearbeitet.jpg\" data-elementor-open-lightbox=\"yes\" data-elementor-lightbox-slideshow=\"4d613c9\" data-e-action-hash=\"#elementor-action%3Aaction%3Dlightbox%26settings%3DeyJpZCI6NjAyMywidXJsIjoiaHR0cHM6XC9cL2dhYmlwYXZhbmVsbG8uY2hcL3dvcmRwcmVzc1wvd3AtY29udGVudFwvdXBsb2Fkc1wvMjAyNVwvMDFcL2MyYTgyODItYmVhcmJlaXRldC5qcGciLCJzbGlkZXNob3ciOiI0ZDYxM2M5In0%3D\">\n\t\t\t\t\t<div class=\"e-gallery-image elementor-gallery-item__image\" data-thumbnail=\"https:\/\/gabipavanello.ch\/wordpress\/wp-content\/uploads\/2025\/01\/c2a8282-bearbeitet-1024x683.jpg\" data-width=\"1024\" data-height=\"683\" aria-label=\"\" role=\"img\" ><\/div>\n\t\t\t\t\t\t\t\t\t\t\t<div class=\"elementor-gallery-item__overlay\"><\/div>\n\t\t\t\t\t\t\t\t\t\t\t\t\t\t<\/a>\n\t\t\t\t\t\t\t<a class=\"e-gallery-item elementor-gallery-item elementor-animated-content\" href=\"https:\/\/gabipavanello.ch\/wordpress\/wp-content\/uploads\/2025\/01\/c2a8284.jpg\" data-elementor-open-lightbox=\"yes\" data-elementor-lightbox-slideshow=\"4d613c9\" data-e-action-hash=\"#elementor-action%3Aaction%3Dlightbox%26settings%3DeyJpZCI6NjAyNCwidXJsIjoiaHR0cHM6XC9cL2dhYmlwYXZhbmVsbG8uY2hcL3dvcmRwcmVzc1wvd3AtY29udGVudFwvdXBsb2Fkc1wvMjAyNVwvMDFcL2MyYTgyODQuanBnIiwic2xpZGVzaG93IjoiNGQ2MTNjOSJ9\">\n\t\t\t\t\t<div class=\"e-gallery-image elementor-gallery-item__image\" data-thumbnail=\"https:\/\/gabipavanello.ch\/wordpress\/wp-content\/uploads\/2025\/01\/c2a8284-1024x683.jpg\" data-width=\"1024\" data-height=\"683\" aria-label=\"\" role=\"img\" ><\/div>\n\t\t\t\t\t\t\t\t\t\t\t<div class=\"elementor-gallery-item__overlay\"><\/div>\n\t\t\t\t\t\t\t\t\t\t\t\t\t\t<\/a>\n\t\t\t\t\t\t\t<a class=\"e-gallery-item elementor-gallery-item elementor-animated-content\" href=\"https:\/\/gabipavanello.ch\/wordpress\/wp-content\/uploads\/2025\/01\/c2a8288.jpg\" data-elementor-open-lightbox=\"yes\" data-elementor-lightbox-slideshow=\"4d613c9\" data-e-action-hash=\"#elementor-action%3Aaction%3Dlightbox%26settings%3DeyJpZCI6NjAyNSwidXJsIjoiaHR0cHM6XC9cL2dhYmlwYXZhbmVsbG8uY2hcL3dvcmRwcmVzc1wvd3AtY29udGVudFwvdXBsb2Fkc1wvMjAyNVwvMDFcL2MyYTgyODguanBnIiwic2xpZGVzaG93IjoiNGQ2MTNjOSJ9\">\n\t\t\t\t\t<div class=\"e-gallery-image elementor-gallery-item__image\" data-thumbnail=\"https:\/\/gabipavanello.ch\/wordpress\/wp-content\/uploads\/2025\/01\/c2a8288-1024x683.jpg\" data-width=\"1024\" data-height=\"683\" aria-label=\"\" role=\"img\" ><\/div>\n\t\t\t\t\t\t\t\t\t\t\t<div class=\"elementor-gallery-item__overlay\"><\/div>\n\t\t\t\t\t\t\t\t\t\t\t\t\t\t<\/a>\n\t\t\t\t\t\t\t<a class=\"e-gallery-item elementor-gallery-item elementor-animated-content\" href=\"https:\/\/gabipavanello.ch\/wordpress\/wp-content\/uploads\/2025\/01\/c2a8289.jpg\" data-elementor-open-lightbox=\"yes\" data-elementor-lightbox-slideshow=\"4d613c9\" data-e-action-hash=\"#elementor-action%3Aaction%3Dlightbox%26settings%3DeyJpZCI6NjAyNiwidXJsIjoiaHR0cHM6XC9cL2dhYmlwYXZhbmVsbG8uY2hcL3dvcmRwcmVzc1wvd3AtY29udGVudFwvdXBsb2Fkc1wvMjAyNVwvMDFcL2MyYTgyODkuanBnIiwic2xpZGVzaG93IjoiNGQ2MTNjOSJ9\">\n\t\t\t\t\t<div class=\"e-gallery-image elementor-gallery-item__image\" data-thumbnail=\"https:\/\/gabipavanello.ch\/wordpress\/wp-content\/uploads\/2025\/01\/c2a8289-1024x683.jpg\" data-width=\"1024\" data-height=\"683\" aria-label=\"\" role=\"img\" ><\/div>\n\t\t\t\t\t\t\t\t\t\t\t<div class=\"elementor-gallery-item__overlay\"><\/div>\n\t\t\t\t\t\t\t\t\t\t\t\t\t\t<\/a>\n\t\t\t\t\t\t\t<a class=\"e-gallery-item elementor-gallery-item elementor-animated-content\" href=\"https:\/\/gabipavanello.ch\/wordpress\/wp-content\/uploads\/2025\/01\/c2a8292.jpg\" data-elementor-open-lightbox=\"yes\" data-elementor-lightbox-slideshow=\"4d613c9\" data-e-action-hash=\"#elementor-action%3Aaction%3Dlightbox%26settings%3DeyJpZCI6NjAyNywidXJsIjoiaHR0cHM6XC9cL2dhYmlwYXZhbmVsbG8uY2hcL3dvcmRwcmVzc1wvd3AtY29udGVudFwvdXBsb2Fkc1wvMjAyNVwvMDFcL2MyYTgyOTIuanBnIiwic2xpZGVzaG93IjoiNGQ2MTNjOSJ9\">\n\t\t\t\t\t<div class=\"e-gallery-image elementor-gallery-item__image\" data-thumbnail=\"https:\/\/gabipavanello.ch\/wordpress\/wp-content\/uploads\/2025\/01\/c2a8292-1024x683.jpg\" data-width=\"1024\" data-height=\"683\" aria-label=\"\" role=\"img\" ><\/div>\n\t\t\t\t\t\t\t\t\t\t\t<div class=\"elementor-gallery-item__overlay\"><\/div>\n\t\t\t\t\t\t\t\t\t\t\t\t\t\t<\/a>\n\t\t\t\t\t\t\t<a class=\"e-gallery-item elementor-gallery-item elementor-animated-content\" href=\"https:\/\/gabipavanello.ch\/wordpress\/wp-content\/uploads\/2025\/01\/c2a8307.jpg\" data-elementor-open-lightbox=\"yes\" data-elementor-lightbox-slideshow=\"4d613c9\" data-e-action-hash=\"#elementor-action%3Aaction%3Dlightbox%26settings%3DeyJpZCI6NjAyOSwidXJsIjoiaHR0cHM6XC9cL2dhYmlwYXZhbmVsbG8uY2hcL3dvcmRwcmVzc1wvd3AtY29udGVudFwvdXBsb2Fkc1wvMjAyNVwvMDFcL2MyYTgzMDcuanBnIiwic2xpZGVzaG93IjoiNGQ2MTNjOSJ9\">\n\t\t\t\t\t<div class=\"e-gallery-image elementor-gallery-item__image\" data-thumbnail=\"https:\/\/gabipavanello.ch\/wordpress\/wp-content\/uploads\/2025\/01\/c2a8307-1024x683.jpg\" data-width=\"1024\" data-height=\"683\" aria-label=\"\" role=\"img\" ><\/div>\n\t\t\t\t\t\t\t\t\t\t\t<div class=\"elementor-gallery-item__overlay\"><\/div>\n\t\t\t\t\t\t\t\t\t\t\t\t\t\t<\/a>\n\t\t\t\t\t\t\t<a class=\"e-gallery-item elementor-gallery-item elementor-animated-content\" href=\"https:\/\/gabipavanello.ch\/wordpress\/wp-content\/uploads\/2025\/01\/c2a8308.jpg\" data-elementor-open-lightbox=\"yes\" data-elementor-lightbox-slideshow=\"4d613c9\" data-e-action-hash=\"#elementor-action%3Aaction%3Dlightbox%26settings%3DeyJpZCI6NjAzMCwidXJsIjoiaHR0cHM6XC9cL2dhYmlwYXZhbmVsbG8uY2hcL3dvcmRwcmVzc1wvd3AtY29udGVudFwvdXBsb2Fkc1wvMjAyNVwvMDFcL2MyYTgzMDguanBnIiwic2xpZGVzaG93IjoiNGQ2MTNjOSJ9\">\n\t\t\t\t\t<div class=\"e-gallery-image elementor-gallery-item__image\" data-thumbnail=\"https:\/\/gabipavanello.ch\/wordpress\/wp-content\/uploads\/2025\/01\/c2a8308-1024x683.jpg\" data-width=\"1024\" data-height=\"683\" aria-label=\"\" role=\"img\" ><\/div>\n\t\t\t\t\t\t\t\t\t\t\t<div class=\"elementor-gallery-item__overlay\"><\/div>\n\t\t\t\t\t\t\t\t\t\t\t\t\t\t<\/a>\n\t\t\t\t\t\t\t<a class=\"e-gallery-item elementor-gallery-item elementor-animated-content\" href=\"https:\/\/gabipavanello.ch\/wordpress\/wp-content\/uploads\/2025\/01\/c2a8301.jpg\" data-elementor-open-lightbox=\"yes\" data-elementor-lightbox-slideshow=\"4d613c9\" data-e-action-hash=\"#elementor-action%3Aaction%3Dlightbox%26settings%3DeyJpZCI6NTkyNywidXJsIjoiaHR0cHM6XC9cL2dhYmlwYXZhbmVsbG8uY2hcL3dvcmRwcmVzc1wvd3AtY29udGVudFwvdXBsb2Fkc1wvMjAyNVwvMDFcL2MyYTgzMDEuanBnIiwic2xpZGVzaG93IjoiNGQ2MTNjOSJ9\">\n\t\t\t\t\t<div class=\"e-gallery-image elementor-gallery-item__image\" data-thumbnail=\"https:\/\/gabipavanello.ch\/wordpress\/wp-content\/uploads\/2025\/01\/c2a8301-1024x683.jpg\" data-width=\"1024\" data-height=\"683\" aria-label=\"\" role=\"img\" ><\/div>\n\t\t\t\t\t\t\t\t\t\t\t<div class=\"elementor-gallery-item__overlay\"><\/div>\n\t\t\t\t\t\t\t\t\t\t\t\t\t\t<\/a>\n\t\t\t\t\t<\/div>\n\t\t\t\t\t<\/div>\n\t\t\t\t\t<\/div>\n\t\t\t\t<\/div>\n\t\t<div class=\"elementor-element elementor-element-23aef51 e-grid e-con-full e-con e-parent\" data-id=\"23aef51\" data-element_type=\"container\" data-e-type=\"container\">\n\t\t\t\t<div class=\"elementor-element elementor-element-80d3de0 elementor-align-center elementor-widget elementor-widget-button\" data-id=\"80d3de0\" data-element_type=\"widget\" data-e-type=\"widget\" data-widget_type=\"button.default\">\n\t\t\t\t\t\t\t\t\t\t<a class=\"elementor-button elementor-button-link elementor-size-sm\" href=\"https:\/\/gabipavanello.ch\/wordpress\/die-nationale-nekropole-von-cernay\/\">\n\t\t\t\t\t\t<span class=\"elementor-button-content-wrapper\">\n\t\t\t\t\t\t\t\t\t<span class=\"elementor-button-text\">zur\u00fcck<\/span>\n\t\t\t\t\t<\/span>\n\t\t\t\t\t<\/a>\n\t\t\t\t\t\t\t\t<\/div>\n\t\t\t\t<div class=\"elementor-element elementor-element-9215655 elementor-align-center elementor-widget elementor-widget-button\" data-id=\"9215655\" data-element_type=\"widget\" data-e-type=\"widget\" data-widget_type=\"button.default\">\n\t\t\t\t\t\t\t\t\t\t<a class=\"elementor-button elementor-button-link elementor-size-sm\" href=\"https:\/\/gabipavanello.ch\/wordpress\/necropoles-nationales\/\">\n\t\t\t\t\t\t<span class=\"elementor-button-content-wrapper\">\n\t\t\t\t\t\t\t\t\t<span class=\"elementor-button-text\">\u00dcbersicht<\/span>\n\t\t\t\t\t<\/span>\n\t\t\t\t\t<\/a>\n\t\t\t\t\t\t\t\t<\/div>\n\t\t\t\t<div class=\"elementor-element elementor-element-a6d71de elementor-align-center elementor-widget elementor-widget-button\" data-id=\"a6d71de\" data-element_type=\"widget\" data-e-type=\"widget\" data-widget_type=\"button.default\">\n\t\t\t\t\t\t\t\t\t\t<a class=\"elementor-button elementor-button-link elementor-size-sm\" href=\"https:\/\/gabipavanello.ch\/wordpress\/der-deutsche-soldatenfriedhof-breitenbach\/\">\n\t\t\t\t\t\t<span class=\"elementor-button-content-wrapper\">\n\t\t\t\t\t\t\t\t\t<span class=\"elementor-button-text\">zur\u00fcck<\/span>\n\t\t\t\t\t<\/span>\n\t\t\t\t\t<\/a>\n\t\t\t\t\t\t\t\t<\/div>\n\t\t\t\t<\/div>\n\t\t\t\t<\/div>\n\t\t","protected":false},"excerpt":{"rendered":"<p>Der deutsche Soldatenfriedhof Le Grasberg Der Deutsche Soldatenfriedhof Le Grasberg in Bergheim liegt \u00fcber den D\u00e4chern der malerischen els\u00e4ssischen Stadt auf einem H\u00fcgel mit Blick auf die umliegende Landschaft. Hier ruhen 5.308 deutsche Soldaten, die im Zweiten Weltkrieg gefallen sind. Die Gefallenen stammten aus mehr als 225 Gemeinden des D\u00e9partements Haut-Rhin, in denen ihre Gr\u00e4ber &#8230; <a title=\"Der deutsche Soldatenfriedhof Le Grasberg\" class=\"read-more\" href=\"https:\/\/gabipavanello.ch\/wordpress\/der-deutsche-soldatenfriedhof-le-grasberg\/\" aria-label=\"Mehr Informationen \u00fcber Der deutsche Soldatenfriedhof Le Grasberg\">Weiterlesen<\/a><\/p>\n","protected":false},"author":1,"featured_media":0,"parent":0,"menu_order":0,"comment_status":"closed","ping_status":"closed","template":"","meta":{"footnotes":""},"class_list":["post-5602","page","type-page","status-publish"],"_links":{"self":[{"href":"https:\/\/gabipavanello.ch\/wordpress\/wp-json\/wp\/v2\/pages\/5602","targetHints":{"allow":["GET"]}}],"collection":[{"href":"https:\/\/gabipavanello.ch\/wordpress\/wp-json\/wp\/v2\/pages"}],"about":[{"href":"https:\/\/gabipavanello.ch\/wordpress\/wp-json\/wp\/v2\/types\/page"}],"author":[{"embeddable":true,"href":"https:\/\/gabipavanello.ch\/wordpress\/wp-json\/wp\/v2\/users\/1"}],"replies":[{"embeddable":true,"href":"https:\/\/gabipavanello.ch\/wordpress\/wp-json\/wp\/v2\/comments?post=5602"}],"version-history":[{"count":35,"href":"https:\/\/gabipavanello.ch\/wordpress\/wp-json\/wp\/v2\/pages\/5602\/revisions"}],"predecessor-version":[{"id":7255,"href":"https:\/\/gabipavanello.ch\/wordpress\/wp-json\/wp\/v2\/pages\/5602\/revisions\/7255"}],"wp:attachment":[{"href":"https:\/\/gabipavanello.ch\/wordpress\/wp-json\/wp\/v2\/media?parent=5602"}],"curies":[{"name":"wp","href":"https:\/\/api.w.org\/{rel}","templated":true}]}}