{"id":5604,"date":"2024-12-29T12:33:10","date_gmt":"2024-12-29T11:33:10","guid":{"rendered":"https:\/\/gabipavanello.ch\/wordpress\/?page_id=5604"},"modified":"2025-12-03T14:29:22","modified_gmt":"2025-12-03T13:29:22","slug":"der-deutsche-soldatenfriedhof-breitenbach","status":"publish","type":"page","link":"https:\/\/gabipavanello.ch\/wordpress\/der-deutsche-soldatenfriedhof-breitenbach\/","title":{"rendered":"Der deutsche Soldatenfriedhof Breitenbach"},"content":{"rendered":"\t\t<div data-elementor-type=\"wp-page\" data-elementor-id=\"5604\" class=\"elementor elementor-5604\" data-elementor-post-type=\"page\">\n\t\t\t\t<div class=\"elementor-element elementor-element-afd8278 e-flex e-con-boxed e-con e-parent\" data-id=\"afd8278\" data-element_type=\"container\" data-e-type=\"container\">\n\t\t\t\t\t<div class=\"e-con-inner\">\n\t\t\t\t<div class=\"elementor-element elementor-element-130af76 elementor-widget elementor-widget-heading\" data-id=\"130af76\" data-element_type=\"widget\" data-e-type=\"widget\" data-widget_type=\"heading.default\">\n\t\t\t\t\t<h2 class=\"elementor-heading-title elementor-size-default\">Der deutsche Soldatenfriedhof Breitenbach<\/h2>\t\t\t\t<\/div>\n\t\t\t\t\t<\/div>\n\t\t\t\t<\/div>\n\t\t<div class=\"elementor-element elementor-element-c123b8a e-con-full e-flex e-con e-parent\" data-id=\"c123b8a\" data-element_type=\"container\" data-e-type=\"container\">\n\t\t\t\t<div class=\"elementor-element elementor-element-1a9ca69 elementor-widget-divider--view-line elementor-widget elementor-widget-divider\" data-id=\"1a9ca69\" data-element_type=\"widget\" data-e-type=\"widget\" data-widget_type=\"divider.default\">\n\t\t\t\t\t\t\t<div class=\"elementor-divider\">\n\t\t\t<span class=\"elementor-divider-separator\">\n\t\t\t\t\t\t<\/span>\n\t\t<\/div>\n\t\t\t\t\t\t<\/div>\n\t\t\t\t<\/div>\n\t\t<div class=\"elementor-element elementor-element-2871f87 e-flex e-con-boxed e-con e-parent\" data-id=\"2871f87\" data-element_type=\"container\" data-e-type=\"container\">\n\t\t\t\t\t<div class=\"e-con-inner\">\n\t\t\t\t<div class=\"elementor-element elementor-element-ae5f79f elementor-widget elementor-widget-text-editor\" data-id=\"ae5f79f\" data-element_type=\"widget\" data-e-type=\"widget\" data-widget_type=\"text-editor.default\">\n\t\t\t\t\t\t\t\t\t<h5>Der <strong>Deutsche Soldatenfriedhof Breitenbach<\/strong> im D\u00e9partement Haut-Rhin wurde im Dezember 1920 von den franz\u00f6sischen Milit\u00e4rbeh\u00f6rden als Sammelfriedhof f\u00fcr deutsche Gefallene des Ersten Weltkriegs angelegt. Die hier bestatteten 3.362 Toten stammen aus den Kampfgebieten der Vogesen, insbesondere aus dem oberen Fechttal und seinen Nebent\u00e4lern. Der Friedhof umfasst Tote aus einem Umkreis von 66 Orten, der von Riquewihr im Norden bis Cernay im S\u00fcden reicht. Neben den Opfern des Ersten Weltkriegs ruhen hier auch 173 deutsche Kriegstote aus dem Zweiten Weltkrieg. Die Gestaltung des Friedhofs spiegelt nicht nur die Geschichte, sondern auch den Wandel des deutsch-franz\u00f6sischen Verh\u00e4ltnisses wider.<\/h5><hr \/><h5>\u00a0<\/h5><h5 style=\"text-align: center;\">Wichtige Merkmale<\/h5><ul><li><h5><strong>Opferzahl und Herkunft<\/strong>: Der Friedhof ist die Ruhest\u00e4tte f\u00fcr 3.362 Soldaten des Ersten Weltkriegs, von denen 2.277 in Einzelgr\u00e4bern bestattet sind. 1.085 Tote liegen in Gemeinschaftsgr\u00e4bern, darunter 130 unbekannte. Die Gefallenen geh\u00f6rten 14 Infanterie- und Artillerieregimenten aus verschiedenen Regionen Deutschlands an, darunter Bayern, Baden, W\u00fcrttemberg, Pommern und das Elsass.<\/h5><\/li><li><h5><strong>J\u00fcdische Gefallene<\/strong>: Acht Gr\u00e4ber sind speziell f\u00fcr Gefallene j\u00fcdischen Glaubens gekennzeichnet. Diese sind mit Natursteinstelen versehen, die hebr\u00e4ische Inschriften tragen, welche die religi\u00f6se Identit\u00e4t respektieren.<\/h5><\/li><li><h5><strong>Bedeutende K\u00e4mpfe<\/strong>: Die meisten hier Bestatteten starben in den Jahren 1914 und 1915 w\u00e4hrend der K\u00e4mpfe in den Vogesen oder bei den Stellungsk\u00e4mpfen bis 1918.<\/h5><\/li><\/ul><hr \/><h5>\u00a0<\/h5><h5 style=\"text-align: center;\">Bedeutung und Symbolik<\/h5><h5>Der Friedhof Breitenbach dient als Mahnmal f\u00fcr die Schrecken des Krieges und die Vielzahl der Opfer. Er ist ein Symbol f\u00fcr die Vers\u00f6hnung zwischen Deutschland und Frankreich, insbesondere nach dem deutsch-franz\u00f6sischen Kriegsgr\u00e4berabkommen von 1966. Die Instandsetzungsarbeiten durch den Volksbund Deutsche Kriegsgr\u00e4berf\u00fcrsorge, mit Unterst\u00fctzung freiwilliger Helfer und der Bundeswehr, unterstreichen den Wert des Gedenkens und der internationalen Zusammenarbeit.<\/h5><h5>Die Einbindung j\u00fcdischer Grabst\u00e4tten in den Friedhof spiegelt zudem die kulturelle und religi\u00f6se Vielfalt der Gefallenen wider und betont die universelle Bedeutung von Respekt und Erinnerung.<\/h5><hr \/><h5>\u00a0<\/h5><h5 style=\"text-align: center;\">Landschaft und Architektur<\/h5><h5>Die landschaftliche und architektonische Gestaltung des Friedhofs zeigt eine durchdachte Harmonie mit der Umgebung:<\/h5><ul><li><h5><strong>Terrassenstruktur<\/strong>: Die Gr\u00e4berreihen sind terrassenf\u00f6rmig angelegt, abgest\u00fctzt durch Natursteinmauern, die den Hang stabilisieren und \u00e4sthetisch ansprechend gliedern.<\/h5><\/li><li><h5><strong>Naturintegration<\/strong>: Baum- und Strauchpflanzungen schaffen eine ruhige, abgeschlossene Atmosph\u00e4re und heben den Friedhof von der umliegenden Landschaft ab.<\/h5><\/li><li><h5><strong>Zentrale Elemente<\/strong>: Ein geschmiedetes Stahlkreuz ersetzt das fr\u00fchere h\u00f6lzerne Hochkreuz und steht symbolisch f\u00fcr Gedenken und Opfermut.<\/h5><\/li><li><h5><strong>Zugang<\/strong>: Ein neuer Eingang mit Natursteintor und Fl\u00fcgelmauern bietet einen w\u00fcrdevollen Zugang zur St\u00e4tte.<\/h5><\/li><\/ul><h5>Der Deutsche Soldatenfriedhof Breitenbach verbindet historische Bedeutung mit landschaftlicher Sch\u00f6nheit und schafft so einen Ort der Erinnerung und des stillen Gedenkens.<\/h5>\t\t\t\t\t\t\t\t<\/div>\n\t\t\t\t\t<\/div>\n\t\t\t\t<\/div>\n\t\t<div class=\"elementor-element elementor-element-5b062e5 e-con-full e-flex e-con e-parent\" data-id=\"5b062e5\" data-element_type=\"container\" data-e-type=\"container\">\n\t\t\t\t<div class=\"elementor-element elementor-element-a8ec8b4 elementor-widget elementor-widget-gallery\" data-id=\"a8ec8b4\" data-element_type=\"widget\" data-e-type=\"widget\" data-settings=\"{&quot;gallery_layout&quot;:&quot;masonry&quot;,&quot;columns&quot;:2,&quot;gap&quot;:{&quot;unit&quot;:&quot;px&quot;,&quot;size&quot;:20,&quot;sizes&quot;:[]},&quot;lazyload&quot;:&quot;yes&quot;,&quot;columns_tablet&quot;:2,&quot;columns_mobile&quot;:1,&quot;gap_tablet&quot;:{&quot;unit&quot;:&quot;px&quot;,&quot;size&quot;:10,&quot;sizes&quot;:[]},&quot;gap_mobile&quot;:{&quot;unit&quot;:&quot;px&quot;,&quot;size&quot;:10,&quot;sizes&quot;:[]},&quot;link_to&quot;:&quot;file&quot;,&quot;overlay_background&quot;:&quot;yes&quot;,&quot;content_hover_animation&quot;:&quot;fade-in&quot;}\" data-widget_type=\"gallery.default\">\n\t\t\t\t\t\t\t<div class=\"elementor-gallery__container\">\n\t\t\t\t\t\t\t<a class=\"e-gallery-item elementor-gallery-item elementor-animated-content\" href=\"https:\/\/gabipavanello.ch\/wordpress\/wp-content\/uploads\/2025\/01\/c2a8327.jpg\" data-elementor-open-lightbox=\"yes\" data-elementor-lightbox-slideshow=\"a8ec8b4\" data-e-action-hash=\"#elementor-action%3Aaction%3Dlightbox%26settings%3DeyJpZCI6NjAzNiwidXJsIjoiaHR0cHM6XC9cL2dhYmlwYXZhbmVsbG8uY2hcL3dvcmRwcmVzc1wvd3AtY29udGVudFwvdXBsb2Fkc1wvMjAyNVwvMDFcL2MyYTgzMjcuanBnIiwic2xpZGVzaG93IjoiYThlYzhiNCJ9\">\n\t\t\t\t\t<div class=\"e-gallery-image elementor-gallery-item__image\" data-thumbnail=\"https:\/\/gabipavanello.ch\/wordpress\/wp-content\/uploads\/2025\/01\/c2a8327-683x1024.jpg\" data-width=\"683\" data-height=\"1024\" aria-label=\"\" role=\"img\" ><\/div>\n\t\t\t\t\t\t\t\t\t\t\t<div class=\"elementor-gallery-item__overlay\"><\/div>\n\t\t\t\t\t\t\t\t\t\t\t\t\t\t<\/a>\n\t\t\t\t\t\t\t<a class=\"e-gallery-item elementor-gallery-item elementor-animated-content\" href=\"https:\/\/gabipavanello.ch\/wordpress\/wp-content\/uploads\/2025\/01\/c2a8321.jpg\" data-elementor-open-lightbox=\"yes\" data-elementor-lightbox-slideshow=\"a8ec8b4\" data-e-action-hash=\"#elementor-action%3Aaction%3Dlightbox%26settings%3DeyJpZCI6NjAzNCwidXJsIjoiaHR0cHM6XC9cL2dhYmlwYXZhbmVsbG8uY2hcL3dvcmRwcmVzc1wvd3AtY29udGVudFwvdXBsb2Fkc1wvMjAyNVwvMDFcL2MyYTgzMjEuanBnIiwic2xpZGVzaG93IjoiYThlYzhiNCJ9\">\n\t\t\t\t\t<div class=\"e-gallery-image elementor-gallery-item__image\" data-thumbnail=\"https:\/\/gabipavanello.ch\/wordpress\/wp-content\/uploads\/2025\/01\/c2a8321-1024x683.jpg\" data-width=\"1024\" data-height=\"683\" aria-label=\"\" role=\"img\" ><\/div>\n\t\t\t\t\t\t\t\t\t\t\t<div class=\"elementor-gallery-item__overlay\"><\/div>\n\t\t\t\t\t\t\t\t\t\t\t\t\t\t<\/a>\n\t\t\t\t\t\t\t<a class=\"e-gallery-item elementor-gallery-item elementor-animated-content\" href=\"https:\/\/gabipavanello.ch\/wordpress\/wp-content\/uploads\/2025\/01\/c2a8324.jpg\" data-elementor-open-lightbox=\"yes\" data-elementor-lightbox-slideshow=\"a8ec8b4\" data-e-action-hash=\"#elementor-action%3Aaction%3Dlightbox%26settings%3DeyJpZCI6NjAzNSwidXJsIjoiaHR0cHM6XC9cL2dhYmlwYXZhbmVsbG8uY2hcL3dvcmRwcmVzc1wvd3AtY29udGVudFwvdXBsb2Fkc1wvMjAyNVwvMDFcL2MyYTgzMjQuanBnIiwic2xpZGVzaG93IjoiYThlYzhiNCJ9\">\n\t\t\t\t\t<div class=\"e-gallery-image elementor-gallery-item__image\" data-thumbnail=\"https:\/\/gabipavanello.ch\/wordpress\/wp-content\/uploads\/2025\/01\/c2a8324-1024x683.jpg\" data-width=\"1024\" data-height=\"683\" aria-label=\"\" role=\"img\" ><\/div>\n\t\t\t\t\t\t\t\t\t\t\t<div class=\"elementor-gallery-item__overlay\"><\/div>\n\t\t\t\t\t\t\t\t\t\t\t\t\t\t<\/a>\n\t\t\t\t\t\t\t<a class=\"e-gallery-item elementor-gallery-item elementor-animated-content\" href=\"https:\/\/gabipavanello.ch\/wordpress\/wp-content\/uploads\/2025\/01\/c2a8330.jpg\" data-elementor-open-lightbox=\"yes\" data-elementor-lightbox-slideshow=\"a8ec8b4\" data-e-action-hash=\"#elementor-action%3Aaction%3Dlightbox%26settings%3DeyJpZCI6NjAzNywidXJsIjoiaHR0cHM6XC9cL2dhYmlwYXZhbmVsbG8uY2hcL3dvcmRwcmVzc1wvd3AtY29udGVudFwvdXBsb2Fkc1wvMjAyNVwvMDFcL2MyYTgzMzAuanBnIiwic2xpZGVzaG93IjoiYThlYzhiNCJ9\">\n\t\t\t\t\t<div class=\"e-gallery-image elementor-gallery-item__image\" data-thumbnail=\"https:\/\/gabipavanello.ch\/wordpress\/wp-content\/uploads\/2025\/01\/c2a8330-1024x683.jpg\" data-width=\"1024\" data-height=\"683\" aria-label=\"\" role=\"img\" ><\/div>\n\t\t\t\t\t\t\t\t\t\t\t<div class=\"elementor-gallery-item__overlay\"><\/div>\n\t\t\t\t\t\t\t\t\t\t\t\t\t\t<\/a>\n\t\t\t\t\t\t\t<a class=\"e-gallery-item elementor-gallery-item elementor-animated-content\" href=\"https:\/\/gabipavanello.ch\/wordpress\/wp-content\/uploads\/2025\/01\/c2a8333.jpg\" data-elementor-open-lightbox=\"yes\" data-elementor-lightbox-slideshow=\"a8ec8b4\" data-e-action-hash=\"#elementor-action%3Aaction%3Dlightbox%26settings%3DeyJpZCI6NjAzOCwidXJsIjoiaHR0cHM6XC9cL2dhYmlwYXZhbmVsbG8uY2hcL3dvcmRwcmVzc1wvd3AtY29udGVudFwvdXBsb2Fkc1wvMjAyNVwvMDFcL2MyYTgzMzMuanBnIiwic2xpZGVzaG93IjoiYThlYzhiNCJ9\">\n\t\t\t\t\t<div class=\"e-gallery-image elementor-gallery-item__image\" data-thumbnail=\"https:\/\/gabipavanello.ch\/wordpress\/wp-content\/uploads\/2025\/01\/c2a8333-1024x683.jpg\" data-width=\"1024\" data-height=\"683\" aria-label=\"\" role=\"img\" ><\/div>\n\t\t\t\t\t\t\t\t\t\t\t<div class=\"elementor-gallery-item__overlay\"><\/div>\n\t\t\t\t\t\t\t\t\t\t\t\t\t\t<\/a>\n\t\t\t\t\t\t\t<a class=\"e-gallery-item elementor-gallery-item elementor-animated-content\" href=\"https:\/\/gabipavanello.ch\/wordpress\/wp-content\/uploads\/2025\/01\/c2a8341-1.jpg\" data-elementor-open-lightbox=\"yes\" data-elementor-lightbox-slideshow=\"a8ec8b4\" data-e-action-hash=\"#elementor-action%3Aaction%3Dlightbox%26settings%3DeyJpZCI6NjAzOSwidXJsIjoiaHR0cHM6XC9cL2dhYmlwYXZhbmVsbG8uY2hcL3dvcmRwcmVzc1wvd3AtY29udGVudFwvdXBsb2Fkc1wvMjAyNVwvMDFcL2MyYTgzNDEtMS5qcGciLCJzbGlkZXNob3ciOiJhOGVjOGI0In0%3D\">\n\t\t\t\t\t<div class=\"e-gallery-image elementor-gallery-item__image\" data-thumbnail=\"https:\/\/gabipavanello.ch\/wordpress\/wp-content\/uploads\/2025\/01\/c2a8341-1-1024x683.jpg\" data-width=\"1024\" data-height=\"683\" aria-label=\"\" role=\"img\" ><\/div>\n\t\t\t\t\t\t\t\t\t\t\t<div class=\"elementor-gallery-item__overlay\"><\/div>\n\t\t\t\t\t\t\t\t\t\t\t\t\t\t<\/a>\n\t\t\t\t\t\t\t<a class=\"e-gallery-item elementor-gallery-item elementor-animated-content\" href=\"https:\/\/gabipavanello.ch\/wordpress\/wp-content\/uploads\/2025\/01\/c2a8345.jpg\" data-elementor-open-lightbox=\"yes\" data-elementor-lightbox-slideshow=\"a8ec8b4\" data-e-action-hash=\"#elementor-action%3Aaction%3Dlightbox%26settings%3DeyJpZCI6NjA0MCwidXJsIjoiaHR0cHM6XC9cL2dhYmlwYXZhbmVsbG8uY2hcL3dvcmRwcmVzc1wvd3AtY29udGVudFwvdXBsb2Fkc1wvMjAyNVwvMDFcL2MyYTgzNDUuanBnIiwic2xpZGVzaG93IjoiYThlYzhiNCJ9\">\n\t\t\t\t\t<div class=\"e-gallery-image elementor-gallery-item__image\" data-thumbnail=\"https:\/\/gabipavanello.ch\/wordpress\/wp-content\/uploads\/2025\/01\/c2a8345-1024x683.jpg\" data-width=\"1024\" data-height=\"683\" aria-label=\"\" role=\"img\" ><\/div>\n\t\t\t\t\t\t\t\t\t\t\t<div class=\"elementor-gallery-item__overlay\"><\/div>\n\t\t\t\t\t\t\t\t\t\t\t\t\t\t<\/a>\n\t\t\t\t\t<\/div>\n\t\t\t\t\t<\/div>\n\t\t\t\t<\/div>\n\t\t<div class=\"elementor-element elementor-element-7189588 e-grid e-con-full e-con e-parent\" data-id=\"7189588\" data-element_type=\"container\" data-e-type=\"container\">\n\t\t\t\t<div class=\"elementor-element elementor-element-d807b89 elementor-align-center elementor-widget elementor-widget-button\" data-id=\"d807b89\" data-element_type=\"widget\" data-e-type=\"widget\" data-widget_type=\"button.default\">\n\t\t\t\t\t\t\t\t\t\t<a class=\"elementor-button elementor-button-link elementor-size-sm\" href=\"https:\/\/gabipavanello.ch\/wordpress\/der-deutsche-soldatenfriedhof-le-grasberg\/\">\n\t\t\t\t\t\t<span class=\"elementor-button-content-wrapper\">\n\t\t\t\t\t\t\t\t\t<span class=\"elementor-button-text\">zur\u00fcck<\/span>\n\t\t\t\t\t<\/span>\n\t\t\t\t\t<\/a>\n\t\t\t\t\t\t\t\t<\/div>\n\t\t\t\t<div class=\"elementor-element elementor-element-e0353cb elementor-align-center elementor-widget elementor-widget-button\" data-id=\"e0353cb\" data-element_type=\"widget\" data-e-type=\"widget\" data-widget_type=\"button.default\">\n\t\t\t\t\t\t\t\t\t\t<a class=\"elementor-button elementor-button-link elementor-size-sm\" href=\"https:\/\/gabipavanello.ch\/wordpress\/necropoles-nationales\/\">\n\t\t\t\t\t\t<span class=\"elementor-button-content-wrapper\">\n\t\t\t\t\t\t\t\t\t<span class=\"elementor-button-text\">\u00dcbersicht<\/span>\n\t\t\t\t\t<\/span>\n\t\t\t\t\t<\/a>\n\t\t\t\t\t\t\t\t<\/div>\n\t\t\t\t<div class=\"elementor-element elementor-element-df106ab elementor-align-center elementor-widget elementor-widget-button\" data-id=\"df106ab\" data-element_type=\"widget\" data-e-type=\"widget\" data-widget_type=\"button.default\">\n\t\t\t\t\t\t\t\t\t\t<a class=\"elementor-button elementor-button-link elementor-size-sm\" href=\"https:\/\/gabipavanello.ch\/wordpress\/der-deutsche-soldatenfriedhof-von-sainte-marie-aux-mines\/\">\n\t\t\t\t\t\t<span class=\"elementor-button-content-wrapper\">\n\t\t\t\t\t\t\t\t\t<span class=\"elementor-button-text\">weiter<\/span>\n\t\t\t\t\t<\/span>\n\t\t\t\t\t<\/a>\n\t\t\t\t\t\t\t\t<\/div>\n\t\t\t\t<\/div>\n\t\t\t\t<\/div>\n\t\t","protected":false},"excerpt":{"rendered":"<p>Der deutsche Soldatenfriedhof Breitenbach Der Deutsche Soldatenfriedhof Breitenbach im D\u00e9partement Haut-Rhin wurde im Dezember 1920 von den franz\u00f6sischen Milit\u00e4rbeh\u00f6rden als Sammelfriedhof f\u00fcr deutsche Gefallene des Ersten Weltkriegs angelegt. Die hier bestatteten 3.362 Toten stammen aus den Kampfgebieten der Vogesen, insbesondere aus dem oberen Fechttal und seinen Nebent\u00e4lern. Der Friedhof umfasst Tote aus einem Umkreis von &#8230; <a title=\"Der deutsche Soldatenfriedhof Breitenbach\" class=\"read-more\" href=\"https:\/\/gabipavanello.ch\/wordpress\/der-deutsche-soldatenfriedhof-breitenbach\/\" aria-label=\"Mehr Informationen \u00fcber Der deutsche Soldatenfriedhof Breitenbach\">Weiterlesen<\/a><\/p>\n","protected":false},"author":1,"featured_media":0,"parent":0,"menu_order":0,"comment_status":"closed","ping_status":"closed","template":"","meta":{"footnotes":""},"class_list":["post-5604","page","type-page","status-publish"],"_links":{"self":[{"href":"https:\/\/gabipavanello.ch\/wordpress\/wp-json\/wp\/v2\/pages\/5604","targetHints":{"allow":["GET"]}}],"collection":[{"href":"https:\/\/gabipavanello.ch\/wordpress\/wp-json\/wp\/v2\/pages"}],"about":[{"href":"https:\/\/gabipavanello.ch\/wordpress\/wp-json\/wp\/v2\/types\/page"}],"author":[{"embeddable":true,"href":"https:\/\/gabipavanello.ch\/wordpress\/wp-json\/wp\/v2\/users\/1"}],"replies":[{"embeddable":true,"href":"https:\/\/gabipavanello.ch\/wordpress\/wp-json\/wp\/v2\/comments?post=5604"}],"version-history":[{"count":37,"href":"https:\/\/gabipavanello.ch\/wordpress\/wp-json\/wp\/v2\/pages\/5604\/revisions"}],"predecessor-version":[{"id":7258,"href":"https:\/\/gabipavanello.ch\/wordpress\/wp-json\/wp\/v2\/pages\/5604\/revisions\/7258"}],"wp:attachment":[{"href":"https:\/\/gabipavanello.ch\/wordpress\/wp-json\/wp\/v2\/media?parent=5604"}],"curies":[{"name":"wp","href":"https:\/\/api.w.org\/{rel}","templated":true}]}}