{"id":904,"date":"2022-02-07T15:08:11","date_gmt":"2022-02-07T14:08:11","guid":{"rendered":"http:\/\/gabipavanello.ch.galvani.ch-meta.net\/wordpress\/?page_id=904"},"modified":"2022-02-27T19:40:24","modified_gmt":"2022-02-27T18:40:24","slug":"datenschutz","status":"publish","type":"page","link":"https:\/\/gabipavanello.ch\/wordpress\/datenschutz\/","title":{"rendered":"Datenschutz"},"content":{"rendered":"\t\t<div data-elementor-type=\"wp-page\" data-elementor-id=\"904\" class=\"elementor elementor-904\" data-elementor-post-type=\"page\">\n\t\t\t\t\t\t<section class=\"elementor-section elementor-top-section elementor-element elementor-element-572745e3 elementor-section-boxed elementor-section-height-default elementor-section-height-default\" data-id=\"572745e3\" data-element_type=\"section\" data-e-type=\"section\">\n\t\t\t\t\t\t<div class=\"elementor-container elementor-column-gap-default\">\n\t\t\t\t\t<div class=\"elementor-column elementor-col-100 elementor-top-column elementor-element elementor-element-4650ac60\" data-id=\"4650ac60\" data-element_type=\"column\" data-e-type=\"column\">\n\t\t\t<div class=\"elementor-widget-wrap elementor-element-populated\">\n\t\t\t\t\t\t<div class=\"elementor-element elementor-element-7d80c6b7 elementor-widget elementor-widget-text-editor\" data-id=\"7d80c6b7\" data-element_type=\"widget\" data-e-type=\"widget\" data-widget_type=\"text-editor.default\">\n\t\t\t\t\t\t\t\t\t<p><\/p>\n<h2 class=\"wp-block-heading\" id=\"datenschutzerklarung\">Datenschutzerkl\u00e4rung<\/h2>\n<p>\u00a0<\/p>\n<p><\/p>\n<p>Verantwortliche Stelle im Sinne der Datenschutzgesetze, insbesondere der EU-Datenschutzgrundverordnung (DSGVO), ist:<\/p>\n<p>\u00a0<\/p>\n<p><\/p>\n<p>Gabriela Pavanello<br \/>Sonnhaldenweg 75<br \/>4450 Sissach<\/p>\n<p><\/p>\n<p><br \/>gabi.pavanello@gmx.ch<br \/>https:\/\/gabipavanello.ch<\/p>\n<p>\u00a0<\/p>\n<p>\u00a0<\/p>\n<p><\/p>\n<h2 class=\"wp-block-heading\" id=\"allgemeiner-hinweis\">Allgemeiner Hinweis<\/h2>\n<p><\/p>\n<p>Gest\u00fctzt auf Artikel 13 der schweizerischen Bundesverfassung und den datenschutzrechtlichen Bestimmungen des Bundes (Datenschutzgesetz, DSG) hat jede Person Anspruch auf Schutz ihrer Privatsph\u00e4re sowie auf Schutz vor Missbrauch ihrer pers\u00f6nlichen Daten. Die Betreiber dieser Seiten nehmen den Schutz Ihrer pers\u00f6nlichen Daten sehr ernst. Wir behandeln Ihre personenbezogenen Daten vertraulich und entsprechend der gesetzlichen Datenschutzvorschriften sowie dieser Datenschutzerkl\u00e4rung.<\/p>\n<p><\/p>\n<p>In Zusammenarbeit mit unseren Hosting-Providern bem\u00fchen wir uns, die Datenbanken so gut wie m\u00f6glich vor fremden Zugriffen, Verlusten, Missbrauch oder vor F\u00e4lschung zu sch\u00fctzen.<\/p>\n<p><\/p>\n<p>Wir weisen darauf hin, dass die Daten\u00fcbertragung im Internet (z.B. bei der Kommunikation per E-Mail) Sicherheitsl\u00fccken aufweisen kann. Ein l\u00fcckenloser Schutz der Daten vor dem Zugriff durch Dritte ist nicht m\u00f6glich.<\/p>\n<p><\/p>\n<p>Durch die Nutzung dieser Website erkl\u00e4ren Sie sich mit der Erhebung, Verarbeitung und Nutzung von Daten gem\u00e4ss der nachfolgenden Beschreibung einverstanden. Diese Website kann grunds\u00e4tzlich ohne Registrierung besucht werden. Dabei werden Daten wie beispielsweise aufgerufene Seiten bzw. Namen der abgerufenen Datei, Datum und Uhrzeit zu statistischen Zwecken auf dem Server gespeichert, ohne dass diese Daten unmittelbar auf Ihre Person bezogen werden. Personenbezogene Daten, insbesondere Name, Adresse oder E-Mail-Adresse werden soweit m\u00f6glich auf freiwilliger Basis erhoben. Ohne Ihre Einwilligung erfolgt keine Weitergabe der Daten an Dritte.<\/p>\n<p>\u00a0<\/p>\n<p>\u00a0<\/p>\n<p><\/p>\n<h2 class=\"wp-block-heading\" id=\"datenschutzerklarung-fur-ssl-tls-verschlusselung\">Datenschutzerkl\u00e4rung f\u00fcr SSL-\/TLS-Verschl\u00fcsselung<\/h2>\n<p><\/p>\n<p>Diese Website nutzt aus Gr\u00fcnden der Sicherheit und zum Schutz der \u00dcbertragung vertraulicher Inhalte, wie zum Beispiel der Anfragen, die Sie an uns als Seitenbetreiber senden, eine SSL-\/TLS-Verschl\u00fcsselung. Eine verschl\u00fcsselte Verbindung erkennen Sie daran, dass die Adresszeile des Browsers von &#8220;http:\/\/&#8221; auf &#8220;https:\/\/&#8221; wechselt und an dem Schloss-Symbol in Ihrer Browserzeile.<\/p>\n<p><\/p>\n<p>Wenn die SSL bzw. TLS Verschl\u00fcsselung aktiviert ist, k\u00f6nnen die Daten, die Sie an uns \u00fcbermitteln, nicht von Dritten mitgelesen werden.<\/p>\n<p>\u00a0<\/p>\n<p>\u00a0<\/p>\n<p><\/p>\n<h2 class=\"wp-block-heading\" id=\"datenschutzerklarung-fur-kontaktformular\">Datenschutzerkl\u00e4rung f\u00fcr Kontaktformular<\/h2>\n<p><\/p>\n<p>Wenn Sie uns per Kontaktformular Anfragen zukommen lassen, werden Ihre Angaben aus dem Anfrageformular inklusive der von Ihnen dort angegebenen Kontaktdaten zwecks Bearbeitung der Anfrage und f\u00fcr den Fall von Anschlussfragen bei uns gespeichert. Diese Daten geben wir nicht ohne Ihre Einwilligung weiter.<\/p>\n<p>\u00a0<\/p>\n<p>\u00a0<\/p>\n<p><\/p>\n<h2 class=\"wp-block-heading\" id=\"datenschutzerklarung-fur-google-analytics\">Datenschutzerkl\u00e4rung f\u00fcr Google Analytics<\/h2>\n<p><\/p>\n<p>Diese Website benutzt Google Analytics, einen Webanalysedienst der Google Ireland Limited. Wenn der Verantwortliche f\u00fcr die Datenverarbeitung auf dieser Website ausserhalb des Europ\u00e4ischen Wirtschaftsraumes oder der Schweiz sitzt, dann erfolgt die Google Analytics Datenverarbeitung durch Google LLC. Google LLC und Google Ireland Limited werden nachfolgend \u00abGoogle\u00bb genannt.<\/p>\n<p><\/p>\n<p>\u00dcber die gewonnenen Statistiken k\u00f6nnen wir unser Angebot verbessern und f\u00fcr Sie als Nutzer interessanter ausgestalten. Diese Website verwendet Google Analytics zudem f\u00fcr eine ger\u00e4te\u00fcbergreifende Analyse von Besucherstr\u00f6men, die \u00fcber eine User-ID durchgef\u00fchrt wird. Sofern Sie \u00fcber ein Google-Benutzerkonto verf\u00fcgen, k\u00f6nnen Sie in den dortigen Einstellungen unter \u00abMeine Daten\u00bb, \u00abpers\u00f6nliche Daten\u00bb die ger\u00e4te\u00fcbergreifende Analyse Ihrer Nutzung deaktivieren.<\/p>\n<p><\/p>\n<p>Rechtsgrundlage f\u00fcr die Nutzung von Google Analytics ist Art. 6 Abs. 1 S. 1 lit. f DS-GVO. Die im Rahmen von Google Analytics von Ihrem Browser \u00fcbermittelte IP-Adresse wird nicht mit anderen Daten von Google zusammengef\u00fchrt. Wir weisen Sie darauf hin, dass auf dieser Website Google Analytics um den Code \u00ab_anonymizeIp();\u00bb erweitert wurde, um eine anonymisierte Erfassung von IP-Adressen zu gew\u00e4hrleisten. Dadurch werden IP-Adressen gek\u00fcrzt weiterverarbeitet, eine Personenbeziehbarkeit kann damit ausgeschlossen werden. Soweit den \u00fcber Sie erhobenen Daten ein Personenbezug zukommt, wird dieser also sofort ausgeschlossen und die personenbezogenen Daten damit umgehend gel\u00f6scht.<\/p>\n<p><\/p>\n<p>Nur in Ausnahmef\u00e4llen wird die volle IP-Adresse an einen Server von Google in den USA \u00fcbertragen und dort gek\u00fcrzt. Im Auftrag des Betreibers dieser Website wird Google diese Informationen benutzen, um Ihre Nutzung der Website auszuwerten, um Reports \u00fcber die Websitenaktivit\u00e4ten zusammenzustellen und um weitere mit der Websitennutzung und der Internetnutzung verbundene Dienstleistungen gegen\u00fcber dem Websitenbetreiber zu erbringen.<\/p>\n<p><\/p>\n<p>Google Analytics verwendet Cookies. Die durch den Cookie erzeugten Informationen \u00fcber Ihre Benutzung dieser Website werden in der Regel an einen Server von Google in den USA \u00fcbertragen und dort gespeichert. Sie k\u00f6nnen die Speicherung der Cookies durch eine entsprechende Einstellung Ihrer Browser-Software verhindern; wir weisen Sie jedoch darauf hin, dass Sie in diesem Fall gegebenenfalls nicht s\u00e4mtliche Funktionen dieser Website vollumf\u00e4nglich werden nutzen k\u00f6nnen. Sie k\u00f6nnen dar\u00fcber hinaus die Erfassung der durch das Cookie erzeugten und auf Ihre Nutzung der Website bezogenen Daten (inkl. Ihrer IP-Adresse) an Google sowie die Verarbeitung dieser Daten durch Google verhindern, indem sie das unter dem folgenden Link verf\u00fcgbare Browser-Plugin herunterladen und installieren:\u00a0<a href=\"https:\/\/www.swissanwalt.ch\/de\/gaoptout.aspx\" target=\"_blank\" rel=\"noreferrer noopener\">Google Analytics deaktivieren<\/a>.<\/p>\n<p><\/p>\n<p>Ausserdem k\u00f6nnen Sie die Nutzung von Google Analytics auch verhindern, indem sie auf diesen Link klicken:\u00a0<a href=\"https:\/\/tools.google.com\/dlpage\/gaoptout?hl=de\" target=\"_blank\" rel=\"noreferrer noopener\">Google Analytics deaktivieren<\/a>. Hierdurch wird ein sog. opt-out Cookie auf ihrem Datentr\u00e4ger gespeichert, der die Verarbeitung personenbezogener Daten durch Google Analytics verhindert. Bitte beachten Sie, dass bei einem L\u00f6schen s\u00e4mtlicher Cookies auf Ihrem Endger\u00e4t auch diese Opt-out-Cookies gel\u00f6scht werden, d.h., dass Sie erneut die Opt-out-Cookies setzen m\u00fcssen, wenn Sie weiterhin diese Form der Datenerhebung verhindern wollen. Die Opt-out-Cookies sind pro Browser und Rechner\/Endger\u00e4t gesetzt und m\u00fcssen daher f\u00fcr jeden Browser, Rechner oder anderes Endger\u00e4t gesondert aktiviert werden.<\/p>\n<p>\u00a0<\/p>\n<p>\u00a0<\/p>\n<p><\/p>\n<h2 class=\"wp-block-heading\" id=\"urheberrechte\">Urheberrechte<\/h2>\n<p><\/p>\n<p>Die Urheber- und alle anderen Rechte an Inhalten, Bildern, Fotos oder anderen Dateien auf der Website, geh\u00f6ren ausschliesslich dem Betreiber dieser Website oder den speziell genannten Rechteinhabern. F\u00fcr die Reproduktion von s\u00e4mtlichen Dateien, ist die schriftliche Zustimmung des Urheberrechtstr\u00e4gers im Voraus einzuholen.<\/p>\n<p><\/p>\n<p>Wer ohne Einwilligung des jeweiligen Rechteinhabers eine Urheberrechtsverletzung begeht, kann sich strafbar und allenfalls schadenersatzpflichtig machen.<\/p>\n<p>\u00a0<\/p>\n<p>\u00a0<\/p>\n<p><\/p>\n<h2 class=\"wp-block-heading\" id=\"allgemeiner-haftungsausschluss\">Allgemeiner Haftungsausschluss<\/h2>\n<p><\/p>\n<p>Alle Angaben unseres Internetangebotes wurden sorgf\u00e4ltig gepr\u00fcft. Wir bem\u00fchen uns, unser Informationsangebot aktuell, inhaltlich richtig und vollst\u00e4ndig anzubieten. Trotzdem kann das Auftreten von Fehlern nicht v\u00f6llig ausgeschlossen werden, womit wir keine Garantie f\u00fcr Vollst\u00e4ndigkeit, Richtigkeit und Aktualit\u00e4t von Informationen auch journalistisch-redaktioneller Art \u00fcbernehmen k\u00f6nnen. Haftungsanspr\u00fcche aus Sch\u00e4den materieller oder ideeller Art, die durch die Nutzung der angebotenen Informationen verursacht wurden, sind ausgeschlossen, sofern kein nachweislich vors\u00e4tzliches oder grob fahrl\u00e4ssiges Verschulden vorliegt.<\/p>\n<p><\/p>\n<p>Der Herausgeber kann nach eigenem Ermessen und ohne Ank\u00fcndigung Texte ver\u00e4ndern oder l\u00f6schen und ist nicht verpflichtet, Inhalte dieser Website zu aktualisieren. Die Benutzung bzw. der Zugang zu dieser Website geschieht auf eigene Gefahr des Besuchers. Der Herausgeber, seine Auftraggeber oder Partner sind nicht verantwortlich f\u00fcr Sch\u00e4den, wie direkte, indirekte, zuf\u00e4llige, vorab konkret zu bestimmende oder Folgesch\u00e4den, die angeblich durch den Besuch dieser Website entstanden sind und \u00fcbernehmen hierf\u00fcr folglich keine Haftung.<\/p>\n<p><\/p>\n<p>Der Herausgeber \u00fcbernimmt ebenfalls keine Verantwortung und Haftung f\u00fcr die Inhalte und die Verf\u00fcgbarkeit von Website Dritter, die \u00fcber externe Links dieser Website erreichbar sind. F\u00fcr den Inhalt der verlinkten Seiten sind ausschliesslich deren Betreiber verantwortlich. Der Herausgeber distanziert sich damit ausdr\u00fccklich von allen Inhalten Dritter, die m\u00f6glicherweise straf- oder haftungsrechtlich relevant sind oder gegen die guten Sitten verstossen.<\/p>\n<p>\u00a0<\/p>\n<p>\u00a0<\/p>\n<p><\/p>\n<h2 class=\"wp-block-heading\" id=\"anderungen\">\u00c4nderungen<\/h2>\n<p><\/p>\n<p>Wir k\u00f6nnen diese Datenschutzerkl\u00e4rung jederzeit ohne Vorank\u00fcndigung anpassen. Es gilt die jeweils aktuelle, auf unserer Website publizierte Fassung. Soweit die Datenschutzerkl\u00e4rung Teil einer Vereinbarung mit Ihnen ist, werden wir Sie im Falle einer Aktualisierung \u00fcber die \u00c4nderung per E-Mail oder auf andere geeignete Weise informieren.<\/p>\n<p>\u00a0<\/p>\n<p>\u00a0<\/p>\n<p><\/p>\n<h2 class=\"wp-block-heading\" id=\"fragen-an-den-datenschutzbeauftragten\">Fragen an den Datenschutzbeauftragten<\/h2>\n<p><\/p>\n<p>Wenn Sie Fragen zum Datenschutz haben, schreiben Sie uns bitte eine E-Mail oder wenden Sie sich direkt an die f\u00fcr den Datenschutz zu Beginn der Datenschutzerkl\u00e4rung aufgef\u00fchrten, verantwortlichen Person in unserer Organisation.<br \/>Quelle:\u00a0<a href=\"https:\/\/www.swissanwalt.ch\/\" target=\"_blank\" rel=\"noreferrer noopener\">SwissAnwalt<\/a><\/p>\n<p>\u00a0<\/p>\n<p><\/p>\t\t\t\t\t\t\t\t<\/div>\n\t\t\t\t\t<\/div>\n\t\t<\/div>\n\t\t\t\t\t<\/div>\n\t\t<\/section>\n\t\t\t\t<\/div>\n\t\t","protected":false},"excerpt":{"rendered":"<p>Datenschutzerkl\u00e4rung \u00a0 Verantwortliche Stelle im Sinne der Datenschutzgesetze, insbesondere der EU-Datenschutzgrundverordnung (DSGVO), ist: \u00a0 Gabriela PavanelloSonnhaldenweg 754450 Sissach gabi.pavanello@gmx.chhttps:\/\/gabipavanello.ch \u00a0 \u00a0 Allgemeiner Hinweis Gest\u00fctzt auf Artikel 13 der schweizerischen Bundesverfassung und den datenschutzrechtlichen Bestimmungen des Bundes (Datenschutzgesetz, DSG) hat jede Person Anspruch auf Schutz ihrer Privatsph\u00e4re sowie auf Schutz vor Missbrauch ihrer pers\u00f6nlichen Daten. Die &#8230; <a title=\"Datenschutz\" class=\"read-more\" href=\"https:\/\/gabipavanello.ch\/wordpress\/datenschutz\/\" aria-label=\"Mehr Informationen \u00fcber Datenschutz\">Weiterlesen<\/a><\/p>\n","protected":false},"author":1,"featured_media":0,"parent":0,"menu_order":0,"comment_status":"closed","ping_status":"closed","template":"","meta":{"footnotes":""},"class_list":["post-904","page","type-page","status-publish"],"_links":{"self":[{"href":"https:\/\/gabipavanello.ch\/wordpress\/wp-json\/wp\/v2\/pages\/904","targetHints":{"allow":["GET"]}}],"collection":[{"href":"https:\/\/gabipavanello.ch\/wordpress\/wp-json\/wp\/v2\/pages"}],"about":[{"href":"https:\/\/gabipavanello.ch\/wordpress\/wp-json\/wp\/v2\/types\/page"}],"author":[{"embeddable":true,"href":"https:\/\/gabipavanello.ch\/wordpress\/wp-json\/wp\/v2\/users\/1"}],"replies":[{"embeddable":true,"href":"https:\/\/gabipavanello.ch\/wordpress\/wp-json\/wp\/v2\/comments?post=904"}],"version-history":[{"count":27,"href":"https:\/\/gabipavanello.ch\/wordpress\/wp-json\/wp\/v2\/pages\/904\/revisions"}],"predecessor-version":[{"id":3544,"href":"https:\/\/gabipavanello.ch\/wordpress\/wp-json\/wp\/v2\/pages\/904\/revisions\/3544"}],"wp:attachment":[{"href":"https:\/\/gabipavanello.ch\/wordpress\/wp-json\/wp\/v2\/media?parent=904"}],"curies":[{"name":"wp","href":"https:\/\/api.w.org\/{rel}","templated":true}]}}