{"id":912,"date":"2022-02-07T15:15:26","date_gmt":"2022-02-07T14:15:26","guid":{"rendered":"http:\/\/gabipavanello.ch.galvani.ch-meta.net\/wordpress\/?page_id=912"},"modified":"2025-12-03T15:01:52","modified_gmt":"2025-12-03T14:01:52","slug":"ueber-mich","status":"publish","type":"page","link":"https:\/\/gabipavanello.ch\/wordpress\/ueber-mich\/","title":{"rendered":"\u00dcber mich"},"content":{"rendered":"\t\t<div data-elementor-type=\"wp-page\" data-elementor-id=\"912\" class=\"elementor elementor-912\" data-elementor-post-type=\"page\">\n\t\t\t\t<div class=\"elementor-element elementor-element-2e4f34b e-flex e-con-boxed e-con e-parent\" data-id=\"2e4f34b\" data-element_type=\"container\" data-e-type=\"container\">\n\t\t\t\t\t<div class=\"e-con-inner\">\n\t\t\t\t<div class=\"elementor-element elementor-element-b010ecd elementor-widget elementor-widget-heading\" data-id=\"b010ecd\" data-element_type=\"widget\" data-e-type=\"widget\" data-widget_type=\"heading.default\">\n\t\t\t\t\t<h1 class=\"elementor-heading-title elementor-size-default\">\u00dcber Mich<\/h1>\t\t\t\t<\/div>\n\t\t\t\t\t<\/div>\n\t\t\t\t<\/div>\n\t\t<div class=\"elementor-element elementor-element-93468ff e-con-full e-flex e-con e-parent\" data-id=\"93468ff\" data-element_type=\"container\" data-e-type=\"container\" data-settings=\"{&quot;background_background&quot;:&quot;classic&quot;}\">\n\t\t<div class=\"elementor-element elementor-element-e1cb9e8 about-text e-flex e-con-boxed e-con e-child\" data-id=\"e1cb9e8\" data-element_type=\"container\" data-e-type=\"container\">\n\t\t\t\t\t<div class=\"e-con-inner\">\n\t\t\t\t<div class=\"elementor-element elementor-element-f595e77 about-text elementor-widget elementor-widget-text-editor\" data-id=\"f595e77\" data-element_type=\"widget\" data-e-type=\"widget\" data-widget_type=\"text-editor.default\">\n\t\t\t\t\t\t\t\t\t<h5>Vor einigen Jahren habe ich in der Photographie meine Leidenschaft gefunden \u2013 besonders in der stillen Begegnung mit der Natur, den Landschaften und dem Licht. Was mich antreibt, ist die Verbundenheit mit der Umgebung, die Freude an sch\u00f6nen Stimmungen und das Entdecken neuer, inspirierender Orte.<\/h5><h5>Als Hobbyphotographin widme ich mich vor allem Landschafts- und Naturbildern \u2013 gerne abseits bekannter Wege, an abgelegenen Orten oder nachts unter dem Sternenhimmel im Schimmer der Milchstrasse.<\/h5><h5>Im Dezember 2022 habe ich in Basel meine Ausbildung zur Photographin mit einem Certificate of Advanced Studies (CAS) in Kooperation mit der Z\u00fcrcher Hochschule der K\u00fcnste (ZHdK) erfolgreich abgeschlossen und mit dem Pr\u00e4dikat \u201eausgezeichnet\u201c bestanden. Zudem habe ich drei Semester an der Schule f\u00fcr Gestaltung Basel absolviert, wo ich die M\u00f6glichkeit des kontinuierlichen Lernens und des Austauschs mit anderen Kreativen sehr sch\u00e4tze.<\/h5><h5>Die Photographie ist f\u00fcr mich heute weit mehr als nur ein Hobby. Sie ist meine Leidenschaft \u2013 eine bewusste Wahrnehmung der Natur und der Umwelt. Mit meinen Bildern m\u00f6chte ich zeigen, was mich an unserer Natur fasziniert, wie ich sie erlebe und wie wertvoll sie f\u00fcr mich ist.<\/h5>\t\t\t\t\t\t\t\t<\/div>\n\t\t\t\t\t<\/div>\n\t\t\t\t<\/div>\n\t\t\t\t<\/div>\n\t\t\t\t<section class=\"elementor-section elementor-top-section elementor-element elementor-element-3a3a14a9 elementor-section-content-middle elementor-section-boxed elementor-section-height-default elementor-section-height-default\" data-id=\"3a3a14a9\" data-element_type=\"section\" data-e-type=\"section\" data-settings=\"{&quot;background_background&quot;:&quot;classic&quot;}\">\n\t\t\t\t\t\t<div class=\"elementor-container elementor-column-gap-no\">\n\t\t\t\t\t<div class=\"elementor-column elementor-col-100 elementor-top-column elementor-element elementor-element-7612db84\" data-id=\"7612db84\" data-element_type=\"column\" data-e-type=\"column\">\n\t\t\t<div class=\"elementor-widget-wrap elementor-element-populated\">\n\t\t\t\t\t\t<div class=\"elementor-element elementor-element-4247c8fc elementor-widget elementor-widget-heading\" data-id=\"4247c8fc\" data-element_type=\"widget\" data-e-type=\"widget\" data-widget_type=\"heading.default\">\n\t\t\t\t\t<h2 class=\"elementor-heading-title elementor-size-default\">Meine Mitgliedschaften<\/h2>\t\t\t\t<\/div>\n\t\t\t\t<section class=\"elementor-section elementor-inner-section elementor-element elementor-element-2361389e elementor-section-content-middle elementor-section-boxed elementor-section-height-default elementor-section-height-default\" data-id=\"2361389e\" data-element_type=\"section\" data-e-type=\"section\">\n\t\t\t\t\t\t<div class=\"elementor-container elementor-column-gap-no\">\n\t\t\t\t\t<div class=\"elementor-column elementor-col-50 elementor-inner-column elementor-element elementor-element-4927a60a\" data-id=\"4927a60a\" data-element_type=\"column\" data-e-type=\"column\">\n\t\t\t<div class=\"elementor-widget-wrap elementor-element-populated\">\n\t\t\t\t\t\t<div class=\"elementor-element elementor-element-cb0021a elementor-widget elementor-widget-text-editor\" data-id=\"cb0021a\" data-element_type=\"widget\" data-e-type=\"widget\" data-widget_type=\"text-editor.default\">\n\t\t\t\t\t\t\t\t\t<h5>Schweizerischer Verband f\u00fcr die Fotografie<\/h5>\t\t\t\t\t\t\t\t<\/div>\n\t\t\t\t\t<\/div>\n\t\t<\/div>\n\t\t\t\t<div class=\"elementor-column elementor-col-50 elementor-inner-column elementor-element elementor-element-2c1f892c\" data-id=\"2c1f892c\" data-element_type=\"column\" data-e-type=\"column\">\n\t\t\t<div class=\"elementor-widget-wrap elementor-element-populated\">\n\t\t\t\t\t\t<div class=\"elementor-element elementor-element-043073b elementor-widget elementor-widget-image\" data-id=\"043073b\" data-element_type=\"widget\" data-e-type=\"widget\" data-widget_type=\"image.default\">\n\t\t\t\t\t\t\t\t\t\t\t\t\t\t\t\t<a href=\"https:\/\/photosuisse.net\/\" target=\"_blank\" rel=\"noopener\">\n\t\t\t\t\t\t\t<img fetchpriority=\"high\" decoding=\"async\" width=\"1024\" height=\"258\" src=\"https:\/\/gabipavanello.ch\/wordpress\/wp-content\/uploads\/2022\/02\/photosuisse-Kopie-1024x258.jpg\" class=\"attachment-large size-large wp-image-3362\" alt=\"\" srcset=\"https:\/\/gabipavanello.ch\/wordpress\/wp-content\/uploads\/2022\/02\/photosuisse-Kopie-1024x258.jpg 1024w, https:\/\/gabipavanello.ch\/wordpress\/wp-content\/uploads\/2022\/02\/photosuisse-Kopie-300x76.jpg 300w, https:\/\/gabipavanello.ch\/wordpress\/wp-content\/uploads\/2022\/02\/photosuisse-Kopie-768x193.jpg 768w, https:\/\/gabipavanello.ch\/wordpress\/wp-content\/uploads\/2022\/02\/photosuisse-Kopie.jpg 1175w\" sizes=\"(max-width: 1024px) 100vw, 1024px\" \/>\t\t\t\t\t\t\t\t<\/a>\n\t\t\t\t\t\t\t\t\t\t\t\t\t\t\t<\/div>\n\t\t\t\t\t<\/div>\n\t\t<\/div>\n\t\t\t\t\t<\/div>\n\t\t<\/section>\n\t\t\t\t<section class=\"elementor-section elementor-inner-section elementor-element elementor-element-977a27f elementor-section-content-middle elementor-section-boxed elementor-section-height-default elementor-section-height-default\" data-id=\"977a27f\" data-element_type=\"section\" data-e-type=\"section\">\n\t\t\t\t\t\t<div class=\"elementor-container elementor-column-gap-no\">\n\t\t\t\t\t<div class=\"elementor-column elementor-col-50 elementor-inner-column elementor-element elementor-element-9cc018c\" data-id=\"9cc018c\" data-element_type=\"column\" data-e-type=\"column\">\n\t\t\t<div class=\"elementor-widget-wrap elementor-element-populated\">\n\t\t\t\t\t\t<div class=\"elementor-element elementor-element-cd26ab8 elementor-widget elementor-widget-text-editor\" data-id=\"cd26ab8\" data-element_type=\"widget\" data-e-type=\"widget\" data-widget_type=\"text-editor.default\">\n\t\t\t\t\t\t\t\t\t<h5>FIAP F\u00e9d\u00e9ration International de l&#8217;Art Photographique<\/h5>\t\t\t\t\t\t\t\t<\/div>\n\t\t\t\t\t<\/div>\n\t\t<\/div>\n\t\t\t\t<div class=\"elementor-column elementor-col-50 elementor-inner-column elementor-element elementor-element-d99ecf1\" data-id=\"d99ecf1\" data-element_type=\"column\" data-e-type=\"column\">\n\t\t\t<div class=\"elementor-widget-wrap elementor-element-populated\">\n\t\t\t\t\t\t<div class=\"elementor-element elementor-element-87dc8f2 elementor-widget elementor-widget-image\" data-id=\"87dc8f2\" data-element_type=\"widget\" data-e-type=\"widget\" data-widget_type=\"image.default\">\n\t\t\t\t\t\t\t\t\t\t\t\t\t\t\t\t<a href=\"http:\/\/www.fiap.net\" target=\"_blank\" rel=\"noopener\">\n\t\t\t\t\t\t\t<img decoding=\"async\" width=\"497\" height=\"104\" src=\"https:\/\/gabipavanello.ch\/wordpress\/wp-content\/uploads\/2022\/05\/Screenshot-2022-05-30-172918.jpg\" class=\"attachment-large size-large wp-image-4066\" alt=\"\" srcset=\"https:\/\/gabipavanello.ch\/wordpress\/wp-content\/uploads\/2022\/05\/Screenshot-2022-05-30-172918.jpg 497w, https:\/\/gabipavanello.ch\/wordpress\/wp-content\/uploads\/2022\/05\/Screenshot-2022-05-30-172918-300x63.jpg 300w\" sizes=\"(max-width: 497px) 100vw, 497px\" \/>\t\t\t\t\t\t\t\t<\/a>\n\t\t\t\t\t\t\t\t\t\t\t\t\t\t\t<\/div>\n\t\t\t\t\t<\/div>\n\t\t<\/div>\n\t\t\t\t\t<\/div>\n\t\t<\/section>\n\t\t\t\t\t<\/div>\n\t\t<\/div>\n\t\t\t\t\t<\/div>\n\t\t<\/section>\n\t\t\t\t<\/div>\n\t\t","protected":false},"excerpt":{"rendered":"<p>\u00dcber Mich Vor einigen Jahren habe ich in der Photographie meine Leidenschaft gefunden \u2013 besonders in der stillen Begegnung mit der Natur, den Landschaften und dem Licht. Was mich antreibt, ist die Verbundenheit mit der Umgebung, die Freude an sch\u00f6nen Stimmungen und das Entdecken neuer, inspirierender Orte. Als Hobbyphotographin widme ich mich vor allem Landschafts- &#8230; <a title=\"\u00dcber mich\" class=\"read-more\" href=\"https:\/\/gabipavanello.ch\/wordpress\/ueber-mich\/\" aria-label=\"Mehr Informationen \u00fcber \u00dcber mich\">Weiterlesen<\/a><\/p>\n","protected":false},"author":1,"featured_media":0,"parent":0,"menu_order":0,"comment_status":"closed","ping_status":"closed","template":"","meta":{"footnotes":""},"class_list":["post-912","page","type-page","status-publish"],"_links":{"self":[{"href":"https:\/\/gabipavanello.ch\/wordpress\/wp-json\/wp\/v2\/pages\/912","targetHints":{"allow":["GET"]}}],"collection":[{"href":"https:\/\/gabipavanello.ch\/wordpress\/wp-json\/wp\/v2\/pages"}],"about":[{"href":"https:\/\/gabipavanello.ch\/wordpress\/wp-json\/wp\/v2\/types\/page"}],"author":[{"embeddable":true,"href":"https:\/\/gabipavanello.ch\/wordpress\/wp-json\/wp\/v2\/users\/1"}],"replies":[{"embeddable":true,"href":"https:\/\/gabipavanello.ch\/wordpress\/wp-json\/wp\/v2\/comments?post=912"}],"version-history":[{"count":186,"href":"https:\/\/gabipavanello.ch\/wordpress\/wp-json\/wp\/v2\/pages\/912\/revisions"}],"predecessor-version":[{"id":7311,"href":"https:\/\/gabipavanello.ch\/wordpress\/wp-json\/wp\/v2\/pages\/912\/revisions\/7311"}],"wp:attachment":[{"href":"https:\/\/gabipavanello.ch\/wordpress\/wp-json\/wp\/v2\/media?parent=912"}],"curies":[{"name":"wp","href":"https:\/\/api.w.org\/{rel}","templated":true}]}}