{"id":914,"date":"2022-02-07T15:15:36","date_gmt":"2022-02-07T14:15:36","guid":{"rendered":"http:\/\/gabipavanello.ch.galvani.ch-meta.net\/wordpress\/?page_id=914"},"modified":"2025-12-18T14:12:47","modified_gmt":"2025-12-18T13:12:47","slug":"bildershop","status":"publish","type":"page","link":"https:\/\/gabipavanello.ch\/wordpress\/portfolio\/bildershop\/","title":{"rendered":"Bildershop"},"content":{"rendered":"\t\t<div data-elementor-type=\"wp-page\" data-elementor-id=\"914\" class=\"elementor elementor-914\" data-elementor-post-type=\"page\">\n\t\t\t\t\t\t<section class=\"elementor-section elementor-top-section elementor-element elementor-element-3da32fc elementor-section-full_width elementor-section-height-default elementor-section-height-default\" data-id=\"3da32fc\" data-element_type=\"section\" data-e-type=\"section\">\n\t\t\t\t\t\t<div class=\"elementor-container elementor-column-gap-default\">\n\t\t\t\t\t<div class=\"elementor-column elementor-col-100 elementor-top-column elementor-element elementor-element-2a0cdd5\" data-id=\"2a0cdd5\" data-element_type=\"column\" data-e-type=\"column\">\n\t\t\t<div class=\"elementor-widget-wrap elementor-element-populated\">\n\t\t\t\t\t\t<div class=\"elementor-element elementor-element-2691f17 elementor-widget elementor-widget-heading\" data-id=\"2691f17\" data-element_type=\"widget\" data-e-type=\"widget\" data-widget_type=\"heading.default\">\n\t\t\t\t\t<h1 class=\"elementor-heading-title elementor-size-default\">Bildershop<\/h1>\t\t\t\t<\/div>\n\t\t\t\t\t<\/div>\n\t\t<\/div>\n\t\t\t\t\t<\/div>\n\t\t<\/section>\n\t\t\t\t<section class=\"elementor-section elementor-top-section elementor-element elementor-element-f26feaf elementor-section-full_width elementor-section-height-default elementor-section-height-default\" data-id=\"f26feaf\" data-element_type=\"section\" data-e-type=\"section\">\n\t\t\t\t\t\t<div class=\"elementor-container elementor-column-gap-default\">\n\t\t\t\t\t<div class=\"elementor-column elementor-col-100 elementor-top-column elementor-element elementor-element-cd7f73f\" data-id=\"cd7f73f\" data-element_type=\"column\" data-e-type=\"column\">\n\t\t\t<div class=\"elementor-widget-wrap elementor-element-populated\">\n\t\t\t\t\t\t<div class=\"elementor-element elementor-element-992630c elementor-widget-divider--view-line elementor-widget elementor-widget-divider\" data-id=\"992630c\" data-element_type=\"widget\" data-e-type=\"widget\" data-widget_type=\"divider.default\">\n\t\t\t\t\t\t\t<div class=\"elementor-divider\">\n\t\t\t<span class=\"elementor-divider-separator\">\n\t\t\t\t\t\t<\/span>\n\t\t<\/div>\n\t\t\t\t\t\t<\/div>\n\t\t\t\t\t<\/div>\n\t\t<\/div>\n\t\t\t\t\t<\/div>\n\t\t<\/section>\n\t\t<div class=\"elementor-element elementor-element-4ac0c54 e-flex e-con-boxed e-con e-parent\" data-id=\"4ac0c54\" data-element_type=\"container\" data-e-type=\"container\">\n\t\t\t\t\t<div class=\"e-con-inner\">\n\t\t<div class=\"elementor-element elementor-element-ddff264 e-con-full e-flex e-con e-child\" data-id=\"ddff264\" data-element_type=\"container\" data-e-type=\"container\">\n\t\t\t\t<div class=\"elementor-element elementor-element-673d09e elementor-widget elementor-widget-text-editor\" data-id=\"673d09e\" data-element_type=\"widget\" data-e-type=\"widget\" data-widget_type=\"text-editor.default\">\n\t\t\t\t\t\t\t\t\t<p data-start=\"429\" data-end=\"688\">Alle Photographien aus meinen Galerien sind als hochwertige Drucke erh\u00e4ltlich \u2013 f\u00fcr private Wohnr\u00e4ume ebenso wie f\u00fcr Praxis-, B\u00fcro- oder Hotelumgebungen.<br \/><br data-start=\"582\" data-end=\"585\" \/>Zudem k\u00f6nnen sie f\u00fcr Karten, Kalender oder in digitaler Form f\u00fcr Web und Werbung lizenziert werden.<\/p><p data-start=\"695\" data-end=\"768\">Gerne realisiere ich nach Absprache auch individuelle Auftragsarbeiten.<br \/><br \/><\/p><p data-start=\"775\" data-end=\"870\">Meine Photographien werden in h\u00f6chster Galeriequalit\u00e4t auf verschiedenen Materialien angeboten:<br \/><br \/><\/p><p data-start=\"877\" data-end=\"1053\">\u2013 Fine Art Print, auf Alu-Dibond aufgezogen<br data-start=\"920\" data-end=\"923\" \/>\u2013 Echter Photoabzug hinter Acrylglas<br data-start=\"961\" data-end=\"964\" \/>\u2013 Direktdruck auf Alu-Dibond<br data-start=\"994\" data-end=\"997\" \/>\u2013 Direktdruck auf Forex und andere Kunststoffplatten<br \/><br \/><\/p><p data-start=\"1060\" data-end=\"1115\">Die Preise richten sich nach Gr\u00f6sse und Materialwahl.<br \/><br \/><\/p><p data-start=\"1122\" data-end=\"1268\">Bei Fragen oder Interesse an einem Werk freue ich mich \u00fcber deine Anfrage f\u00fcr eine unverbindliche Offerte &#8211; gerne per <a href=\"https:\/\/gabipavanello.ch\/wordpress\/kontakt\/\" target=\"_blank\" rel=\"noopener\">Kontaktformular<\/a>\u00a0oder <a href=\"mailto:gabi.pavanello@gmx.ch\">E-Mail<\/a> anfordern.<\/p><p class=\"font_8\">\u00a0<\/p>\t\t\t\t\t\t\t\t<\/div>\n\t\t\t\t<\/div>\n\t\t\t\t\t<\/div>\n\t\t\t\t<\/div>\n\t\t<div class=\"elementor-element elementor-element-6d3ecf2 e-flex e-con-boxed e-con e-parent\" data-id=\"6d3ecf2\" data-element_type=\"container\" data-e-type=\"container\">\n\t\t\t\t\t<div class=\"e-con-inner\">\n\t\t\t\t<div class=\"elementor-element elementor-element-ae5ea35 elementor-widget elementor-widget-heading\" data-id=\"ae5ea35\" data-element_type=\"widget\" data-e-type=\"widget\" data-widget_type=\"heading.default\">\n\t\t\t\t\t<h2 class=\"elementor-heading-title elementor-size-default\">Fine-Art-Prints \u2013 Wirkung im Raum<\/h2>\t\t\t\t<\/div>\n\t\t\t\t<div class=\"elementor-element elementor-element-3a74aaa elementor-widget elementor-widget-gallery\" data-id=\"3a74aaa\" data-element_type=\"widget\" data-e-type=\"widget\" data-settings=\"{&quot;gap&quot;:{&quot;unit&quot;:&quot;px&quot;,&quot;size&quot;:25,&quot;sizes&quot;:[]},&quot;lazyload&quot;:&quot;yes&quot;,&quot;gallery_layout&quot;:&quot;grid&quot;,&quot;columns&quot;:4,&quot;columns_tablet&quot;:2,&quot;columns_mobile&quot;:1,&quot;gap_tablet&quot;:{&quot;unit&quot;:&quot;px&quot;,&quot;size&quot;:10,&quot;sizes&quot;:[]},&quot;gap_mobile&quot;:{&quot;unit&quot;:&quot;px&quot;,&quot;size&quot;:10,&quot;sizes&quot;:[]},&quot;link_to&quot;:&quot;file&quot;,&quot;aspect_ratio&quot;:&quot;3:2&quot;,&quot;show_all_galleries&quot;:&quot;yes&quot;,&quot;overlay_background&quot;:&quot;yes&quot;,&quot;content_hover_animation&quot;:&quot;fade-in&quot;}\" data-widget_type=\"gallery.default\">\n\t\t\t\t\t\t\t\t<div class=\"elementor-gallery__titles-container e--pointer-underline e--animation-fade\" aria-label=\"Galeriefilter\">\n\t\t\t\t\t\t\t\t\t<a class=\"elementor-item elementor-gallery-title\" role=\"button\" tabindex=\"0\" data-gallery-index=\"all\">\n\t\t\t\t\t\t\t\t\t\t\t<\/a>\n\t\t\t\t\n\t\t\t\t\t\t\t\t\t<a class=\"elementor-item elementor-gallery-title\" role=\"button\" tabindex=\"0\" data-gallery-index=\"0\">\n\t\t\t\t\t\t\t\t\t\t\t<\/a>\n\t\t\t\t\t\t\t\t<\/div>\n\t\t\t\t\t<div class=\"elementor-gallery__container\">\n\t\t\t\t\t\t\t<a class=\"e-gallery-item elementor-gallery-item elementor-animated-content\" data-e-gallery-tags=\"0\" href=\"https:\/\/gabipavanello.ch\/wordpress\/wp-content\/uploads\/2025\/12\/chatgpt-image-18--dez--2025-13-38-46.png\" data-elementor-open-lightbox=\"yes\" data-elementor-lightbox-slideshow=\"3a74aaa\" data-e-action-hash=\"#elementor-action%3Aaction%3Dlightbox%26settings%3DeyJpZCI6NzQwNSwidXJsIjoiaHR0cHM6XC9cL2dhYmlwYXZhbmVsbG8uY2hcL3dvcmRwcmVzc1wvd3AtY29udGVudFwvdXBsb2Fkc1wvMjAyNVwvMTJcL2NoYXRncHQtaW1hZ2UtMTgtLWRlei0tMjAyNS0xMy0zOC00Ni5wbmciLCJzbGlkZXNob3ciOiIzYTc0YWFhIn0%3D\">\n\t\t\t\t\t<div class=\"e-gallery-image elementor-gallery-item__image\" data-thumbnail=\"https:\/\/gabipavanello.ch\/wordpress\/wp-content\/uploads\/2025\/12\/chatgpt-image-18--dez--2025-13-38-46.png\" data-width=\"1536\" data-height=\"1024\" aria-label=\"\" role=\"img\" ><\/div>\n\t\t\t\t\t\t\t\t\t\t\t<div class=\"elementor-gallery-item__overlay\"><\/div>\n\t\t\t\t\t\t\t\t\t\t\t\t\t\t<\/a>\n\t\t\t\t\t\t\t<a class=\"e-gallery-item elementor-gallery-item elementor-animated-content\" data-e-gallery-tags=\"0\" href=\"https:\/\/gabipavanello.ch\/wordpress\/wp-content\/uploads\/2025\/12\/chatgpt-image-18--dez--2025-13-32-44.png\" data-elementor-open-lightbox=\"yes\" data-elementor-lightbox-slideshow=\"3a74aaa\" data-e-action-hash=\"#elementor-action%3Aaction%3Dlightbox%26settings%3DeyJpZCI6NzQwMywidXJsIjoiaHR0cHM6XC9cL2dhYmlwYXZhbmVsbG8uY2hcL3dvcmRwcmVzc1wvd3AtY29udGVudFwvdXBsb2Fkc1wvMjAyNVwvMTJcL2NoYXRncHQtaW1hZ2UtMTgtLWRlei0tMjAyNS0xMy0zMi00NC5wbmciLCJzbGlkZXNob3ciOiIzYTc0YWFhIn0%3D\">\n\t\t\t\t\t<div class=\"e-gallery-image elementor-gallery-item__image\" data-thumbnail=\"https:\/\/gabipavanello.ch\/wordpress\/wp-content\/uploads\/2025\/12\/chatgpt-image-18--dez--2025-13-32-44.png\" data-width=\"1536\" data-height=\"1024\" aria-label=\"\" role=\"img\" ><\/div>\n\t\t\t\t\t\t\t\t\t\t\t<div class=\"elementor-gallery-item__overlay\"><\/div>\n\t\t\t\t\t\t\t\t\t\t\t\t\t\t<\/a>\n\t\t\t\t\t\t\t<a class=\"e-gallery-item elementor-gallery-item elementor-animated-content\" data-e-gallery-tags=\"0\" href=\"https:\/\/gabipavanello.ch\/wordpress\/wp-content\/uploads\/2025\/12\/chatgpt-image-18--dez--2025-13-26-43.png\" data-elementor-open-lightbox=\"yes\" data-elementor-lightbox-slideshow=\"3a74aaa\" data-e-action-hash=\"#elementor-action%3Aaction%3Dlightbox%26settings%3DeyJpZCI6NzQwMiwidXJsIjoiaHR0cHM6XC9cL2dhYmlwYXZhbmVsbG8uY2hcL3dvcmRwcmVzc1wvd3AtY29udGVudFwvdXBsb2Fkc1wvMjAyNVwvMTJcL2NoYXRncHQtaW1hZ2UtMTgtLWRlei0tMjAyNS0xMy0yNi00My5wbmciLCJzbGlkZXNob3ciOiIzYTc0YWFhIn0%3D\">\n\t\t\t\t\t<div class=\"e-gallery-image elementor-gallery-item__image\" data-thumbnail=\"https:\/\/gabipavanello.ch\/wordpress\/wp-content\/uploads\/2025\/12\/chatgpt-image-18--dez--2025-13-26-43.png\" data-width=\"1536\" data-height=\"1024\" aria-label=\"\" role=\"img\" ><\/div>\n\t\t\t\t\t\t\t\t\t\t\t<div class=\"elementor-gallery-item__overlay\"><\/div>\n\t\t\t\t\t\t\t\t\t\t\t\t\t\t<\/a>\n\t\t\t\t\t\t\t<a class=\"e-gallery-item elementor-gallery-item elementor-animated-content\" data-e-gallery-tags=\"0\" href=\"https:\/\/gabipavanello.ch\/wordpress\/wp-content\/uploads\/2025\/12\/chatgpt-image-18--dez--2025-13-18-54.png\" data-elementor-open-lightbox=\"yes\" data-elementor-lightbox-slideshow=\"3a74aaa\" data-e-action-hash=\"#elementor-action%3Aaction%3Dlightbox%26settings%3DeyJpZCI6NzQwMSwidXJsIjoiaHR0cHM6XC9cL2dhYmlwYXZhbmVsbG8uY2hcL3dvcmRwcmVzc1wvd3AtY29udGVudFwvdXBsb2Fkc1wvMjAyNVwvMTJcL2NoYXRncHQtaW1hZ2UtMTgtLWRlei0tMjAyNS0xMy0xOC01NC5wbmciLCJzbGlkZXNob3ciOiIzYTc0YWFhIn0%3D\">\n\t\t\t\t\t<div class=\"e-gallery-image elementor-gallery-item__image\" data-thumbnail=\"https:\/\/gabipavanello.ch\/wordpress\/wp-content\/uploads\/2025\/12\/chatgpt-image-18--dez--2025-13-18-54.png\" data-width=\"1536\" data-height=\"1024\" aria-label=\"\" role=\"img\" ><\/div>\n\t\t\t\t\t\t\t\t\t\t\t<div class=\"elementor-gallery-item__overlay\"><\/div>\n\t\t\t\t\t\t\t\t\t\t\t\t\t\t<\/a>\n\t\t\t\t\t<\/div>\n\t\t\t\t\t<\/div>\n\t\t\t\t<div class=\"elementor-element elementor-element-89f26ed elementor-widget elementor-widget-text-editor\" data-id=\"89f26ed\" data-element_type=\"widget\" data-e-type=\"widget\" data-widget_type=\"text-editor.default\">\n\t\t\t\t\t\t\t\t\t<h5 style=\"text-align: center;\">Beispielhafte Darstellung. Alle Werke werden im originalen Seitenverh\u00e4ltnis gezeigt. <br \/>Gr\u00f6\u00dfenverh\u00e4ltnisse dienen der Orientierung.<\/h5>\t\t\t\t\t\t\t\t<\/div>\n\t\t\t\t\t<\/div>\n\t\t\t\t<\/div>\n\t\t\t\t<\/div>\n\t\t","protected":false},"excerpt":{"rendered":"<p>Bildershop Alle Photographien aus meinen Galerien sind als hochwertige Drucke erh\u00e4ltlich \u2013 f\u00fcr private Wohnr\u00e4ume ebenso wie f\u00fcr Praxis-, B\u00fcro- oder Hotelumgebungen.Zudem k\u00f6nnen sie f\u00fcr Karten, Kalender oder in digitaler Form f\u00fcr Web und Werbung lizenziert werden. Gerne realisiere ich nach Absprache auch individuelle Auftragsarbeiten. Meine Photographien werden in h\u00f6chster Galeriequalit\u00e4t auf verschiedenen Materialien angeboten: &#8230; <a title=\"Bildershop\" class=\"read-more\" href=\"https:\/\/gabipavanello.ch\/wordpress\/portfolio\/bildershop\/\" aria-label=\"Mehr Informationen \u00fcber Bildershop\">Weiterlesen<\/a><\/p>\n","protected":false},"author":1,"featured_media":0,"parent":898,"menu_order":0,"comment_status":"closed","ping_status":"closed","template":"","meta":{"footnotes":""},"class_list":["post-914","page","type-page","status-publish"],"_links":{"self":[{"href":"https:\/\/gabipavanello.ch\/wordpress\/wp-json\/wp\/v2\/pages\/914","targetHints":{"allow":["GET"]}}],"collection":[{"href":"https:\/\/gabipavanello.ch\/wordpress\/wp-json\/wp\/v2\/pages"}],"about":[{"href":"https:\/\/gabipavanello.ch\/wordpress\/wp-json\/wp\/v2\/types\/page"}],"author":[{"embeddable":true,"href":"https:\/\/gabipavanello.ch\/wordpress\/wp-json\/wp\/v2\/users\/1"}],"replies":[{"embeddable":true,"href":"https:\/\/gabipavanello.ch\/wordpress\/wp-json\/wp\/v2\/comments?post=914"}],"version-history":[{"count":67,"href":"https:\/\/gabipavanello.ch\/wordpress\/wp-json\/wp\/v2\/pages\/914\/revisions"}],"predecessor-version":[{"id":7409,"href":"https:\/\/gabipavanello.ch\/wordpress\/wp-json\/wp\/v2\/pages\/914\/revisions\/7409"}],"up":[{"embeddable":true,"href":"https:\/\/gabipavanello.ch\/wordpress\/wp-json\/wp\/v2\/pages\/898"}],"wp:attachment":[{"href":"https:\/\/gabipavanello.ch\/wordpress\/wp-json\/wp\/v2\/media?parent=914"}],"curies":[{"name":"wp","href":"https:\/\/api.w.org\/{rel}","templated":true}]}}